{"id":30688,"date":"2017-11-29T16:53:20","date_gmt":"2017-11-29T15:53:20","guid":{"rendered":"https:\/\/rightstuff.eu\/?post_type=product&#038;p=30688"},"modified":"2025-01-22T01:32:30","modified_gmt":"2025-01-22T00:32:30","slug":"rotary-tattoo-machine-reverse","status":"publish","type":"product","link":"https:\/\/rightstuff.eu\/de\/produkt\/rotary-tattoo-machine-reverse\/","title":{"rendered":"Rotations-T\u00e4towiermaschine - RE:verse BLACK"},"content":{"rendered":"<p>Das Ger\u00e4t verf\u00fcgt \u00fcber einen integrierten Kabelclip und einen RCA-Anschluss, sodass Sie einfach jeden beliebigen Anschluss verwenden k\u00f6nnen. RightStuff Tattoo Machines pr\u00e4sentiert eine neue Reihe von Tattoomaschinen. Diese Maschine verf\u00fcgt \u00fcber ein modernes Design, eine hohe Festigkeit und ist f\u00fcr alle Arten von T\u00e4towierungen geeignet.<\/p>\n<p>Die Maschine wird von einem leistungsstarken, hochwertigen Gleichstrommotor angetrieben.<br \/>\nDas moderne Design der Maschine erm\u00f6glicht die Verwendung eines 3-poligen Motors, der eine gleichm\u00e4\u00dfigere und leisere Leistung bietet.<\/p>\n<p>Die Maschine ist mit jedem Standardnetzteil kompatibel, das dem Benutzer hilft, die Spannung an die verwendete Nadel anzupassen.<\/p>\n<p>Die Maschine ist mit einem Aluminiumgeh\u00e4use ausgestattet, das Leichtigkeit und Langlebigkeit garantiert.<br \/>\nEs wird mit Ersatzfedern und einem Satz Ersatz-O-Ringe geliefert.<br \/>\nDas Ger\u00e4t verf\u00fcgt \u00fcber einen integrierten Kabelclip und einen RCA-Anschluss, sodass Sie einfach jeden beliebigen Anschluss verwenden k\u00f6nnen.<\/p>","protected":false},"excerpt":{"rendered":"<p>Direktantrieb rotierende Tattoomaschine<\/p>\n<p>4mm Hub<br \/>\n8000 UMDREHUNGEN PRO MINUTE<br \/>\nBevorzugte Spannung 7-9 Volt, funktioniert bis zu 12 Volt<\/p>\n<p>Empfohlene Nadeln: Bis zu 14 Liner, bis zu 49 Mag<\/p>\n<p>Clip Cord + RCA Anschluss<br \/>\nAluminium K\u00f6rper<br \/>\nGewicht 130 gr.<\/p>","protected":false},"featured_media":50262,"comment_status":"open","ping_status":"closed","template":"","meta":{"site-sidebar-layout":"default","site-content-layout":"","ast-site-content-layout":"default","site-content-style":"default","site-sidebar-style":"default","ast-global-header-display":"","ast-banner-title-visibility":"","ast-main-header-display":"","ast-hfb-above-header-display":"","ast-hfb-below-header-display":"","ast-hfb-mobile-header-display":"","site-post-title":"","ast-breadcrumbs-content":"","ast-featured-img":"","footer-sml-layout":"","ast-disable-related-posts":"","theme-transparent-header-meta":"default","adv-header-id-meta":"","stick-header-meta":"default","header-above-stick-meta":"","header-main-stick-meta":"","header-below-stick-meta":"","astra-migrate-meta-layouts":"set","ast-page-background-enabled":"default","ast-page-background-meta":{"desktop":{"background-color":"var(--ast-global-color-4)","background-image":"","background-repeat":"repeat","background-position":"center center","background-size":"auto","background-attachment":"scroll","background-type":"","background-media":"","overlay-type":"","overlay-color":"","overlay-opacity":"","overlay-gradient":""},"tablet":{"background-color":"","background-image":"","background-repeat":"repeat","background-position":"center center","background-size":"auto","background-attachment":"scroll","background-type":"","background-media":"","overlay-type":"","overlay-color":"","overlay-opacity":"","overlay-gradient":""},"mobile":{"background-color":"","background-image":"","background-repeat":"repeat","background-position":"center center","background-size":"auto","background-attachment":"scroll","background-type":"","background-media":"","overlay-type":"","overlay-color":"","overlay-opacity":"","overlay-gradient":""}},"ast-content-background-meta":{"desktop":{"background-color":"var(--ast-global-color-5)","background-image":"","background-repeat":"repeat","background-position":"center center","background-size":"auto","background-attachment":"scroll","background-type":"","background-media":"","overlay-type":"","overlay-color":"","overlay-opacity":"","overlay-gradient":""},"tablet":{"background-color":"var(--ast-global-color-5)","background-image":"","background-repeat":"repeat","background-position":"center center","background-size":"auto","background-attachment":"scroll","background-type":"","background-media":"","overlay-type":"","overlay-color":"","overlay-opacity":"","overlay-gradient":""},"mobile":{"background-color":"var(--ast-global-color-5)","background-image":"","background-repeat":"repeat","background-position":"center center","background-size":"auto","background-attachment":"scroll","background-type":"","background-media":"","overlay-type":"","overlay-color":"","overlay-opacity":"","overlay-gradient":""}}},"product_brand":[],"product_cat":[1994],"product_tag":[101,93,83,100,99,1798,87,98,48,1806,97,1792,91,95,23],"class_list":{"0":"post-30688","1":"product","2":"type-product","3":"status-publish","4":"has-post-thumbnail","6":"product_cat-reverse","7":"product_tag-custom-rotary-machines","8":"product_tag-custom-tattoo-guns","9":"product_tag-custom-tattoo-machines","10":"product_tag-handmade-rotary-tattoo-machines","11":"product_tag-handmade-tattoo-machines","12":"product_tag-maquinas-rotativas-de-tatuaje","13":"product_tag-professional-tattoo-machines","14":"product_tag-rotary-tattoo-guns","15":"product_tag-rotary-tattoo-machine","16":"product_tag-rotary-tattoo-machines","17":"product_tag-rotary-tattoo-pen","18":"product_tag-rotary-tattoomaschinen","19":"product_tag-tattoo-equipment","20":"product_tag-tattoo-guns","21":"product_tag-tattoo-machine","22":"pa_brand-rightstuff","23":"desktop-align-center","24":"tablet-align-left","25":"mobile-align-left","26":"ast-product-gallery-layout-horizontal-slider","27":"ast-product-tabs-layout-horizontal","29":"first","30":"instock","31":"taxable","32":"shipping-taxable","33":"purchasable","34":"product-type-simple"},"_links":{"self":[{"href":"https:\/\/rightstuff.eu\/de\/wp-json\/wp\/v2\/product\/30688","targetHints":{"allow":["GET"]}}],"collection":[{"href":"https:\/\/rightstuff.eu\/de\/wp-json\/wp\/v2\/product"}],"about":[{"href":"https:\/\/rightstuff.eu\/de\/wp-json\/wp\/v2\/types\/product"}],"replies":[{"embeddable":true,"href":"https:\/\/rightstuff.eu\/de\/wp-json\/wp\/v2\/comments?post=30688"}],"version-history":[{"count":0,"href":"https:\/\/rightstuff.eu\/de\/wp-json\/wp\/v2\/product\/30688\/revisions"}],"wp:featuredmedia":[{"embeddable":true,"href":"https:\/\/rightstuff.eu\/de\/wp-json\/wp\/v2\/media\/50262"}],"wp:attachment":[{"href":"https:\/\/rightstuff.eu\/de\/wp-json\/wp\/v2\/media?parent=30688"}],"wp:term":[{"taxonomy":"product_brand","embeddable":true,"href":"https:\/\/rightstuff.eu\/de\/wp-json\/wp\/v2\/product_brand?post=30688"},{"taxonomy":"product_cat","embeddable":true,"href":"https:\/\/rightstuff.eu\/de\/wp-json\/wp\/v2\/product_cat?post=30688"},{"taxonomy":"product_tag","embeddable":true,"href":"https:\/\/rightstuff.eu\/de\/wp-json\/wp\/v2\/product_tag?post=30688"}],"curies":[{"name":"wp","href":"https:\/\/api.w.org\/{rel}","templated":true}]}}