{"id":29836,"date":"2017-04-18T13:39:04","date_gmt":"2017-04-18T13:39:04","guid":{"rendered":"https:\/\/rightstuff.eu\/?post_type=product&#038;p=29836"},"modified":"2025-01-22T01:37:08","modified_gmt":"2025-01-22T00:37:08","slug":"lucky-trueliner-rs-vb-collab-8","status":"publish","type":"product","link":"https:\/\/rightstuff.eu\/de\/produkt\/lucky-trueliner-rs-vb-collab-8\/","title":{"rendered":"LUCKY TrueLiner RS-VB Collab 8 T\u00e4towiermaschine"},"content":{"rendered":"<p>Vor Jahren war das T\u00e4towieren noch eine reine M\u00e4nnersache. Heutzutage, wo Frauen oft ihr eigenes Gesch\u00e4ft er\u00f6ffnen und sogar die gr\u00f6\u00dften Erfolge erzielen, w\u00e4hlen einige Frauen den Beruf des T\u00e4towiermeisters. Keine stilvolle Frau, die ein Tattoo-Studio besitzt oder als Einzelperson arbeitet und auff\u00e4llige Hautbilder kreiert, wird diese niedliche rosa LUCKY TrueLiner RS-VB Collab 8 Tattoo-Maschine mit \"Hello Kitty\"-Motiv ablehnen. Doch trotz des frivolen Designs ist dies ein echtes Werkzeug f\u00fcr einen Tattoo-Profi. Mit 8 bis 18 Nadeln kann sie selbst auf problematischen Hautpartien mit Cellulite klare Linien und Bilder erzeugen. Frauen, die zu Kundinnen eines Tattoo-Salons werden, genie\u00dfen es, Hautbilder zu bekommen, wenn ein Meister mit diesem niedlichen Werkzeug arbeitet.<\/p>\n<p>Dieser Langhub-Schnelll\u00e4ufer arbeitet mit einer Frequenz von 130 Hz und einer \"klassischen\" Spannung von 6,6 V. Das Ger\u00e4t wiegt 200 Gramm und verwendet original 26 mm Spulen mit 9 Windungen. Der mit einer chemisch resistenten Polyester-Pulverbeschichtung versehene Rahmen ist gegen Korrosion gesch\u00fctzt.<\/p>","protected":false},"excerpt":{"rendered":"<p>Design by VladBlad all hardware and tunings RightStuff<br \/>\nLimited series of 10 machines, each machine one of a kind<br \/>\nTattoo Maschine Power Liner<br \/>\nThe frame is machined from a single piece of\u00a0Steel<br \/>\nHochwertige Coils - 26 mm * 9 Wicklungen<br \/>\nPreffered needles 9-18rl<br \/>\nLanger Hub<br \/>\nRuns 130hz at 6,6 volt -unloaded<\/p>\n<p>Die Tattoo-Maschine wiegt 200 g.<\/p>","protected":false},"featured_media":0,"comment_status":"open","ping_status":"closed","template":"","meta":{"site-sidebar-layout":"","site-content-layout":"","ast-site-content-layout":"default","site-content-style":"default","site-sidebar-style":"default","ast-global-header-display":"","ast-banner-title-visibility":"","ast-main-header-display":"","ast-hfb-above-header-display":"","ast-hfb-below-header-display":"","ast-hfb-mobile-header-display":"","site-post-title":"","ast-breadcrumbs-content":"","ast-featured-img":"","footer-sml-layout":"","ast-disable-related-posts":"","theme-transparent-header-meta":"","adv-header-id-meta":"","stick-header-meta":"","header-above-stick-meta":"","header-main-stick-meta":"","header-below-stick-meta":"","astra-migrate-meta-layouts":"default","ast-page-background-enabled":"default","ast-page-background-meta":{"desktop":{"background-color":"var(--ast-global-color-4)","background-image":"","background-repeat":"repeat","background-position":"center center","background-size":"auto","background-attachment":"scroll","background-type":"","background-media":"","overlay-type":"","overlay-color":"","overlay-opacity":"","overlay-gradient":""},"tablet":{"background-color":"","background-image":"","background-repeat":"repeat","background-position":"center center","background-size":"auto","background-attachment":"scroll","background-type":"","background-media":"","overlay-type":"","overlay-color":"","overlay-opacity":"","overlay-gradient":""},"mobile":{"background-color":"","background-image":"","background-repeat":"repeat","background-position":"center center","background-size":"auto","background-attachment":"scroll","background-type":"","background-media":"","overlay-type":"","overlay-color":"","overlay-opacity":"","overlay-gradient":""}},"ast-content-background-meta":{"desktop":{"background-color":"var(--ast-global-color-5)","background-image":"","background-repeat":"repeat","background-position":"center center","background-size":"auto","background-attachment":"scroll","background-type":"","background-media":"","overlay-type":"","overlay-color":"","overlay-opacity":"","overlay-gradient":""},"tablet":{"background-color":"var(--ast-global-color-5)","background-image":"","background-repeat":"repeat","background-position":"center center","background-size":"auto","background-attachment":"scroll","background-type":"","background-media":"","overlay-type":"","overlay-color":"","overlay-opacity":"","overlay-gradient":""},"mobile":{"background-color":"var(--ast-global-color-5)","background-image":"","background-repeat":"repeat","background-position":"center center","background-size":"auto","background-attachment":"scroll","background-type":"","background-media":"","overlay-type":"","overlay-color":"","overlay-opacity":"","overlay-gradient":""}}},"product_brand":[],"product_cat":[8],"product_tag":[93,83,99,1802,87,91,95,72],"class_list":{"0":"post-29836","1":"product","2":"type-product","3":"status-publish","5":"product_cat-lucky","6":"product_tag-custom-tattoo-guns","7":"product_tag-custom-tattoo-machines","8":"product_tag-handmade-tattoo-machines","9":"product_tag-maquinas-de-tatuaje-de-bobina","10":"product_tag-professional-tattoo-machines","11":"product_tag-tattoo-equipment","12":"product_tag-tattoo-guns","13":"product_tag-tattoo-machine-coils","14":"pa_brand-rightstuff","15":"desktop-align-center","16":"tablet-align-left","17":"mobile-align-left","18":"ast-product-gallery-layout-horizontal-slider","19":"ast-product-tabs-layout-horizontal","21":"first","22":"outofstock","23":"taxable","24":"shipping-taxable","25":"purchasable","26":"product-type-simple"},"_links":{"self":[{"href":"https:\/\/rightstuff.eu\/de\/wp-json\/wp\/v2\/product\/29836","targetHints":{"allow":["GET"]}}],"collection":[{"href":"https:\/\/rightstuff.eu\/de\/wp-json\/wp\/v2\/product"}],"about":[{"href":"https:\/\/rightstuff.eu\/de\/wp-json\/wp\/v2\/types\/product"}],"replies":[{"embeddable":true,"href":"https:\/\/rightstuff.eu\/de\/wp-json\/wp\/v2\/comments?post=29836"}],"version-history":[{"count":0,"href":"https:\/\/rightstuff.eu\/de\/wp-json\/wp\/v2\/product\/29836\/revisions"}],"wp:attachment":[{"href":"https:\/\/rightstuff.eu\/de\/wp-json\/wp\/v2\/media?parent=29836"}],"wp:term":[{"taxonomy":"product_brand","embeddable":true,"href":"https:\/\/rightstuff.eu\/de\/wp-json\/wp\/v2\/product_brand?post=29836"},{"taxonomy":"product_cat","embeddable":true,"href":"https:\/\/rightstuff.eu\/de\/wp-json\/wp\/v2\/product_cat?post=29836"},{"taxonomy":"product_tag","embeddable":true,"href":"https:\/\/rightstuff.eu\/de\/wp-json\/wp\/v2\/product_tag?post=29836"}],"curies":[{"name":"wp","href":"https:\/\/api.w.org\/{rel}","templated":true}]}}