{"id":29832,"date":"2017-04-18T13:24:17","date_gmt":"2017-04-18T13:24:17","guid":{"rendered":"https:\/\/rightstuff.eu\/?post_type=product&#038;p=29832"},"modified":"2025-01-22T01:37:08","modified_gmt":"2025-01-22T00:37:08","slug":"lucky-trueliner-rs-vb-collab-4","status":"publish","type":"product","link":"https:\/\/rightstuff.eu\/de\/produkt\/lucky-trueliner-rs-vb-collab-4\/","title":{"rendered":"LUCKY TrueLiner RS-VB Collab 4 T\u00e4towiermaschine"},"content":{"rendered":"<p>Die LUCKY TrueLiner RS-VB Collab 4 Tattoo Maschine ist ein perfektes Stahlger\u00e4t f\u00fcr pr\u00e4zise Linien, das mit 9 - 18 Rl Nadeln arbeitet. Dieses Ger\u00e4t gibt eine ideale Kontur. Durch die minimalen Vibrationen ist die Maschine leicht zu kontrollieren. Sie kann mit superschneller, schneller und mittlerer Geschwindigkeit arbeiten. Dieser Liner ist unverzichtbar, wenn ein K\u00fcnstler Haare auf dem Bild oder Wimpern auf dem Portr\u00e4t einer Person erstellen muss. Es macht leicht kleine Sommersprossen auf dem Gesicht eines portr\u00e4tierten Mannes und schafft klare Linien in einem so komplexen und sanften Ort wie hinter dem Ohr. Selbst Fans von Rotations-T\u00e4towiermaschinen kaufen nur diesen langhubigen True Liner f\u00fcr tolle Konturen. Sehr oft wird dieses Modell von Realisten f\u00fcr Konturelemente in ihren Arbeiten verwendet. Die Frequenz (130 Hz) und die Tr\u00e4gheit sind so berechnet, dass sie mehr Pigment hinterlassen. Infolgedessen hinterl\u00e4sst das Ger\u00e4t weniger L\u00f6cher. Der Kunde erh\u00e4lt eine qualitativ hochwertigere T\u00e4towierung mit geringerer Verletzung und schneller Heilung seiner Haut. Das Ger\u00e4t wiegt 200 Gramm und hat 26 mm 9 Windungen Spulen. Seine Spannung betr\u00e4gt 6,6 V.<\/p>","protected":false},"excerpt":{"rendered":"<p>Design by VladBlad all hardware and tunings RightStuff<br \/>\nLimited series of 10 machines, each machine one of a kind<br \/>\nTattoo Maschine Power Liner<br \/>\nThe frame is machined from a single piece of\u00a0Steel<br \/>\nHochwertige Coils - 26 mm * 9 Wicklungen<br \/>\nPreffered needles 9-18rl<br \/>\nLanger Hub<br \/>\nRuns 130hz at 6,6 volt -unloaded<\/p>\n<p>Die Tattoo-Maschine wiegt 200 g.<\/p>","protected":false},"featured_media":0,"comment_status":"open","ping_status":"closed","template":"","meta":{"site-sidebar-layout":"","site-content-layout":"","ast-site-content-layout":"default","site-content-style":"default","site-sidebar-style":"default","ast-global-header-display":"","ast-banner-title-visibility":"","ast-main-header-display":"","ast-hfb-above-header-display":"","ast-hfb-below-header-display":"","ast-hfb-mobile-header-display":"","site-post-title":"","ast-breadcrumbs-content":"","ast-featured-img":"","footer-sml-layout":"","ast-disable-related-posts":"","theme-transparent-header-meta":"","adv-header-id-meta":"","stick-header-meta":"","header-above-stick-meta":"","header-main-stick-meta":"","header-below-stick-meta":"","astra-migrate-meta-layouts":"default","ast-page-background-enabled":"default","ast-page-background-meta":{"desktop":{"background-color":"var(--ast-global-color-4)","background-image":"","background-repeat":"repeat","background-position":"center center","background-size":"auto","background-attachment":"scroll","background-type":"","background-media":"","overlay-type":"","overlay-color":"","overlay-opacity":"","overlay-gradient":""},"tablet":{"background-color":"","background-image":"","background-repeat":"repeat","background-position":"center center","background-size":"auto","background-attachment":"scroll","background-type":"","background-media":"","overlay-type":"","overlay-color":"","overlay-opacity":"","overlay-gradient":""},"mobile":{"background-color":"","background-image":"","background-repeat":"repeat","background-position":"center center","background-size":"auto","background-attachment":"scroll","background-type":"","background-media":"","overlay-type":"","overlay-color":"","overlay-opacity":"","overlay-gradient":""}},"ast-content-background-meta":{"desktop":{"background-color":"var(--ast-global-color-5)","background-image":"","background-repeat":"repeat","background-position":"center center","background-size":"auto","background-attachment":"scroll","background-type":"","background-media":"","overlay-type":"","overlay-color":"","overlay-opacity":"","overlay-gradient":""},"tablet":{"background-color":"var(--ast-global-color-5)","background-image":"","background-repeat":"repeat","background-position":"center center","background-size":"auto","background-attachment":"scroll","background-type":"","background-media":"","overlay-type":"","overlay-color":"","overlay-opacity":"","overlay-gradient":""},"mobile":{"background-color":"var(--ast-global-color-5)","background-image":"","background-repeat":"repeat","background-position":"center center","background-size":"auto","background-attachment":"scroll","background-type":"","background-media":"","overlay-type":"","overlay-color":"","overlay-opacity":"","overlay-gradient":""}}},"product_brand":[],"product_cat":[8],"product_tag":[93,83,99,1802,87,91,95,72],"class_list":{"0":"post-29832","1":"product","2":"type-product","3":"status-publish","5":"product_cat-lucky","6":"product_tag-custom-tattoo-guns","7":"product_tag-custom-tattoo-machines","8":"product_tag-handmade-tattoo-machines","9":"product_tag-maquinas-de-tatuaje-de-bobina","10":"product_tag-professional-tattoo-machines","11":"product_tag-tattoo-equipment","12":"product_tag-tattoo-guns","13":"product_tag-tattoo-machine-coils","14":"pa_brand-rightstuff","15":"desktop-align-center","16":"tablet-align-left","17":"mobile-align-left","18":"ast-product-gallery-layout-horizontal-slider","19":"ast-product-tabs-layout-horizontal","21":"first","22":"outofstock","23":"taxable","24":"shipping-taxable","25":"purchasable","26":"product-type-simple"},"_links":{"self":[{"href":"https:\/\/rightstuff.eu\/de\/wp-json\/wp\/v2\/product\/29832","targetHints":{"allow":["GET"]}}],"collection":[{"href":"https:\/\/rightstuff.eu\/de\/wp-json\/wp\/v2\/product"}],"about":[{"href":"https:\/\/rightstuff.eu\/de\/wp-json\/wp\/v2\/types\/product"}],"replies":[{"embeddable":true,"href":"https:\/\/rightstuff.eu\/de\/wp-json\/wp\/v2\/comments?post=29832"}],"version-history":[{"count":0,"href":"https:\/\/rightstuff.eu\/de\/wp-json\/wp\/v2\/product\/29832\/revisions"}],"wp:attachment":[{"href":"https:\/\/rightstuff.eu\/de\/wp-json\/wp\/v2\/media?parent=29832"}],"wp:term":[{"taxonomy":"product_brand","embeddable":true,"href":"https:\/\/rightstuff.eu\/de\/wp-json\/wp\/v2\/product_brand?post=29832"},{"taxonomy":"product_cat","embeddable":true,"href":"https:\/\/rightstuff.eu\/de\/wp-json\/wp\/v2\/product_cat?post=29832"},{"taxonomy":"product_tag","embeddable":true,"href":"https:\/\/rightstuff.eu\/de\/wp-json\/wp\/v2\/product_tag?post=29832"}],"curies":[{"name":"wp","href":"https:\/\/api.w.org\/{rel}","templated":true}]}}