{"id":29831,"date":"2017-04-18T13:22:07","date_gmt":"2017-04-18T13:22:07","guid":{"rendered":"https:\/\/rightstuff.eu\/?post_type=product&#038;p=29831"},"modified":"2025-01-22T01:37:09","modified_gmt":"2025-01-22T00:37:09","slug":"lucky-trueliner-rs-vb-collab-3","status":"publish","type":"product","link":"https:\/\/rightstuff.eu\/de\/produkt\/lucky-trueliner-rs-vb-collab-3\/","title":{"rendered":"LUCKY TrueLiner RS-VB Collab 3 T\u00e4towiermaschine"},"content":{"rendered":"<p>Ein seltener Mensch hatte nicht vor, sich ein Tattoo stechen zu lassen. Heute machen viele Prominente Hautbilder - gro\u00dfe T\u00e4towierer haben ihre Arbeit zu einer wahren Kunst gemacht. Nat\u00fcrlich gibt es einen Wettbewerb zwischen den Tattoo-Meistern. Je besser die Ger\u00e4te sind, desto besser ist das Ergebnis, das jeder sieht. Mit der LUCKY TrueLiner RS-VB Collab 3 Tattoo-Maschine kann er selbst ideal breite Linien ziehen, und das ganz ohne Schmerzen.<\/p>\n<p>Das Ger\u00e4t arbeitet extrem schnell. Die Farbe (Tinte) dringt sehr schnell unter die Haut des Kunden ein und hinterl\u00e4sst eine gleichm\u00e4\u00dfige Linie ohne Unsch\u00e4rfen und Fehler. Mit diesem Liner kann ein Meister perfekte Meisterwerke schaffen, indem er realistische Bilder von Menschen, Tieren, Landschaften oder einfach nur bestimmte Slogans schreibt, die heutzutage bei vielen jungen Leuten sehr beliebt sind.<\/p>\n<p>Profis sparen nie bei T\u00e4towiermaschinen, aber Right Stuff bietet diesen Liner zu einem besonders g\u00fcnstigen Preis an. Diese Maschine wiegt 200 Gramm. Mit 26 Millimeter 9 Wicklungen, arbeitet die Stahl-Liner bei 130 Hz und 6, 6 V Spannung. Es verwendet 9-18 rl Nadeln.<\/p>","protected":false},"excerpt":{"rendered":"<p>Design by VladBlad all hardware and tunings RightStuff<br \/>\nLimited series of 10 machines, each machine one of a kind<br \/>\nTattoo Maschine Power Liner<br \/>\nThe frame is machined from a single piece of\u00a0Steel<br \/>\nHochwertige Coils - 26 mm * 9 Wicklungen<br \/>\nPreffered needles 9-18rl<br \/>\nLanger Hub<br \/>\nRuns 130hz at 6,6 volt -unloaded<\/p>\n<p>Die Tattoo-Maschine wiegt 200 g.<\/p>","protected":false},"featured_media":0,"comment_status":"open","ping_status":"closed","template":"","meta":{"site-sidebar-layout":"","site-content-layout":"","ast-site-content-layout":"default","site-content-style":"default","site-sidebar-style":"default","ast-global-header-display":"","ast-banner-title-visibility":"","ast-main-header-display":"","ast-hfb-above-header-display":"","ast-hfb-below-header-display":"","ast-hfb-mobile-header-display":"","site-post-title":"","ast-breadcrumbs-content":"","ast-featured-img":"","footer-sml-layout":"","ast-disable-related-posts":"","theme-transparent-header-meta":"","adv-header-id-meta":"","stick-header-meta":"","header-above-stick-meta":"","header-main-stick-meta":"","header-below-stick-meta":"","astra-migrate-meta-layouts":"default","ast-page-background-enabled":"default","ast-page-background-meta":{"desktop":{"background-color":"var(--ast-global-color-4)","background-image":"","background-repeat":"repeat","background-position":"center center","background-size":"auto","background-attachment":"scroll","background-type":"","background-media":"","overlay-type":"","overlay-color":"","overlay-opacity":"","overlay-gradient":""},"tablet":{"background-color":"","background-image":"","background-repeat":"repeat","background-position":"center center","background-size":"auto","background-attachment":"scroll","background-type":"","background-media":"","overlay-type":"","overlay-color":"","overlay-opacity":"","overlay-gradient":""},"mobile":{"background-color":"","background-image":"","background-repeat":"repeat","background-position":"center center","background-size":"auto","background-attachment":"scroll","background-type":"","background-media":"","overlay-type":"","overlay-color":"","overlay-opacity":"","overlay-gradient":""}},"ast-content-background-meta":{"desktop":{"background-color":"var(--ast-global-color-5)","background-image":"","background-repeat":"repeat","background-position":"center center","background-size":"auto","background-attachment":"scroll","background-type":"","background-media":"","overlay-type":"","overlay-color":"","overlay-opacity":"","overlay-gradient":""},"tablet":{"background-color":"var(--ast-global-color-5)","background-image":"","background-repeat":"repeat","background-position":"center center","background-size":"auto","background-attachment":"scroll","background-type":"","background-media":"","overlay-type":"","overlay-color":"","overlay-opacity":"","overlay-gradient":""},"mobile":{"background-color":"var(--ast-global-color-5)","background-image":"","background-repeat":"repeat","background-position":"center center","background-size":"auto","background-attachment":"scroll","background-type":"","background-media":"","overlay-type":"","overlay-color":"","overlay-opacity":"","overlay-gradient":""}}},"product_brand":[],"product_cat":[8],"product_tag":[93,83,99,1802,87,91,95,72],"class_list":{"0":"post-29831","1":"product","2":"type-product","3":"status-publish","5":"product_cat-lucky","6":"product_tag-custom-tattoo-guns","7":"product_tag-custom-tattoo-machines","8":"product_tag-handmade-tattoo-machines","9":"product_tag-maquinas-de-tatuaje-de-bobina","10":"product_tag-professional-tattoo-machines","11":"product_tag-tattoo-equipment","12":"product_tag-tattoo-guns","13":"product_tag-tattoo-machine-coils","14":"pa_brand-rightstuff","15":"desktop-align-center","16":"tablet-align-left","17":"mobile-align-left","18":"ast-product-gallery-layout-horizontal-slider","19":"ast-product-tabs-layout-horizontal","21":"first","22":"outofstock","23":"taxable","24":"shipping-taxable","25":"purchasable","26":"product-type-simple"},"_links":{"self":[{"href":"https:\/\/rightstuff.eu\/de\/wp-json\/wp\/v2\/product\/29831","targetHints":{"allow":["GET"]}}],"collection":[{"href":"https:\/\/rightstuff.eu\/de\/wp-json\/wp\/v2\/product"}],"about":[{"href":"https:\/\/rightstuff.eu\/de\/wp-json\/wp\/v2\/types\/product"}],"replies":[{"embeddable":true,"href":"https:\/\/rightstuff.eu\/de\/wp-json\/wp\/v2\/comments?post=29831"}],"version-history":[{"count":0,"href":"https:\/\/rightstuff.eu\/de\/wp-json\/wp\/v2\/product\/29831\/revisions"}],"wp:attachment":[{"href":"https:\/\/rightstuff.eu\/de\/wp-json\/wp\/v2\/media?parent=29831"}],"wp:term":[{"taxonomy":"product_brand","embeddable":true,"href":"https:\/\/rightstuff.eu\/de\/wp-json\/wp\/v2\/product_brand?post=29831"},{"taxonomy":"product_cat","embeddable":true,"href":"https:\/\/rightstuff.eu\/de\/wp-json\/wp\/v2\/product_cat?post=29831"},{"taxonomy":"product_tag","embeddable":true,"href":"https:\/\/rightstuff.eu\/de\/wp-json\/wp\/v2\/product_tag?post=29831"}],"curies":[{"name":"wp","href":"https:\/\/api.w.org\/{rel}","templated":true}]}}