{"id":29830,"date":"2017-04-18T13:16:37","date_gmt":"2017-04-18T13:16:37","guid":{"rendered":"https:\/\/rightstuff.eu\/?post_type=product&#038;p=29830"},"modified":"2025-01-22T01:37:09","modified_gmt":"2025-01-22T00:37:09","slug":"lucky-trueliner-rs-vb-collab-2","status":"publish","type":"product","link":"https:\/\/rightstuff.eu\/de\/produkt\/lucky-trueliner-rs-vb-collab-2\/","title":{"rendered":"LUCKY TrueLiner RS-VB Collab 2 T\u00e4towiermaschine"},"content":{"rendered":"<p>Die Meister des T\u00e4towierens sind K\u00fcnstler mit einer Ausbildung und Sch\u00f6pfer von Natur aus. Wahre Profis, Hautbilder Fans bieten ihren Kunden exklusive T\u00e4towierungen auf der Grundlage ihrer Autor Skizzen mit der h\u00f6chsten Qualit\u00e4t und mit voller Sicherheit Garantie durchgef\u00fchrt. Jeder dieser K\u00fcnstler hat seine eigene kreative Handschrift, aber sie sind alle gro\u00dfe Meister ihres Fachs. Echte Fans ihrer Arbeit empfehlen den Kunden oft bestimmte Hautbilder. Jeder Meister arbeitet am liebsten mit seinen eigenen Werkzeugen, die er mit gro\u00dfer Sorgfalt ausw\u00e4hlt und auf deren Qualit\u00e4t er gro\u00dfen Wert legt. Viele zeitgen\u00f6ssische K\u00fcnstler, die mit Hautbildern arbeiten, genie\u00dfen diese LUCKY TrueLiner RS-VB Collab 2 Tattoomaschine.<\/p>\n<p>Dieses moderne Ger\u00e4t, das von einem prominenten Moskauer T\u00e4towiermaschinenmeister entworfen wurde, macht klare Konturen und schattiert kleinfl\u00e4chige T\u00e4towierungen. Diese leistungsstarke Langhub-Stahllinie, die 200g wiegt, hat hervorragende 26 mm Spulen mit neun Windungen. Die K\u00fcnstler verwenden damit meist 9 -18 Rl Nadeln. Im unbelasteten Zustand l\u00e4uft dieser Liner mit 130 Hz bei einer Spannung von 6,6 V.<\/p>","protected":false},"excerpt":{"rendered":"<p>Design by VladBlad all hardware and tunings RightStuff<br \/>\nLimited series of 10 machines, each machine one of a kind<br \/>\nTattoo Maschine Power Liner<br \/>\nThe frame is machined from a single piece of\u00a0Steel<br \/>\nHochwertige Coils - 26 mm * 9 Wicklungen<br \/>\nPreffered needles 9-18rl<br \/>\nLanger Hub<br \/>\nRuns 130hz at 6,6 volt -unloaded<\/p>\n<p>Die Tattoo-Maschine wiegt 200 g.<\/p>","protected":false},"featured_media":0,"comment_status":"open","ping_status":"closed","template":"","meta":{"site-sidebar-layout":"","site-content-layout":"","ast-site-content-layout":"default","site-content-style":"default","site-sidebar-style":"default","ast-global-header-display":"","ast-banner-title-visibility":"","ast-main-header-display":"","ast-hfb-above-header-display":"","ast-hfb-below-header-display":"","ast-hfb-mobile-header-display":"","site-post-title":"","ast-breadcrumbs-content":"","ast-featured-img":"","footer-sml-layout":"","ast-disable-related-posts":"","theme-transparent-header-meta":"","adv-header-id-meta":"","stick-header-meta":"","header-above-stick-meta":"","header-main-stick-meta":"","header-below-stick-meta":"","astra-migrate-meta-layouts":"default","ast-page-background-enabled":"default","ast-page-background-meta":{"desktop":{"background-color":"var(--ast-global-color-4)","background-image":"","background-repeat":"repeat","background-position":"center center","background-size":"auto","background-attachment":"scroll","background-type":"","background-media":"","overlay-type":"","overlay-color":"","overlay-opacity":"","overlay-gradient":""},"tablet":{"background-color":"","background-image":"","background-repeat":"repeat","background-position":"center center","background-size":"auto","background-attachment":"scroll","background-type":"","background-media":"","overlay-type":"","overlay-color":"","overlay-opacity":"","overlay-gradient":""},"mobile":{"background-color":"","background-image":"","background-repeat":"repeat","background-position":"center center","background-size":"auto","background-attachment":"scroll","background-type":"","background-media":"","overlay-type":"","overlay-color":"","overlay-opacity":"","overlay-gradient":""}},"ast-content-background-meta":{"desktop":{"background-color":"var(--ast-global-color-5)","background-image":"","background-repeat":"repeat","background-position":"center center","background-size":"auto","background-attachment":"scroll","background-type":"","background-media":"","overlay-type":"","overlay-color":"","overlay-opacity":"","overlay-gradient":""},"tablet":{"background-color":"var(--ast-global-color-5)","background-image":"","background-repeat":"repeat","background-position":"center center","background-size":"auto","background-attachment":"scroll","background-type":"","background-media":"","overlay-type":"","overlay-color":"","overlay-opacity":"","overlay-gradient":""},"mobile":{"background-color":"var(--ast-global-color-5)","background-image":"","background-repeat":"repeat","background-position":"center center","background-size":"auto","background-attachment":"scroll","background-type":"","background-media":"","overlay-type":"","overlay-color":"","overlay-opacity":"","overlay-gradient":""}}},"product_brand":[],"product_cat":[8],"product_tag":[93,83,99,1802,87,91,95,72],"class_list":{"0":"post-29830","1":"product","2":"type-product","3":"status-publish","5":"product_cat-lucky","6":"product_tag-custom-tattoo-guns","7":"product_tag-custom-tattoo-machines","8":"product_tag-handmade-tattoo-machines","9":"product_tag-maquinas-de-tatuaje-de-bobina","10":"product_tag-professional-tattoo-machines","11":"product_tag-tattoo-equipment","12":"product_tag-tattoo-guns","13":"product_tag-tattoo-machine-coils","14":"pa_brand-rightstuff","15":"desktop-align-center","16":"tablet-align-left","17":"mobile-align-left","18":"ast-product-gallery-layout-horizontal-slider","19":"ast-product-tabs-layout-horizontal","21":"first","22":"outofstock","23":"taxable","24":"shipping-taxable","25":"purchasable","26":"product-type-simple"},"_links":{"self":[{"href":"https:\/\/rightstuff.eu\/de\/wp-json\/wp\/v2\/product\/29830","targetHints":{"allow":["GET"]}}],"collection":[{"href":"https:\/\/rightstuff.eu\/de\/wp-json\/wp\/v2\/product"}],"about":[{"href":"https:\/\/rightstuff.eu\/de\/wp-json\/wp\/v2\/types\/product"}],"replies":[{"embeddable":true,"href":"https:\/\/rightstuff.eu\/de\/wp-json\/wp\/v2\/comments?post=29830"}],"version-history":[{"count":0,"href":"https:\/\/rightstuff.eu\/de\/wp-json\/wp\/v2\/product\/29830\/revisions"}],"wp:attachment":[{"href":"https:\/\/rightstuff.eu\/de\/wp-json\/wp\/v2\/media?parent=29830"}],"wp:term":[{"taxonomy":"product_brand","embeddable":true,"href":"https:\/\/rightstuff.eu\/de\/wp-json\/wp\/v2\/product_brand?post=29830"},{"taxonomy":"product_cat","embeddable":true,"href":"https:\/\/rightstuff.eu\/de\/wp-json\/wp\/v2\/product_cat?post=29830"},{"taxonomy":"product_tag","embeddable":true,"href":"https:\/\/rightstuff.eu\/de\/wp-json\/wp\/v2\/product_tag?post=29830"}],"curies":[{"name":"wp","href":"https:\/\/api.w.org\/{rel}","templated":true}]}}