{"id":29769,"date":"2017-03-31T14:55:05","date_gmt":"2017-03-31T14:55:05","guid":{"rendered":"https:\/\/rightstuff.eu\/shop\/tattoo_machines\/dozzer\/minidozzer-fastliner-alu\/"},"modified":"2025-01-22T01:37:09","modified_gmt":"2025-01-22T00:37:09","slug":"minidozzer-fastliner-alu","status":"publish","type":"product","link":"https:\/\/rightstuff.eu\/de\/produkt\/minidozzer-fastliner-alu\/","title":{"rendered":"miniDOZZER FastLiner ALU T\u00e4towiermaschine"},"content":{"rendered":"<p>&nbsp;<\/p>\n<p>Fachleute, die in beliebten Tattoo-Salons arbeiten, haben oft viele Kunden am Tag und arbeiten 8-10 Stunden lang. Um Hautbilder zu erstellen, benutzen sie spezielle Ger\u00e4te - Ger\u00e4te f\u00fcr Linien und Schattierungen. Aufgrund der Vibrationen, die von diesen Maschinen ausgehen, sp\u00fcren sie eine gewisse M\u00fcdigkeit und Verspannung in ihren H\u00e4nden. Bei der Arbeit mit der miniDOZZER FastLiner ALU T\u00e4towiermaschine wirst du diese unangenehmen und sogar schmerzhaften Gef\u00fchle nicht erleben. Das Rahmenmaterial des Ger\u00e4ts besteht aus 7075 Flugzeugaluminium, daher wiegt das Ger\u00e4t nur 145 Gramm. Im Vergleich zu den Linern, die f\u00fcr den gleichen Zweck hergestellt werden (gleichm\u00e4\u00dfige Linien auf der Haut des Kunden zu erzeugen), ist dieses Ger\u00e4t sehr leicht und praktisch. Selbst wenn du 8 Stunden lang damit arbeitest, wirst du keine unangenehmen Empfindungen sp\u00fcren.<\/p>\n<p>Der Artikel funktioniert mit 3 -9 Rl Nadeln. Er macht mittlere Striche und l\u00e4uft sehr schnell mit einer Frequenz von 160 Hz und einer Spannung von 6,6 V. Dieser kompakte Liner mit 26 Millimetern und 8 Windungen ist das perfekte Werkzeug f\u00fcr Profis. Aber auch Anf\u00e4nger k\u00f6nnen alle Details der Arbeit mit diesem Ger\u00e4t leicht erlernen.<\/p>","protected":false},"excerpt":{"rendered":"<p>Der Rahmen ist aus einem einzigen St\u00fcck 7075 Flugzeugaluminium gefr\u00e4st<br \/>\nHochwertige Coils - 26 mm * 8 Wicklungen<br \/>\nBeschl\u00e4ge aus gebl\u00e4utem Stahl<br \/>\nBevorzugte Nadeln 3-9RL<br \/>\nMittlerer Hub<br \/>\nL\u00e4uft 160hz bei 6,6 Volt - unbelastet<\/p>\n<p>Die Tattoo-Maschine wiegt 145 g.<\/p>","protected":false},"featured_media":49308,"comment_status":"open","ping_status":"closed","template":"","meta":{"site-sidebar-layout":"","site-content-layout":"","ast-site-content-layout":"default","site-content-style":"default","site-sidebar-style":"default","ast-global-header-display":"","ast-banner-title-visibility":"","ast-main-header-display":"","ast-hfb-above-header-display":"","ast-hfb-below-header-display":"","ast-hfb-mobile-header-display":"","site-post-title":"","ast-breadcrumbs-content":"","ast-featured-img":"","footer-sml-layout":"","ast-disable-related-posts":"","theme-transparent-header-meta":"","adv-header-id-meta":"","stick-header-meta":"","header-above-stick-meta":"","header-main-stick-meta":"","header-below-stick-meta":"","astra-migrate-meta-layouts":"default","ast-page-background-enabled":"default","ast-page-background-meta":{"desktop":{"background-color":"var(--ast-global-color-4)","background-image":"","background-repeat":"repeat","background-position":"center center","background-size":"auto","background-attachment":"scroll","background-type":"","background-media":"","overlay-type":"","overlay-color":"","overlay-opacity":"","overlay-gradient":""},"tablet":{"background-color":"","background-image":"","background-repeat":"repeat","background-position":"center center","background-size":"auto","background-attachment":"scroll","background-type":"","background-media":"","overlay-type":"","overlay-color":"","overlay-opacity":"","overlay-gradient":""},"mobile":{"background-color":"","background-image":"","background-repeat":"repeat","background-position":"center center","background-size":"auto","background-attachment":"scroll","background-type":"","background-media":"","overlay-type":"","overlay-color":"","overlay-opacity":"","overlay-gradient":""}},"ast-content-background-meta":{"desktop":{"background-color":"var(--ast-global-color-5)","background-image":"","background-repeat":"repeat","background-position":"center center","background-size":"auto","background-attachment":"scroll","background-type":"","background-media":"","overlay-type":"","overlay-color":"","overlay-opacity":"","overlay-gradient":""},"tablet":{"background-color":"var(--ast-global-color-5)","background-image":"","background-repeat":"repeat","background-position":"center center","background-size":"auto","background-attachment":"scroll","background-type":"","background-media":"","overlay-type":"","overlay-color":"","overlay-opacity":"","overlay-gradient":""},"mobile":{"background-color":"var(--ast-global-color-5)","background-image":"","background-repeat":"repeat","background-position":"center center","background-size":"auto","background-attachment":"scroll","background-type":"","background-media":"","overlay-type":"","overlay-color":"","overlay-opacity":"","overlay-gradient":""}}},"product_brand":[],"product_cat":[32],"product_tag":[82,93,83,99,1801,87,91,95,72],"class_list":{"0":"post-29769","1":"product","2":"type-product","3":"status-publish","4":"has-post-thumbnail","6":"product_cat-dozzer","7":"product_tag-coil-tattoo-machines","8":"product_tag-custom-tattoo-guns","9":"product_tag-custom-tattoo-machines","10":"product_tag-handmade-tattoo-machines","11":"product_tag-machines-a-tatouer-les-bobines","12":"product_tag-professional-tattoo-machines","13":"product_tag-tattoo-equipment","14":"product_tag-tattoo-guns","15":"product_tag-tattoo-machine-coils","16":"pa_brand-rightstuff","17":"desktop-align-center","18":"tablet-align-left","19":"mobile-align-left","20":"ast-product-gallery-layout-horizontal-slider","21":"ast-product-tabs-layout-horizontal","23":"first","24":"instock","25":"taxable","26":"shipping-taxable","27":"purchasable","28":"product-type-simple"},"_links":{"self":[{"href":"https:\/\/rightstuff.eu\/de\/wp-json\/wp\/v2\/product\/29769","targetHints":{"allow":["GET"]}}],"collection":[{"href":"https:\/\/rightstuff.eu\/de\/wp-json\/wp\/v2\/product"}],"about":[{"href":"https:\/\/rightstuff.eu\/de\/wp-json\/wp\/v2\/types\/product"}],"replies":[{"embeddable":true,"href":"https:\/\/rightstuff.eu\/de\/wp-json\/wp\/v2\/comments?post=29769"}],"version-history":[{"count":0,"href":"https:\/\/rightstuff.eu\/de\/wp-json\/wp\/v2\/product\/29769\/revisions"}],"wp:featuredmedia":[{"embeddable":true,"href":"https:\/\/rightstuff.eu\/de\/wp-json\/wp\/v2\/media\/49308"}],"wp:attachment":[{"href":"https:\/\/rightstuff.eu\/de\/wp-json\/wp\/v2\/media?parent=29769"}],"wp:term":[{"taxonomy":"product_brand","embeddable":true,"href":"https:\/\/rightstuff.eu\/de\/wp-json\/wp\/v2\/product_brand?post=29769"},{"taxonomy":"product_cat","embeddable":true,"href":"https:\/\/rightstuff.eu\/de\/wp-json\/wp\/v2\/product_cat?post=29769"},{"taxonomy":"product_tag","embeddable":true,"href":"https:\/\/rightstuff.eu\/de\/wp-json\/wp\/v2\/product_tag?post=29769"}],"curies":[{"name":"wp","href":"https:\/\/api.w.org\/{rel}","templated":true}]}}