{"id":29713,"date":"2017-03-07T15:54:40","date_gmt":"2017-03-07T14:54:40","guid":{"rendered":"https:\/\/rightstuff.eu\/?post_type=product&#038;p=29713"},"modified":"2025-01-22T01:37:09","modified_gmt":"2025-01-22T00:37:09","slug":"tattoo-power-supply-rs-power","status":"publish","type":"product","link":"https:\/\/rightstuff.eu\/de\/produkt\/tattoo-power-supply-rs-power\/","title":{"rendered":"Netzger\u00e4t -RS Power"},"content":{"rendered":"<h4>Das RS Power v.3 Tattoo-Netzteil ist die perfekte Wahl f\u00fcr jeden professionellen T\u00e4towierer. Dieses Netzteil wurde entwickelt, um deine Tattoo-Maschine zuverl\u00e4ssig und gleichm\u00e4\u00dfig mit Strom zu versorgen, damit du mit Pr\u00e4zision und Genauigkeit arbeiten kannst. Das RS Power v.3 verf\u00fcgt \u00fcber ein digitales Display, mit dem du die Spannungs- und Stromeinstellungen ganz einfach an deine Bed\u00fcrfnisse anpassen kannst. Au\u00dferdem verf\u00fcgt er \u00fcber einen Fu\u00dfschalter f\u00fcr eine einfache Steuerung und ein Clipkabel f\u00fcr den einfachen Anschluss an deine T\u00e4towiermaschine. Der RS Power v.3 ist aus langlebigen Materialien gefertigt und f\u00fcr eine jahrelange Nutzung ausgelegt. Au\u00dferdem ist er leicht und kompakt, sodass er einfach zu transportieren und zu lagern ist. Mit seiner zuverl\u00e4ssigen Leistung und seinen benutzerfreundlichen Funktionen ist der RS Power v.3 die perfekte Wahl f\u00fcr jeden professionellen T\u00e4towierer.<\/h4>","protected":false},"excerpt":{"rendered":"<h2><\/h2>\n<p><strong>RS Power -v.3<\/strong><\/p>\n<p><strong>Digitale Anzeige<\/strong> - \"Volts\"<\/p>\n<p>2 -Voreinstellungen<\/p>\n<p>2 -Fu\u00dfschalter-Modi<\/p>\n<p>Hergestellt aus Stahl und Aluminium<\/p>\n<p>Magnetische Basis<\/p>\n<p>Arbeitsbereich: 1,8-19 Volt, 4,5 Ampere Spitzenstrom, 3 Ampere Dauerstrom<\/p>\n<p>Gewicht: 315gr<\/p>\n<p>Gr\u00f6\u00dfe (ohne Adapter) 66*66*63mm<\/p>\n<p>Inklusive Netzadapter (EU-Stecker).<\/p>\n<p>Garantie: 2 Jahre auf die Lieferung, 1 Jahr auf den Adapter<\/p>","protected":false},"featured_media":50393,"comment_status":"open","ping_status":"closed","template":"","meta":{"site-sidebar-layout":"default","site-content-layout":"default","ast-site-content-layout":"default","site-content-style":"default","site-sidebar-style":"default","ast-global-header-display":"","ast-banner-title-visibility":"","ast-main-header-display":"","ast-hfb-above-header-display":"","ast-hfb-below-header-display":"","ast-hfb-mobile-header-display":"","site-post-title":"","ast-breadcrumbs-content":"","ast-featured-img":"","footer-sml-layout":"","ast-disable-related-posts":"","theme-transparent-header-meta":"default","adv-header-id-meta":"","stick-header-meta":"default","header-above-stick-meta":"","header-main-stick-meta":"","header-below-stick-meta":"","astra-migrate-meta-layouts":"set","ast-page-background-enabled":"default","ast-page-background-meta":{"desktop":{"background-color":"var(--ast-global-color-4)","background-image":"","background-repeat":"repeat","background-position":"center center","background-size":"auto","background-attachment":"scroll","background-type":"","background-media":"","overlay-type":"","overlay-color":"","overlay-opacity":"","overlay-gradient":""},"tablet":{"background-color":"","background-image":"","background-repeat":"repeat","background-position":"center center","background-size":"auto","background-attachment":"scroll","background-type":"","background-media":"","overlay-type":"","overlay-color":"","overlay-opacity":"","overlay-gradient":""},"mobile":{"background-color":"","background-image":"","background-repeat":"repeat","background-position":"center center","background-size":"auto","background-attachment":"scroll","background-type":"","background-media":"","overlay-type":"","overlay-color":"","overlay-opacity":"","overlay-gradient":""}},"ast-content-background-meta":{"desktop":{"background-color":"var(--ast-global-color-5)","background-image":"","background-repeat":"repeat","background-position":"center center","background-size":"auto","background-attachment":"scroll","background-type":"","background-media":"","overlay-type":"","overlay-color":"","overlay-opacity":"","overlay-gradient":""},"tablet":{"background-color":"var(--ast-global-color-5)","background-image":"","background-repeat":"repeat","background-position":"center center","background-size":"auto","background-attachment":"scroll","background-type":"","background-media":"","overlay-type":"","overlay-color":"","overlay-opacity":"","overlay-gradient":""},"mobile":{"background-color":"var(--ast-global-color-5)","background-image":"","background-repeat":"repeat","background-position":"center center","background-size":"auto","background-attachment":"scroll","background-type":"","background-media":"","overlay-type":"","overlay-color":"","overlay-opacity":"","overlay-gradient":""}}},"product_brand":[],"product_cat":[54],"product_tag":[55,88,90,91,70,57,92,56,94,69],"class_list":{"0":"post-29713","1":"product","2":"type-product","3":"status-publish","4":"has-post-thumbnail","6":"product_cat-power-supply","7":"product_tag-power-supply","8":"product_tag-professional-tattoo-kit","9":"product_tag-tattoo-accessories","10":"product_tag-tattoo-equipment","11":"product_tag-tattoo-kits","12":"product_tag-tattoo-power-supply","13":"product_tag-tattoo-machines-parts","14":"product_tag-tattoo-power","15":"product_tag-tattoo-sets","16":"product_tag-tattoo-supplies","17":"pa_brand-rightstuff","18":"desktop-align-center","19":"tablet-align-left","20":"mobile-align-left","21":"ast-product-gallery-layout-horizontal-slider","22":"ast-product-tabs-layout-horizontal","24":"first","25":"outofstock","26":"taxable","27":"shipping-taxable","28":"purchasable","29":"product-type-simple"},"_links":{"self":[{"href":"https:\/\/rightstuff.eu\/de\/wp-json\/wp\/v2\/product\/29713","targetHints":{"allow":["GET"]}}],"collection":[{"href":"https:\/\/rightstuff.eu\/de\/wp-json\/wp\/v2\/product"}],"about":[{"href":"https:\/\/rightstuff.eu\/de\/wp-json\/wp\/v2\/types\/product"}],"replies":[{"embeddable":true,"href":"https:\/\/rightstuff.eu\/de\/wp-json\/wp\/v2\/comments?post=29713"}],"version-history":[{"count":0,"href":"https:\/\/rightstuff.eu\/de\/wp-json\/wp\/v2\/product\/29713\/revisions"}],"wp:featuredmedia":[{"embeddable":true,"href":"https:\/\/rightstuff.eu\/de\/wp-json\/wp\/v2\/media\/50393"}],"wp:attachment":[{"href":"https:\/\/rightstuff.eu\/de\/wp-json\/wp\/v2\/media?parent=29713"}],"wp:term":[{"taxonomy":"product_brand","embeddable":true,"href":"https:\/\/rightstuff.eu\/de\/wp-json\/wp\/v2\/product_brand?post=29713"},{"taxonomy":"product_cat","embeddable":true,"href":"https:\/\/rightstuff.eu\/de\/wp-json\/wp\/v2\/product_cat?post=29713"},{"taxonomy":"product_tag","embeddable":true,"href":"https:\/\/rightstuff.eu\/de\/wp-json\/wp\/v2\/product_tag?post=29713"}],"curies":[{"name":"wp","href":"https:\/\/api.w.org\/{rel}","templated":true}]}}