{"id":29647,"date":"2017-02-03T08:04:19","date_gmt":"2017-02-03T05:04:19","guid":{"rendered":"https:\/\/rightstuff.eu\/shop\/tattoo_machines\/rotary_tattoo_machines\/rotary-tattoo-machine-keg-variable-gold\/"},"modified":"2025-12-20T15:54:07","modified_gmt":"2025-12-20T14:54:07","slug":"direct-drive-rotary-tattoo-machine","status":"publish","type":"product","link":"https:\/\/rightstuff.eu\/de\/produkt\/direct-drive-rotary-tattoo-machine\/","title":{"rendered":"Rotations-T\u00e4towiermaschine - KEG Variable (Gold)"},"content":{"rendered":"<p>Ein wirklich sch\u00f6ner Brauch <a href=\"https:\/\/rightstuff.eu\/blog\/tattoo-machine-is-another-story\/\">Rotations-Tattoo-Maschine mit Direktantrieb<\/a>\u00a0von einem ber\u00fchmten Underground-Designer. Nach seiner Ver\u00f6ffentlichung wurde dieses Ger\u00e4t sofort zur Legende in der Tattoo-Community. Die Maschine wurde von Profis f\u00fcr Profis entwickelt - das bedeutet, dass sie ihrem Benutzer ein hohes Ma\u00df an Sensibilit\u00e4t abverlangt, um mit hochdetaillierten Tattoos arbeiten zu k\u00f6nnen.<\/p>\n<p>Sein Rahmen besteht aus einem hochwertigen St\u00fcck Aluminium, wodurch er viel leichter ist als Typen aus einem St\u00fcck Stahl und nur 140 Gramm wiegt, was ihn perfekt f\u00fcr lange Arbeitsstunden macht.<\/p>\n<p>Es unterst\u00fctzt einen variablen Hub von 1 mm bis 5 mm, wodurch es leicht als Liner, Shader oder Color Packer eingesetzt werden kann. Das Ger\u00e4t verf\u00fcgt \u00fcber einen speziell angefertigten Motor, der exklusiv f\u00fcr diese Serie entwickelt wurde. Er l\u00e4uft mit 6-13 Volt und 8000 Umdrehungen pro Minute und hat einen Direktantrieb, was ihn zu einem der besten Tattoo-Maschinenmotoren macht.<\/p>\n<p>Die 1978 vom deutschen Erfinder Manfred Kohrs erfundene Rotationsmaschine ist ein fortschrittliches Werkzeug, das von vielen T\u00e4towierern verwendet wird. Obwohl sie noch vor ein paar Jahren in der Mainstream-Branche weniger beliebt war, ist ihre Nachfrage in letzter Zeit unerwartet gro\u00df. Der Grund daf\u00fcr sind die Bequemlichkeit und die einfache Handhabung.<\/p>\n<p>Eine Rotationsmaschine wird von einem Motor angetrieben, der sich in einer vertikalen Bewegung dreht. Die Nadelstange ist mit dem Motor verbunden, der die Nadel sowohl nach oben als auch nach unten bewegt. Rotationsmaschinen sind best\u00e4ndiger als die Spulen-T\u00e4towiermaschinen. Das liegt daran, dass sie nicht eingestellt werden m\u00fcssen - eine Prozedur, bei der der K\u00fcnstler die Nadelform und -tiefe sowie die Stromspannung anpassen muss.<\/p>\n<p>Eine Rotationsmaschine ist weniger anpassbar und die professionellen K\u00fcnstler beschweren sich oft dar\u00fcber. Au\u00dferdem erfordert sie entsprechende Kenntnisse und F\u00e4higkeiten. Rotationsmaschinen werden au\u00dferdem autoklaviert und haben einen hohen Desinfektionsmittelgehalt. Aus diesem Grund bevorzugen die K\u00fcnstlerinnen und K\u00fcnstler die rotierende T\u00e4towiermaschine.<\/p>\n<p>Eine Rotationsmaschine ist weniger beliebt als eine traditionelle Tattoo-Maschine und bietet viel weniger Anpassungsm\u00f6glichkeiten und Optionen. Das kann von den Profis als Nachteil angesehen werden. F\u00fcr Anf\u00e4nger ist sie jedoch ein gro\u00dfartiges Werkzeug.<\/p>\n<p>Eines der besten Merkmale einer Rotations-T\u00e4towiermaschine ist, dass sie \u00fcberhaupt keine Ger\u00e4usche macht. Das ist in der Tat eine positive Eigenschaft f\u00fcr die <a href=\"https:\/\/facebook.com\/rghtstuff\" target=\"_blank\" rel=\"noopener\">T\u00e4towiermaschine<\/a>. Das surrende Ger\u00e4usch der Spulenmaschine ist ziemlich laut und irritiert viele K\u00fcnstler und Kunden. Da das T\u00e4towieren sehr viel Zeit in Anspruch nimmt, ist das Ger\u00e4usch der T\u00e4towiermaschine ziemlich l\u00e4stig, vor allem f\u00fcr Kunden, die nicht an so lange und monotone Ger\u00e4usche gew\u00f6hnt sind.<\/p>\n<p>W\u00e4hrend eine Spulenmaschine bei der Arbeit vibriert, bewegt sich eine Rotationsmaschine nicht so stark. Sie liegen gut in der Hand und sind leicht zu bedienen, da sie nicht vibrieren. Zu starke Vibrationen verursachen oft Probleme in den H\u00e4nden und Handgelenken der K\u00fcnstler\/innen. Manche K\u00fcnstler klagen \u00fcber Gef\u00fchlsst\u00f6rungen und Reizungen in den Handgelenken und H\u00e4nden. Diese Beschwerden treffen eher auf die Spulent\u00e4towiermaschinen zu, nicht aber auf die Rotationsmaschinen.<\/p>\n<p>Die Rotationsmaschinen sind im Vergleich zu einer schweren Spulenmaschine viel leichter. Manche sind jedoch der Meinung, dass das Gewicht der Spulenmaschine den K\u00fcnstlern eine bessere Kontrolle \u00fcber die Maschine bietet und ihnen ein pr\u00e4ziseres Arbeiten erm\u00f6glicht.<\/p>\n<p>Dies ist ein wichtiger Teil der Rotationsmaschine. Du brauchst viel Erfahrung und Wissen im Umgang mit einer Rotationsmaschine. Da sie leicht ist, musst du darauf achten, dass sie dir nicht aus der Hand rutscht.<\/p>\n<p>Geschwindigkeit ist ein wichtiger Aspekt, wenn es um eine Rotationsmaschine geht. Da es sich um ein leichtes Ger\u00e4t handelt, musst du bei der Arbeit sehr vorsichtig sein. Und vergiss nicht: T\u00e4towieren ist ein pr\u00e4zises Kunstwerk. Ein kleiner Fehler kann das gesamte Erscheinungsbild ruinieren und die Kunden k\u00f6nnten unzufrieden werden.<\/p>\n<p>Gerade in diesem wettbewerbsintensiven Markt, in dem das T\u00e4towieren bei der jungen Generation zum Trend geworden ist, kannst du nicht erwarten, dass du mit negativen Kritiken und schlechten Bewertungen Kunden und Ums\u00e4tze gewinnen kannst. Es gibt zwar einige Tattoo-Entferner auf dem Markt, mit denen du die Fehler ausradieren kannst, aber du kannst die schlechten Erfahrungen der Kunden nicht ungeschehen machen.<\/p>","protected":false},"excerpt":{"rendered":"<h3>Rotations-T\u00e4towiermaschine mit Direktantrieb<\/h3>\n<p>Variabler 1mm bis 5mm Hub<br \/>\n8000 UMDREHUNGEN PRO MINUTE<br \/>\nBevorzugte Spannung 6-13 Volt<\/p>\n<p>Empfohlene Nadeln: Bis zu 18 Liner, bis zu 39 Mag<\/p>\n<p>Clip Cord + RCA Anschluss<br \/>\nAluminium K\u00f6rper<br \/>\nGewicht 140 gr.<\/p>","protected":false},"featured_media":49275,"comment_status":"open","ping_status":"closed","template":"","meta":{"site-sidebar-layout":"default","site-content-layout":"","ast-site-content-layout":"default","site-content-style":"default","site-sidebar-style":"default","ast-global-header-display":"","ast-banner-title-visibility":"","ast-main-header-display":"","ast-hfb-above-header-display":"","ast-hfb-below-header-display":"","ast-hfb-mobile-header-display":"","site-post-title":"","ast-breadcrumbs-content":"","ast-featured-img":"","footer-sml-layout":"","ast-disable-related-posts":"","theme-transparent-header-meta":"default","adv-header-id-meta":"","stick-header-meta":"default","header-above-stick-meta":"","header-main-stick-meta":"","header-below-stick-meta":"","astra-migrate-meta-layouts":"set","ast-page-background-enabled":"default","ast-page-background-meta":{"desktop":{"background-color":"var(--ast-global-color-4)","background-image":"","background-repeat":"repeat","background-position":"center center","background-size":"auto","background-attachment":"scroll","background-type":"","background-media":"","overlay-type":"","overlay-color":"","overlay-opacity":"","overlay-gradient":""},"tablet":{"background-color":"","background-image":"","background-repeat":"repeat","background-position":"center center","background-size":"auto","background-attachment":"scroll","background-type":"","background-media":"","overlay-type":"","overlay-color":"","overlay-opacity":"","overlay-gradient":""},"mobile":{"background-color":"","background-image":"","background-repeat":"repeat","background-position":"center center","background-size":"auto","background-attachment":"scroll","background-type":"","background-media":"","overlay-type":"","overlay-color":"","overlay-opacity":"","overlay-gradient":""}},"ast-content-background-meta":{"desktop":{"background-color":"var(--ast-global-color-5)","background-image":"","background-repeat":"repeat","background-position":"center center","background-size":"auto","background-attachment":"scroll","background-type":"","background-media":"","overlay-type":"","overlay-color":"","overlay-opacity":"","overlay-gradient":""},"tablet":{"background-color":"var(--ast-global-color-5)","background-image":"","background-repeat":"repeat","background-position":"center center","background-size":"auto","background-attachment":"scroll","background-type":"","background-media":"","overlay-type":"","overlay-color":"","overlay-opacity":"","overlay-gradient":""},"mobile":{"background-color":"var(--ast-global-color-5)","background-image":"","background-repeat":"repeat","background-position":"center center","background-size":"auto","background-attachment":"scroll","background-type":"","background-media":"","overlay-type":"","overlay-color":"","overlay-opacity":"","overlay-gradient":""}}},"product_brand":[],"product_cat":[1995],"product_tag":[101,93,83,74,100,99,87,98,48,1806,97,1792,91,95,23,72],"class_list":{"0":"post-29647","1":"product","2":"type-product","3":"status-publish","4":"has-post-thumbnail","6":"product_cat-variable","7":"product_tag-custom-rotary-machines","8":"product_tag-custom-tattoo-guns","9":"product_tag-custom-tattoo-machines","10":"product_tag-direct-drive-tattoo-machine","11":"product_tag-handmade-rotary-tattoo-machines","12":"product_tag-handmade-tattoo-machines","13":"product_tag-professional-tattoo-machines","14":"product_tag-rotary-tattoo-guns","15":"product_tag-rotary-tattoo-machine","16":"product_tag-rotary-tattoo-machines","17":"product_tag-rotary-tattoo-pen","18":"product_tag-rotary-tattoomaschinen","19":"product_tag-tattoo-equipment","20":"product_tag-tattoo-guns","21":"product_tag-tattoo-machine","22":"product_tag-tattoo-machine-coils","23":"pa_brand-rightstuff","24":"desktop-align-center","25":"tablet-align-left","26":"mobile-align-left","27":"ast-product-gallery-layout-horizontal-slider","28":"ast-product-tabs-layout-horizontal","30":"first","31":"instock","32":"sale","33":"taxable","34":"shipping-taxable","35":"purchasable","36":"product-type-simple"},"_links":{"self":[{"href":"https:\/\/rightstuff.eu\/de\/wp-json\/wp\/v2\/product\/29647","targetHints":{"allow":["GET"]}}],"collection":[{"href":"https:\/\/rightstuff.eu\/de\/wp-json\/wp\/v2\/product"}],"about":[{"href":"https:\/\/rightstuff.eu\/de\/wp-json\/wp\/v2\/types\/product"}],"replies":[{"embeddable":true,"href":"https:\/\/rightstuff.eu\/de\/wp-json\/wp\/v2\/comments?post=29647"}],"version-history":[{"count":0,"href":"https:\/\/rightstuff.eu\/de\/wp-json\/wp\/v2\/product\/29647\/revisions"}],"wp:featuredmedia":[{"embeddable":true,"href":"https:\/\/rightstuff.eu\/de\/wp-json\/wp\/v2\/media\/49275"}],"wp:attachment":[{"href":"https:\/\/rightstuff.eu\/de\/wp-json\/wp\/v2\/media?parent=29647"}],"wp:term":[{"taxonomy":"product_brand","embeddable":true,"href":"https:\/\/rightstuff.eu\/de\/wp-json\/wp\/v2\/product_brand?post=29647"},{"taxonomy":"product_cat","embeddable":true,"href":"https:\/\/rightstuff.eu\/de\/wp-json\/wp\/v2\/product_cat?post=29647"},{"taxonomy":"product_tag","embeddable":true,"href":"https:\/\/rightstuff.eu\/de\/wp-json\/wp\/v2\/product_tag?post=29647"}],"curies":[{"name":"wp","href":"https:\/\/api.w.org\/{rel}","templated":true}]}}