{"id":29608,"date":"2017-01-25T16:41:03","date_gmt":"2017-01-25T15:41:03","guid":{"rendered":"https:\/\/rightstuff.eu\/shop\/tattoo_machines\/rotary_tattoo_machines\/pen-tattoo-machine-hornet-black\/"},"modified":"2025-01-22T01:37:10","modified_gmt":"2025-01-22T00:37:10","slug":"tattoo-pen-machine-horn-blk","status":"publish","type":"product","link":"https:\/\/rightstuff.eu\/de\/produkt\/tattoo-pen-machine-horn-blk\/","title":{"rendered":"Pen Tattoo Maschine Hornet (Schwarz)"},"content":{"rendered":"<h2>Tattoo-Stift-Maschine<\/h2>\n<p>T\u00e4towierer, die oft mit Kunden arbeiten, die K\u00f6rperbemalungen und <a href=\"https:\/\/rightstuff.eu\/blog\/tattoo-drawing-body\/\">Permanent Make-up<\/a> wird diese schwarze Aluminium Pen Tattoo Maschine Hornet m\u00f6gen. Das Design des Ger\u00e4ts \u00e4hnelt wirklich einem dicken, massiven Kugelschreiber. Um seine Arbeit zu verrichten, muss der Meister es in der Hand halten wie einen Kugelschreiber und es funktioniert perfekt.<\/p>\n<p>Das Ger\u00e4t verwendet die gleiche Stromversorgung wie ein herk\u00f6mmliches Ger\u00e4t zum Erstellen von Hautbildern, das mit einer Spannung von 4, 5 -13 V arbeitet, aber es ist so vielseitig wie ein klassischer Stift. Manch einer wird in diesem Ger\u00e4t einen Marker erkennen, aber ein Profi wird dir sagen - dies ist die komfortable, leichte (145 Gramm) Tattoo-Stift-Maschine, die gleichm\u00e4\u00dfige, pr\u00e4zise Linien und Schattierungen von Hautpartien macht.<\/p>\n<p>Er funktioniert mit allen Patronen, die f\u00fcr Maschinen dieses Typs hergestellt werden. Die Motordrehzahl von 8000 Umdrehungen pro Minute ist hoch genug, um dauerhafte Linien zu erzeugen und das Bild schnell und schmerzfrei zu schattieren. Die Stiftmaschine funktioniert besser als Schattierer. Die Anf\u00e4nger sollten mit ihr besser kleinere Hautbilder machen. Profis k\u00f6nnen gr\u00f6\u00dfere Tattoos erstellen.<\/p>","protected":false},"excerpt":{"rendered":"<h3>Tattoo Stift Maschine Hornet<\/h3>\n<p>Kompatibel mit allen Standard-Patronen<\/p>\n<p>Hub 3,2 mm<br \/>\nVariable Nadeltiefe von bis zu 4 mm<br \/>\n8000 UMDREHUNGEN PRO MINUTE<br \/>\nBevorzugte Spannung 4,5-13 Volt<\/p>\n<p>RCA-Anschluss<br \/>\nAluminium K\u00f6rper<br \/>\nGewicht 145 gr.<\/p>","protected":false},"featured_media":56851,"comment_status":"open","ping_status":"closed","template":"","meta":{"site-sidebar-layout":"default","site-content-layout":"default","ast-site-content-layout":"default","site-content-style":"default","site-sidebar-style":"default","ast-global-header-display":"","ast-banner-title-visibility":"","ast-main-header-display":"","ast-hfb-above-header-display":"","ast-hfb-below-header-display":"","ast-hfb-mobile-header-display":"","site-post-title":"","ast-breadcrumbs-content":"","ast-featured-img":"","footer-sml-layout":"","ast-disable-related-posts":"","theme-transparent-header-meta":"default","adv-header-id-meta":"","stick-header-meta":"default","header-above-stick-meta":"","header-main-stick-meta":"","header-below-stick-meta":"","astra-migrate-meta-layouts":"set","ast-page-background-enabled":"default","ast-page-background-meta":{"desktop":{"background-color":"var(--ast-global-color-4)","background-image":"","background-repeat":"repeat","background-position":"center center","background-size":"auto","background-attachment":"scroll","background-type":"","background-media":"","overlay-type":"","overlay-color":"","overlay-opacity":"","overlay-gradient":""},"tablet":{"background-color":"","background-image":"","background-repeat":"repeat","background-position":"center center","background-size":"auto","background-attachment":"scroll","background-type":"","background-media":"","overlay-type":"","overlay-color":"","overlay-opacity":"","overlay-gradient":""},"mobile":{"background-color":"","background-image":"","background-repeat":"repeat","background-position":"center center","background-size":"auto","background-attachment":"scroll","background-type":"","background-media":"","overlay-type":"","overlay-color":"","overlay-opacity":"","overlay-gradient":""}},"ast-content-background-meta":{"desktop":{"background-color":"var(--ast-global-color-5)","background-image":"","background-repeat":"repeat","background-position":"center center","background-size":"auto","background-attachment":"scroll","background-type":"","background-media":"","overlay-type":"","overlay-color":"","overlay-opacity":"","overlay-gradient":""},"tablet":{"background-color":"var(--ast-global-color-5)","background-image":"","background-repeat":"repeat","background-position":"center center","background-size":"auto","background-attachment":"scroll","background-type":"","background-media":"","overlay-type":"","overlay-color":"","overlay-opacity":"","overlay-gradient":""},"mobile":{"background-color":"var(--ast-global-color-5)","background-image":"","background-repeat":"repeat","background-position":"center center","background-size":"auto","background-attachment":"scroll","background-type":"","background-media":"","overlay-type":"","overlay-color":"","overlay-opacity":"","overlay-gradient":""}}},"product_brand":[],"product_cat":[1803],"product_tag":[101,93,100,99,53,1799,50,87,98,48,97,1792,71,91,95,52,41,51],"class_list":{"0":"post-29608","1":"product","2":"type-product","3":"status-publish","4":"has-post-thumbnail","6":"product_cat-pen-tattoo-machines","7":"product_tag-custom-rotary-machines","8":"product_tag-custom-tattoo-guns","9":"product_tag-handmade-rotary-tattoo-machines","10":"product_tag-handmade-tattoo-machines","11":"product_tag-hornet-tattoo-machine","12":"product_tag-macchinette-rotative-per-tatuaggi","13":"product_tag-pen-tattoo-machine","14":"product_tag-professional-tattoo-machines","15":"product_tag-rotary-tattoo-guns","16":"product_tag-rotary-tattoo-machine","17":"product_tag-rotary-tattoo-pen","18":"product_tag-rotary-tattoomaschinen","19":"product_tag-tattoo-cartridges","20":"product_tag-tattoo-equipment","21":"product_tag-tattoo-guns","22":"product_tag-tattoo-machine-pen","23":"product_tag-tattoo-machines","24":"product_tag-tattoo-pen","25":"desktop-align-center","26":"tablet-align-left","27":"mobile-align-left","28":"ast-product-gallery-layout-horizontal-slider","29":"ast-product-single-variable","30":"ast-product-tabs-layout-horizontal","32":"first","33":"instock","34":"sale","35":"taxable","36":"shipping-taxable","37":"purchasable","38":"product-type-variable"},"_links":{"self":[{"href":"https:\/\/rightstuff.eu\/de\/wp-json\/wp\/v2\/product\/29608","targetHints":{"allow":["GET"]}}],"collection":[{"href":"https:\/\/rightstuff.eu\/de\/wp-json\/wp\/v2\/product"}],"about":[{"href":"https:\/\/rightstuff.eu\/de\/wp-json\/wp\/v2\/types\/product"}],"replies":[{"embeddable":true,"href":"https:\/\/rightstuff.eu\/de\/wp-json\/wp\/v2\/comments?post=29608"}],"version-history":[{"count":0,"href":"https:\/\/rightstuff.eu\/de\/wp-json\/wp\/v2\/product\/29608\/revisions"}],"wp:featuredmedia":[{"embeddable":true,"href":"https:\/\/rightstuff.eu\/de\/wp-json\/wp\/v2\/media\/56851"}],"wp:attachment":[{"href":"https:\/\/rightstuff.eu\/de\/wp-json\/wp\/v2\/media?parent=29608"}],"wp:term":[{"taxonomy":"product_brand","embeddable":true,"href":"https:\/\/rightstuff.eu\/de\/wp-json\/wp\/v2\/product_brand?post=29608"},{"taxonomy":"product_cat","embeddable":true,"href":"https:\/\/rightstuff.eu\/de\/wp-json\/wp\/v2\/product_cat?post=29608"},{"taxonomy":"product_tag","embeddable":true,"href":"https:\/\/rightstuff.eu\/de\/wp-json\/wp\/v2\/product_tag?post=29608"}],"curies":[{"name":"wp","href":"https:\/\/api.w.org\/{rel}","templated":true}]}}