{"id":29382,"date":"2016-09-16T10:52:16","date_gmt":"2016-09-16T10:52:16","guid":{"rendered":"https:\/\/rightstuff.eu\/shop\/tattoo_machines\/lucky\/lucky-lefty-shader\/"},"modified":"2025-01-22T01:37:10","modified_gmt":"2025-01-22T00:37:10","slug":"lucky-lefty-shader","status":"publish","type":"product","link":"https:\/\/rightstuff.eu\/de\/produkt\/lucky-lefty-shader\/","title":{"rendered":"LUCKY LEFTY Shader Tattoo Maschine"},"content":{"rendered":"<p>Eine Tattoo-Maschine ist ein perfektes Ger\u00e4t, das Meisterwerke in die H\u00e4nde des K\u00fcnstlers legt. Sie werden von Menschen hergestellt, die langj\u00e4hrige Erfahrung im Bereich der T\u00e4towierung haben. Heutzutage gibt es eine gro\u00dfe Auswahl an diesen Ger\u00e4ten. Die Lucky Lefty Shader Tattoomaschine ist ein exklusives Modell, das speziell f\u00fcr Linksh\u00e4nder entwickelt wurde. Der Nadelhub ist ein sanftes und kraftvolles Werkzeug, mit dem sich die graue Farbe einfach und zuverl\u00e4ssig unter die Haut spritzen l\u00e4sst.<br \/>\nSie arbeiten mit sehr niedriger Spannung und \u00fcberhitzen im Allgemeinen nie. Diese Tattoo-Maschine ist mit optimal erh\u00f6hter Leistung abgestimmt und getestet, au\u00dferdem verwenden wir einen Silberbolzen, um den Kontakt f\u00fcr die beste Leitf\u00e4higkeit einzustellen. ... Diese Maschine ist bekannt f\u00fcr ihre hohe. Sie ist auch sehr praktisch, da sie sowohl f\u00fcr andere Farben als auch f\u00fcr ein gr\u00f6\u00dferes Set an Nadeln verwendet werden kann. Sie besteht aus einem kompakten, zuverl\u00e4ssigen und ausgewogenen Rahmen. Das Gewicht betr\u00e4gt nur 200 g. Linksh\u00e4nder k\u00f6nnen die hohe Qualit\u00e4t der Leistung genie\u00dfen.<\/p>","protected":false},"excerpt":{"rendered":"<p>Tattoo Maschine f\u00fcr <strong>Linksh\u00e4nder<\/strong>.<\/p>\n<p>Der Rahmen ist aus einem einzigen St\u00fcck Stahl gefr\u00e4st<br \/>\nHochwertige Coils - 25 mm * 10 Wicklungen<br \/>\nGeschw\u00e4rzter Stahlbeschlag<br \/>\nBevorzugte Nadeln 7-23m<br \/>\nLanger Hub<br \/>\nL\u00e4uft 105hz bei 6,6 Volt - unbelastet<\/p>\n<p>Die Tattoo-Maschine wiegt 200 g.<\/p>","protected":false},"featured_media":0,"comment_status":"open","ping_status":"closed","template":"","meta":{"site-sidebar-layout":"","site-content-layout":"","ast-site-content-layout":"default","site-content-style":"default","site-sidebar-style":"default","ast-global-header-display":"","ast-banner-title-visibility":"","ast-main-header-display":"","ast-hfb-above-header-display":"","ast-hfb-below-header-display":"","ast-hfb-mobile-header-display":"","site-post-title":"","ast-breadcrumbs-content":"","ast-featured-img":"","footer-sml-layout":"","ast-disable-related-posts":"","theme-transparent-header-meta":"","adv-header-id-meta":"","stick-header-meta":"","header-above-stick-meta":"","header-main-stick-meta":"","header-below-stick-meta":"","astra-migrate-meta-layouts":"default","ast-page-background-enabled":"default","ast-page-background-meta":{"desktop":{"background-color":"var(--ast-global-color-4)","background-image":"","background-repeat":"repeat","background-position":"center center","background-size":"auto","background-attachment":"scroll","background-type":"","background-media":"","overlay-type":"","overlay-color":"","overlay-opacity":"","overlay-gradient":""},"tablet":{"background-color":"","background-image":"","background-repeat":"repeat","background-position":"center center","background-size":"auto","background-attachment":"scroll","background-type":"","background-media":"","overlay-type":"","overlay-color":"","overlay-opacity":"","overlay-gradient":""},"mobile":{"background-color":"","background-image":"","background-repeat":"repeat","background-position":"center center","background-size":"auto","background-attachment":"scroll","background-type":"","background-media":"","overlay-type":"","overlay-color":"","overlay-opacity":"","overlay-gradient":""}},"ast-content-background-meta":{"desktop":{"background-color":"var(--ast-global-color-5)","background-image":"","background-repeat":"repeat","background-position":"center center","background-size":"auto","background-attachment":"scroll","background-type":"","background-media":"","overlay-type":"","overlay-color":"","overlay-opacity":"","overlay-gradient":""},"tablet":{"background-color":"var(--ast-global-color-5)","background-image":"","background-repeat":"repeat","background-position":"center center","background-size":"auto","background-attachment":"scroll","background-type":"","background-media":"","overlay-type":"","overlay-color":"","overlay-opacity":"","overlay-gradient":""},"mobile":{"background-color":"var(--ast-global-color-5)","background-image":"","background-repeat":"repeat","background-position":"center center","background-size":"auto","background-attachment":"scroll","background-type":"","background-media":"","overlay-type":"","overlay-color":"","overlay-opacity":"","overlay-gradient":""}}},"product_brand":[],"product_cat":[8],"product_tag":[82,93,83,99,84,1802,87,45,89,91,95,23,72,41,96],"class_list":{"0":"post-29382","1":"product","2":"type-product","3":"status-publish","5":"product_cat-lucky","6":"product_tag-coil-tattoo-machines","7":"product_tag-custom-tattoo-guns","8":"product_tag-custom-tattoo-machines","9":"product_tag-handmade-tattoo-machines","10":"product_tag-left-handed-machines","11":"product_tag-maquinas-de-tatuaje-de-bobina","12":"product_tag-professional-tattoo-machines","13":"product_tag-shader-tattoo-machine","14":"product_tag-shader-tattoo-machines","15":"product_tag-tattoo-equipment","16":"product_tag-tattoo-guns","17":"product_tag-tattoo-machine","18":"product_tag-tattoo-machine-coils","19":"product_tag-tattoo-machines","20":"product_tag-tattoo-shading-guns","21":"pa_brand-rightstuff","22":"desktop-align-center","23":"tablet-align-left","24":"mobile-align-left","25":"ast-product-gallery-layout-horizontal-slider","26":"ast-product-tabs-layout-horizontal","28":"first","29":"outofstock","30":"sale","31":"taxable","32":"shipping-taxable","33":"purchasable","34":"product-type-simple"},"_links":{"self":[{"href":"https:\/\/rightstuff.eu\/de\/wp-json\/wp\/v2\/product\/29382","targetHints":{"allow":["GET"]}}],"collection":[{"href":"https:\/\/rightstuff.eu\/de\/wp-json\/wp\/v2\/product"}],"about":[{"href":"https:\/\/rightstuff.eu\/de\/wp-json\/wp\/v2\/types\/product"}],"replies":[{"embeddable":true,"href":"https:\/\/rightstuff.eu\/de\/wp-json\/wp\/v2\/comments?post=29382"}],"version-history":[{"count":0,"href":"https:\/\/rightstuff.eu\/de\/wp-json\/wp\/v2\/product\/29382\/revisions"}],"wp:attachment":[{"href":"https:\/\/rightstuff.eu\/de\/wp-json\/wp\/v2\/media?parent=29382"}],"wp:term":[{"taxonomy":"product_brand","embeddable":true,"href":"https:\/\/rightstuff.eu\/de\/wp-json\/wp\/v2\/product_brand?post=29382"},{"taxonomy":"product_cat","embeddable":true,"href":"https:\/\/rightstuff.eu\/de\/wp-json\/wp\/v2\/product_cat?post=29382"},{"taxonomy":"product_tag","embeddable":true,"href":"https:\/\/rightstuff.eu\/de\/wp-json\/wp\/v2\/product_tag?post=29382"}],"curies":[{"name":"wp","href":"https:\/\/api.w.org\/{rel}","templated":true}]}}