{"id":29314,"date":"2016-08-08T14:18:10","date_gmt":"2016-08-08T14:18:10","guid":{"rendered":"https:\/\/rightstuff.eu\/shop\/tattoo_machines\/bone\/bone-liner-chrome\/"},"modified":"2025-01-22T01:37:10","modified_gmt":"2025-01-22T00:37:10","slug":"bone-liner-chrome","status":"publish","type":"product","link":"https:\/\/rightstuff.eu\/de\/produkt\/bone-liner-chrome\/","title":{"rendered":"BONE Liner Chrom Tattoo Maschine"},"content":{"rendered":"<p>Die BONE Liner Chrome Tattoo Maschine ist ein hervorragendes Stahlwerkzeug, das gleichm\u00e4\u00dfige Linien und Konturen erzeugt. Die Zeiten, in denen das T\u00e4towieren ein schmerzhafter Prozess war, sind l\u00e4ngst vorbei - heute wird jeder, der sich ein sch\u00f6nes Bild mit spezieller Tinte machen lassen m\u00f6chte, keine unangenehmen Gef\u00fchle mehr empfinden.<\/p>\n<p>Das Hauptprinzip der Arbeit ist ein kurzer, kr\u00e4ftiger Schlag und eine schnelle R\u00fcckkehr. Die Nadel dringt schnell unter die Haut ein, so dass die Farbe nicht weit unter die Haut reicht und der K\u00fcnstler eine feine Skizze anfertigt. Beim T\u00e4towieren von Konturen mit diesem Liner muss die Maschine aufrecht gehalten werden. Ziehen Sie immer an der t\u00e4towierten Haut. \u00dcberanstrengen Sie Ihre Hand nicht, wenn Sie mit dem Liner arbeiten, sonst wird Ihr Arm schnell m\u00fcde. F\u00fchren Sie die T\u00e4towiermaschine nach vorne - das ist unumg\u00e4nglich, um eine klare und perfekte Skizze der T\u00e4towierung zu erhalten.<\/p>\n<p>Der Artikel wiegt 180 Gramm - es ist leicht genug, um nicht das Gef\u00fchl, jede Unannehmlichkeit, wenn es f\u00fcr Stunden. Es kommt mit 25 Millimeter 8 wrap Spulen der besten Qualit\u00e4t. Die Spannung der Maschine betr\u00e4gt 6,6 V - das Ger\u00e4t l\u00e4uft mit 160 Hz.<\/p>","protected":false},"excerpt":{"rendered":"<p>Der Rahmen ist aus einem einzigen St\u00fcck Stahl gefr\u00e4st<\/p>\n<p>Hochwertige Spulen - 25 mm * 8 Windungen<\/p>\n<p>Geschw\u00e4rzter Stahlbeschlag<\/p>\n<p>Bevorzugte Nadeln 3-7RL<\/p>\n<p>Mittlerer Hub<\/p>\n<p>L\u00e4uft 160hz bei 6,6 Volt - unbelastet<\/p>\n<p>Die Tattoo-Maschine wiegt 180 g.<\/p>","protected":false},"featured_media":0,"comment_status":"open","ping_status":"closed","template":"","meta":{"site-sidebar-layout":"","site-content-layout":"","ast-site-content-layout":"default","site-content-style":"default","site-sidebar-style":"default","ast-global-header-display":"","ast-banner-title-visibility":"","ast-main-header-display":"","ast-hfb-above-header-display":"","ast-hfb-below-header-display":"","ast-hfb-mobile-header-display":"","site-post-title":"","ast-breadcrumbs-content":"","ast-featured-img":"","footer-sml-layout":"","ast-disable-related-posts":"","theme-transparent-header-meta":"","adv-header-id-meta":"","stick-header-meta":"","header-above-stick-meta":"","header-main-stick-meta":"","header-below-stick-meta":"","astra-migrate-meta-layouts":"default","ast-page-background-enabled":"default","ast-page-background-meta":{"desktop":{"background-color":"var(--ast-global-color-4)","background-image":"","background-repeat":"repeat","background-position":"center center","background-size":"auto","background-attachment":"scroll","background-type":"","background-media":"","overlay-type":"","overlay-color":"","overlay-opacity":"","overlay-gradient":""},"tablet":{"background-color":"","background-image":"","background-repeat":"repeat","background-position":"center center","background-size":"auto","background-attachment":"scroll","background-type":"","background-media":"","overlay-type":"","overlay-color":"","overlay-opacity":"","overlay-gradient":""},"mobile":{"background-color":"","background-image":"","background-repeat":"repeat","background-position":"center center","background-size":"auto","background-attachment":"scroll","background-type":"","background-media":"","overlay-type":"","overlay-color":"","overlay-opacity":"","overlay-gradient":""}},"ast-content-background-meta":{"desktop":{"background-color":"var(--ast-global-color-5)","background-image":"","background-repeat":"repeat","background-position":"center center","background-size":"auto","background-attachment":"scroll","background-type":"","background-media":"","overlay-type":"","overlay-color":"","overlay-opacity":"","overlay-gradient":""},"tablet":{"background-color":"var(--ast-global-color-5)","background-image":"","background-repeat":"repeat","background-position":"center center","background-size":"auto","background-attachment":"scroll","background-type":"","background-media":"","overlay-type":"","overlay-color":"","overlay-opacity":"","overlay-gradient":""},"mobile":{"background-color":"var(--ast-global-color-5)","background-image":"","background-repeat":"repeat","background-position":"center center","background-size":"auto","background-attachment":"scroll","background-type":"","background-media":"","overlay-type":"","overlay-color":"","overlay-opacity":"","overlay-gradient":""}}},"product_brand":[],"product_cat":[21],"product_tag":[82,93,83,46,99,43,1800,87,1791,91,95,72],"class_list":{"0":"post-29314","1":"product","2":"type-product","3":"status-publish","5":"product_cat-bone","6":"product_tag-coil-tattoo-machines","7":"product_tag-custom-tattoo-guns","8":"product_tag-custom-tattoo-machines","9":"product_tag-fastliner","10":"product_tag-handmade-tattoo-machines","11":"product_tag-liner-tattoo-machine","12":"product_tag-macchinetta-per-tatuaggio-a-bobina","13":"product_tag-professional-tattoo-machines","14":"product_tag-spulen-tattoomaschinen","15":"product_tag-tattoo-equipment","16":"product_tag-tattoo-guns","17":"product_tag-tattoo-machine-coils","18":"pa_brand-rightstuff","19":"desktop-align-center","20":"tablet-align-left","21":"mobile-align-left","22":"ast-product-gallery-layout-horizontal-slider","23":"ast-product-tabs-layout-horizontal","25":"first","26":"outofstock","27":"sale","28":"taxable","29":"shipping-taxable","30":"purchasable","31":"product-type-simple"},"_links":{"self":[{"href":"https:\/\/rightstuff.eu\/de\/wp-json\/wp\/v2\/product\/29314","targetHints":{"allow":["GET"]}}],"collection":[{"href":"https:\/\/rightstuff.eu\/de\/wp-json\/wp\/v2\/product"}],"about":[{"href":"https:\/\/rightstuff.eu\/de\/wp-json\/wp\/v2\/types\/product"}],"replies":[{"embeddable":true,"href":"https:\/\/rightstuff.eu\/de\/wp-json\/wp\/v2\/comments?post=29314"}],"version-history":[{"count":0,"href":"https:\/\/rightstuff.eu\/de\/wp-json\/wp\/v2\/product\/29314\/revisions"}],"wp:attachment":[{"href":"https:\/\/rightstuff.eu\/de\/wp-json\/wp\/v2\/media?parent=29314"}],"wp:term":[{"taxonomy":"product_brand","embeddable":true,"href":"https:\/\/rightstuff.eu\/de\/wp-json\/wp\/v2\/product_brand?post=29314"},{"taxonomy":"product_cat","embeddable":true,"href":"https:\/\/rightstuff.eu\/de\/wp-json\/wp\/v2\/product_cat?post=29314"},{"taxonomy":"product_tag","embeddable":true,"href":"https:\/\/rightstuff.eu\/de\/wp-json\/wp\/v2\/product_tag?post=29314"}],"curies":[{"name":"wp","href":"https:\/\/api.w.org\/{rel}","templated":true}]}}