{"id":28942,"date":"2016-01-21T21:00:45","date_gmt":"2016-01-21T18:00:45","guid":{"rendered":"https:\/\/rightstuff.eu\/shop\/tattoo_machines\/rotary_tattoo_machines\/keg-rotary-tattoo-machine-variableblack\/"},"modified":"2025-02-15T20:19:00","modified_gmt":"2025-02-15T19:19:00","slug":"keg-rotary-tattoo-machine-variableblack","status":"publish","type":"product","link":"https:\/\/rightstuff.eu\/de\/produkt\/keg-rotary-tattoo-machine-variableblack\/","title":{"rendered":"Rotations-T\u00e4towiermaschine - KEG Variable (Schwarz)"},"content":{"rendered":"<p>Heute arbeiten die T\u00e4towierer anders: Die modernen K\u00fcnstler k\u00f6nnen das Bild der Haut komplizierter gestalten. Die Dimensionen und die Form einer T\u00e4towierung h\u00e4ngen jedoch von dem Ort ab, an dem sie angebracht werden soll. Das Bild sollte die Konturen des K\u00f6rpers wiedergeben und nicht zu gro\u00df sein. Wenn ein Bild viele Details hat, solltest du ein gr\u00f6\u00dferes Bild w\u00e4hlen, damit die Details besser zur Geltung kommen.<\/p>\n<p>Dieses KEG nero ist eine variable T\u00e4towiermaschine, mit der du perfekte Hautbilder kreieren kannst. Der Rotateur bedient das Ger\u00e4t und sorgt f\u00fcr die richtige Arbeit. Die leistungsstarke Rotationseinheit mit einer Drehzahl von 8000 Girren\/Min. erzeugt niedrige Ger\u00e4usch- und Vibrationswerte. Dieses Ger\u00e4t aus Aluminiumlegierung (140 g) funktioniert mit einer Spannung von 6,6 V.<\/p>\n<p>Um den gew\u00fcnschten Effekt zu erzielen, muss ein T\u00e4towiermeister den gleichen Bereich der Haut mehrmals umdrehen. Uno strumento rotante unterscheidet sich von un rivestimento. Bei einem Abstand von 1 - 5 mm darf der Handwerker das Ger\u00e4t nicht zu schnell drehen. Altrimenti dannegger\u00e0 la pelle e lascer\u00e0 le cicatrici. Die Verwendung dieses Artikels und \u00e4hnlicher Ger\u00e4te wird f\u00fcr Anf\u00e4nger oder f\u00fcr die Ausf\u00fchrung eines dauerhaften Stichs empfohlen.<\/p>","protected":false},"excerpt":{"rendered":"<p>Direktantrieb <a href=\"https:\/\/rightstuff.eu\/blog\/rotary-vs-spulen-tattoo-maschinen%ef%bf%bc\/\">Rotary Tattoo<\/a> Maschine<\/p>\n<p>Macchina rotativa del tatuaggio di azionamento diretto<\/p>\n<p>Variabler 1mm bis 5mm Hub<br \/>\n8000 UMDREHUNGEN PRO MINUTE<br \/>\nBevorzugte Spannung 6-13 Volt<\/p>\n<p>Empfohlene Nadeln: Bis zu 18 Liner, bis zu 39 Mag<\/p>\n<p>Clip Cord + RCA Anschluss<br \/>\nAluminium K\u00f6rper<br \/>\nGewicht 140 gr.<\/p>","protected":false},"featured_media":56874,"comment_status":"open","ping_status":"closed","template":"","meta":{"site-sidebar-layout":"default","site-content-layout":"","ast-site-content-layout":"default","site-content-style":"default","site-sidebar-style":"default","ast-global-header-display":"","ast-banner-title-visibility":"","ast-main-header-display":"","ast-hfb-above-header-display":"","ast-hfb-below-header-display":"","ast-hfb-mobile-header-display":"","site-post-title":"","ast-breadcrumbs-content":"","ast-featured-img":"","footer-sml-layout":"","ast-disable-related-posts":"","theme-transparent-header-meta":"default","adv-header-id-meta":"","stick-header-meta":"default","header-above-stick-meta":"","header-main-stick-meta":"","header-below-stick-meta":"","astra-migrate-meta-layouts":"set","ast-page-background-enabled":"default","ast-page-background-meta":{"desktop":{"background-color":"var(--ast-global-color-4)","background-image":"","background-repeat":"repeat","background-position":"center center","background-size":"auto","background-attachment":"scroll","background-type":"","background-media":"","overlay-type":"","overlay-color":"","overlay-opacity":"","overlay-gradient":""},"tablet":{"background-color":"","background-image":"","background-repeat":"repeat","background-position":"center center","background-size":"auto","background-attachment":"scroll","background-type":"","background-media":"","overlay-type":"","overlay-color":"","overlay-opacity":"","overlay-gradient":""},"mobile":{"background-color":"","background-image":"","background-repeat":"repeat","background-position":"center center","background-size":"auto","background-attachment":"scroll","background-type":"","background-media":"","overlay-type":"","overlay-color":"","overlay-opacity":"","overlay-gradient":""}},"ast-content-background-meta":{"desktop":{"background-color":"var(--ast-global-color-5)","background-image":"","background-repeat":"repeat","background-position":"center center","background-size":"auto","background-attachment":"scroll","background-type":"","background-media":"","overlay-type":"","overlay-color":"","overlay-opacity":"","overlay-gradient":""},"tablet":{"background-color":"var(--ast-global-color-5)","background-image":"","background-repeat":"repeat","background-position":"center center","background-size":"auto","background-attachment":"scroll","background-type":"","background-media":"","overlay-type":"","overlay-color":"","overlay-opacity":"","overlay-gradient":""},"mobile":{"background-color":"var(--ast-global-color-5)","background-image":"","background-repeat":"repeat","background-position":"center center","background-size":"auto","background-attachment":"scroll","background-type":"","background-media":"","overlay-type":"","overlay-color":"","overlay-opacity":"","overlay-gradient":""}}},"product_brand":[],"product_cat":[1995],"product_tag":[101,93,83,74,100,99,87,98,48,97,1792,91,95,23,72],"class_list":{"0":"post-28942","1":"product","2":"type-product","3":"status-publish","4":"has-post-thumbnail","6":"product_cat-variable","7":"product_tag-custom-rotary-machines","8":"product_tag-custom-tattoo-guns","9":"product_tag-custom-tattoo-machines","10":"product_tag-direct-drive-tattoo-machine","11":"product_tag-handmade-rotary-tattoo-machines","12":"product_tag-handmade-tattoo-machines","13":"product_tag-professional-tattoo-machines","14":"product_tag-rotary-tattoo-guns","15":"product_tag-rotary-tattoo-machine","16":"product_tag-rotary-tattoo-pen","17":"product_tag-rotary-tattoomaschinen","18":"product_tag-tattoo-equipment","19":"product_tag-tattoo-guns","20":"product_tag-tattoo-machine","21":"product_tag-tattoo-machine-coils","22":"pa_brand-rightstuff","23":"desktop-align-center","24":"tablet-align-left","25":"mobile-align-left","26":"ast-product-gallery-layout-horizontal-slider","27":"ast-product-tabs-layout-horizontal","29":"first","30":"outofstock","31":"sale","32":"taxable","33":"shipping-taxable","34":"purchasable","35":"product-type-simple"},"_links":{"self":[{"href":"https:\/\/rightstuff.eu\/de\/wp-json\/wp\/v2\/product\/28942","targetHints":{"allow":["GET"]}}],"collection":[{"href":"https:\/\/rightstuff.eu\/de\/wp-json\/wp\/v2\/product"}],"about":[{"href":"https:\/\/rightstuff.eu\/de\/wp-json\/wp\/v2\/types\/product"}],"replies":[{"embeddable":true,"href":"https:\/\/rightstuff.eu\/de\/wp-json\/wp\/v2\/comments?post=28942"}],"version-history":[{"count":0,"href":"https:\/\/rightstuff.eu\/de\/wp-json\/wp\/v2\/product\/28942\/revisions"}],"wp:featuredmedia":[{"embeddable":true,"href":"https:\/\/rightstuff.eu\/de\/wp-json\/wp\/v2\/media\/56874"}],"wp:attachment":[{"href":"https:\/\/rightstuff.eu\/de\/wp-json\/wp\/v2\/media?parent=28942"}],"wp:term":[{"taxonomy":"product_brand","embeddable":true,"href":"https:\/\/rightstuff.eu\/de\/wp-json\/wp\/v2\/product_brand?post=28942"},{"taxonomy":"product_cat","embeddable":true,"href":"https:\/\/rightstuff.eu\/de\/wp-json\/wp\/v2\/product_cat?post=28942"},{"taxonomy":"product_tag","embeddable":true,"href":"https:\/\/rightstuff.eu\/de\/wp-json\/wp\/v2\/product_tag?post=28942"}],"curies":[{"name":"wp","href":"https:\/\/api.w.org\/{rel}","templated":true}]}}