{"id":28939,"date":"2016-01-21T21:00:10","date_gmt":"2016-01-21T18:00:10","guid":{"rendered":"https:\/\/rightstuff.eu\/shop\/tattoo_machines\/rotary_tattoo_machines\/keg-rotary-tattoo-variable-red\/"},"modified":"2026-03-20T15:29:43","modified_gmt":"2026-03-20T14:29:43","slug":"keg-rotary-tattoo-variable-red","status":"publish","type":"product","link":"https:\/\/rightstuff.eu\/de\/produkt\/keg-rotary-tattoo-variable-red\/","title":{"rendered":"KEG - Rotations-Tattoomaschine Variabel (Rot)"},"content":{"rendered":"<p>Drehvorrichtungen f\u00fcr Tattoos unterscheiden sich von <a href=\"https:\/\/rightstuff.eu\/blog\/tattoo-instruments\/\">Induktionsmaschinen<\/a> durch das Vorhandensein eines kleinen, leistungsstarken Rotors. Dank dieser Besonderheit kann der K\u00fcnstler die Geschwindigkeit der Nadelbewegung und zus\u00e4tzlich die Kraft des Einstichs leicht einstellen. Die Nadel des einfachsten Rotationsger\u00e4ts, die in eine spezielle Farbe gestochen wird, dringt mit einer Geschwindigkeit von 50 bis 1000 Mal pro Minute etwa 2 mm in die Haut ein. Red KEG - Rotations-T\u00e4towiermaschine Variable arbeitet mit einer Geschwindigkeit von 8 000 U\/min und macht 1 - 5 mm Hub! Das bedeutet, dass der Kunde nie ein schmerzhaftes Gef\u00fchl hat. Durch den schnellen Betrieb vibriert das Ger\u00e4t leicht. Die Person, die mit diesem Ger\u00e4t arbeitet, sp\u00fcrt keine M\u00fcdigkeit, und auch der Kunde entspannt sich. Dieses Ger\u00e4t eignet sich besser f\u00fcr Linien und Permanent Make-up. Das Schattieren mit diesem Ger\u00e4t ist ein l\u00e4ngerer Vorgang, der leichte Schmerzen verursachen kann.<\/p>\n<p>Dieses Ger\u00e4t mit Direktantrieb arbeitet mit einer Spannung von 6 -13 V. Dank seines geringen Gewichts (145 g) entscheiden sich viele Profis und K\u00fcnstler, die gerade erst mit der Arbeit an Tattoos beginnen, f\u00fcr dieses kompakte Ger\u00e4t.<\/p>","protected":false},"excerpt":{"rendered":"<p>Direktantrieb Rotations-T\u00e4towiermaschine<\/p>\n<p><span id=\"ouHighlight__27_33TO0_6\" class=\"\">Maschine<\/span><span id=\"noHighlight_0.990307191206219\"> \u00e0 <\/span><span id=\"ouHighlight__20_25TO10_16\" class=\"\">tatouer<\/span><span id=\"noHighlight_0.6734024697989509\"> <\/span><span id=\"ouHighlight__13_18TO18_25\" class=\"\">drehbar<\/span><span id=\"noHighlight_0.7291035904189412\"> <\/span><span id=\"ouHighlight__7_11TO27_38\" class=\"\">entra\u00eenement<\/span><span id=\"noHighlight_0.6310912431932147\"> <\/span><span id=\"ouHighlight__0_5TO40_45\" class=\"\">direkt<\/span><\/p>\n<p>Variabler 1mm bis 5mm Hub<br \/>\n8000 UMDREHUNGEN PRO MINUTE<br \/>\nBevorzugte Spannung 6-13 Volt<\/p>\n<p>Empfohlene Nadeln: Bis zu 18 Liner, bis zu 39 Mag<\/p>\n<p>Clip Cord + RCA Anschluss<br \/>\nAluminium K\u00f6rper<br \/>\nGewicht 140 gr.<\/p>","protected":false},"featured_media":56888,"comment_status":"open","ping_status":"closed","template":"","meta":{"site-sidebar-layout":"default","site-content-layout":"","ast-site-content-layout":"default","site-content-style":"default","site-sidebar-style":"default","ast-global-header-display":"","ast-banner-title-visibility":"","ast-main-header-display":"","ast-hfb-above-header-display":"","ast-hfb-below-header-display":"","ast-hfb-mobile-header-display":"","site-post-title":"","ast-breadcrumbs-content":"","ast-featured-img":"","footer-sml-layout":"","ast-disable-related-posts":"","theme-transparent-header-meta":"default","adv-header-id-meta":"","stick-header-meta":"default","header-above-stick-meta":"","header-main-stick-meta":"","header-below-stick-meta":"","astra-migrate-meta-layouts":"set","ast-page-background-enabled":"default","ast-page-background-meta":{"desktop":{"background-color":"var(--ast-global-color-4)","background-image":"","background-repeat":"repeat","background-position":"center center","background-size":"auto","background-attachment":"scroll","background-type":"","background-media":"","overlay-type":"","overlay-color":"","overlay-opacity":"","overlay-gradient":""},"tablet":{"background-color":"","background-image":"","background-repeat":"repeat","background-position":"center center","background-size":"auto","background-attachment":"scroll","background-type":"","background-media":"","overlay-type":"","overlay-color":"","overlay-opacity":"","overlay-gradient":""},"mobile":{"background-color":"","background-image":"","background-repeat":"repeat","background-position":"center center","background-size":"auto","background-attachment":"scroll","background-type":"","background-media":"","overlay-type":"","overlay-color":"","overlay-opacity":"","overlay-gradient":""}},"ast-content-background-meta":{"desktop":{"background-color":"var(--ast-global-color-5)","background-image":"","background-repeat":"repeat","background-position":"center center","background-size":"auto","background-attachment":"scroll","background-type":"","background-media":"","overlay-type":"","overlay-color":"","overlay-opacity":"","overlay-gradient":""},"tablet":{"background-color":"var(--ast-global-color-5)","background-image":"","background-repeat":"repeat","background-position":"center center","background-size":"auto","background-attachment":"scroll","background-type":"","background-media":"","overlay-type":"","overlay-color":"","overlay-opacity":"","overlay-gradient":""},"mobile":{"background-color":"var(--ast-global-color-5)","background-image":"","background-repeat":"repeat","background-position":"center center","background-size":"auto","background-attachment":"scroll","background-type":"","background-media":"","overlay-type":"","overlay-color":"","overlay-opacity":"","overlay-gradient":""}}},"product_brand":[],"product_cat":[1995],"product_tag":[101,93,83,74,100,99,43,87,98,48,97,1792,1797,45,91,95,72,96],"class_list":{"0":"post-28939","1":"product","2":"type-product","3":"status-publish","4":"has-post-thumbnail","6":"product_cat-variable","7":"product_tag-custom-rotary-machines","8":"product_tag-custom-tattoo-guns","9":"product_tag-custom-tattoo-machines","10":"product_tag-direct-drive-tattoo-machine","11":"product_tag-handmade-rotary-tattoo-machines","12":"product_tag-handmade-tattoo-machines","13":"product_tag-liner-tattoo-machine","14":"product_tag-professional-tattoo-machines","15":"product_tag-rotary-tattoo-guns","16":"product_tag-rotary-tattoo-machine","17":"product_tag-rotary-tattoo-pen","18":"product_tag-rotary-tattoomaschinen","19":"product_tag-rotative-machines-a-tatouer","20":"product_tag-shader-tattoo-machine","21":"product_tag-tattoo-equipment","22":"product_tag-tattoo-guns","23":"product_tag-tattoo-machine-coils","24":"product_tag-tattoo-shading-guns","25":"pa_brand-rightstuff","26":"desktop-align-center","27":"tablet-align-left","28":"mobile-align-left","29":"ast-product-gallery-layout-horizontal-slider","30":"ast-product-tabs-layout-horizontal","32":"first","33":"instock","34":"sale","35":"taxable","36":"shipping-taxable","37":"purchasable","38":"product-type-simple"},"_links":{"self":[{"href":"https:\/\/rightstuff.eu\/de\/wp-json\/wp\/v2\/product\/28939","targetHints":{"allow":["GET"]}}],"collection":[{"href":"https:\/\/rightstuff.eu\/de\/wp-json\/wp\/v2\/product"}],"about":[{"href":"https:\/\/rightstuff.eu\/de\/wp-json\/wp\/v2\/types\/product"}],"replies":[{"embeddable":true,"href":"https:\/\/rightstuff.eu\/de\/wp-json\/wp\/v2\/comments?post=28939"}],"version-history":[{"count":0,"href":"https:\/\/rightstuff.eu\/de\/wp-json\/wp\/v2\/product\/28939\/revisions"}],"wp:featuredmedia":[{"embeddable":true,"href":"https:\/\/rightstuff.eu\/de\/wp-json\/wp\/v2\/media\/56888"}],"wp:attachment":[{"href":"https:\/\/rightstuff.eu\/de\/wp-json\/wp\/v2\/media?parent=28939"}],"wp:term":[{"taxonomy":"product_brand","embeddable":true,"href":"https:\/\/rightstuff.eu\/de\/wp-json\/wp\/v2\/product_brand?post=28939"},{"taxonomy":"product_cat","embeddable":true,"href":"https:\/\/rightstuff.eu\/de\/wp-json\/wp\/v2\/product_cat?post=28939"},{"taxonomy":"product_tag","embeddable":true,"href":"https:\/\/rightstuff.eu\/de\/wp-json\/wp\/v2\/product_tag?post=28939"}],"curies":[{"name":"wp","href":"https:\/\/api.w.org\/{rel}","templated":true}]}}