{"id":28819,"date":"2015-11-12T14:00:36","date_gmt":"2015-11-12T11:00:36","guid":{"rendered":"https:\/\/rightstuff.eu\/shop\/machines\/rotary\/keg-slide-rotary-tattoo-machine-red\/"},"modified":"2026-01-27T18:02:27","modified_gmt":"2026-01-27T17:02:27","slug":"keg-slide-rotary-tattoo-machine-red","status":"publish","type":"product","link":"https:\/\/rightstuff.eu\/de\/produkt\/keg-slide-rotary-tattoo-machine-red\/","title":{"rendered":"KEG - Slide Rotary Tattoo Maschine (Rot)"},"content":{"rendered":"<p>Seit der Zeit, als Samuel O`Reilly, der ber\u00fchmte Tattoo-Meister, die <a href=\"https:\/\/rightstuff.eu\/blog\/expensive-tattoo-guns\/\">Elektrische Tattoo-Pistole<\/a> Im Jahr 1891 kamen weltweit neue T\u00e4towierger\u00e4te auf den Markt. Die Slide Rotary Tattoo-Maschine ist eines der bekanntesten Ger\u00e4te. Sie arbeitet mit einem Exzenter, der die Drehung des Motors in eine R\u00fcckbewegung der Nadeln umwandelt. Sie arbeitet mit einem leisen Summton, w\u00e4hrend die Induktionsmaschine mit einem lauten Knacken arbeitet.<\/p>\n<p>Da es bei diesem Drehger\u00e4t kein Sto\u00dfmoment gibt, ist die Vibration geringer. Dadurch kann der T\u00e4towierer kleine Details des Bildes ausarbeiten und die Fehlerwahrscheinlichkeit verringern. Das ist ein sehr wichtiger Vorteil, vor allem f\u00fcr Anf\u00e4nger\/innen. Mit der Rotationsmaschine kannst du Softline\/Hardline-Kategorien verwenden, was die Arbeit des Meisters angenehmer macht und auch das Risiko verringert, einen Kunden zu verletzen. Rotationspistolen werden vor allem f\u00fcr mehrfarbige Kunstwerke verwendet, bei denen Geschwindigkeit und Liniendichte nicht die wichtigsten Faktoren sind.<\/p>","protected":false},"excerpt":{"rendered":"<p>Slide Rotary Tattoo Maschine<\/p>\n<p>4,2 mm Hub<br \/>\n8000 UMDREHUNGEN PRO MINUTE<br \/>\nBevorzugte Spannung 6-13 Volt<\/p>\n<p>Empfohlene Nadeln: Bis zu 9 Liner, bis zu 23 Mag<br \/>\nAluminium K\u00f6rper<br \/>\nGewicht 120 gr.<br \/>\nClip Cord und RCA<\/p>","protected":false},"featured_media":56915,"comment_status":"open","ping_status":"closed","template":"","meta":{"site-sidebar-layout":"default","site-content-layout":"","ast-site-content-layout":"default","site-content-style":"default","site-sidebar-style":"default","ast-global-header-display":"","ast-banner-title-visibility":"","ast-main-header-display":"","ast-hfb-above-header-display":"","ast-hfb-below-header-display":"","ast-hfb-mobile-header-display":"","site-post-title":"","ast-breadcrumbs-content":"","ast-featured-img":"","footer-sml-layout":"","ast-disable-related-posts":"","theme-transparent-header-meta":"default","adv-header-id-meta":"","stick-header-meta":"default","header-above-stick-meta":"","header-main-stick-meta":"","header-below-stick-meta":"","astra-migrate-meta-layouts":"set","ast-page-background-enabled":"default","ast-page-background-meta":{"desktop":{"background-color":"var(--ast-global-color-4)","background-image":"","background-repeat":"repeat","background-position":"center center","background-size":"auto","background-attachment":"scroll","background-type":"","background-media":"","overlay-type":"","overlay-color":"","overlay-opacity":"","overlay-gradient":""},"tablet":{"background-color":"","background-image":"","background-repeat":"repeat","background-position":"center center","background-size":"auto","background-attachment":"scroll","background-type":"","background-media":"","overlay-type":"","overlay-color":"","overlay-opacity":"","overlay-gradient":""},"mobile":{"background-color":"","background-image":"","background-repeat":"repeat","background-position":"center center","background-size":"auto","background-attachment":"scroll","background-type":"","background-media":"","overlay-type":"","overlay-color":"","overlay-opacity":"","overlay-gradient":""}},"ast-content-background-meta":{"desktop":{"background-color":"var(--ast-global-color-5)","background-image":"","background-repeat":"repeat","background-position":"center center","background-size":"auto","background-attachment":"scroll","background-type":"","background-media":"","overlay-type":"","overlay-color":"","overlay-opacity":"","overlay-gradient":""},"tablet":{"background-color":"var(--ast-global-color-5)","background-image":"","background-repeat":"repeat","background-position":"center center","background-size":"auto","background-attachment":"scroll","background-type":"","background-media":"","overlay-type":"","overlay-color":"","overlay-opacity":"","overlay-gradient":""},"mobile":{"background-color":"var(--ast-global-color-5)","background-image":"","background-repeat":"repeat","background-position":"center center","background-size":"auto","background-attachment":"scroll","background-type":"","background-media":"","overlay-type":"","overlay-color":"","overlay-opacity":"","overlay-gradient":""}}},"product_brand":[],"product_cat":[1996],"product_tag":[101,93,83,100,99,87,98,48,97,1792,91,95,72,41],"class_list":{"0":"post-28819","1":"product","2":"type-product","3":"status-publish","4":"has-post-thumbnail","6":"product_cat-slide","7":"product_tag-custom-rotary-machines","8":"product_tag-custom-tattoo-guns","9":"product_tag-custom-tattoo-machines","10":"product_tag-handmade-rotary-tattoo-machines","11":"product_tag-handmade-tattoo-machines","12":"product_tag-professional-tattoo-machines","13":"product_tag-rotary-tattoo-guns","14":"product_tag-rotary-tattoo-machine","15":"product_tag-rotary-tattoo-pen","16":"product_tag-rotary-tattoomaschinen","17":"product_tag-tattoo-equipment","18":"product_tag-tattoo-guns","19":"product_tag-tattoo-machine-coils","20":"product_tag-tattoo-machines","21":"pa_brand-rightstuff","22":"desktop-align-center","23":"tablet-align-left","24":"mobile-align-left","25":"ast-product-gallery-layout-horizontal-slider","26":"ast-product-tabs-layout-horizontal","28":"first","29":"instock","30":"sale","31":"taxable","32":"shipping-taxable","33":"purchasable","34":"product-type-simple"},"_links":{"self":[{"href":"https:\/\/rightstuff.eu\/de\/wp-json\/wp\/v2\/product\/28819","targetHints":{"allow":["GET"]}}],"collection":[{"href":"https:\/\/rightstuff.eu\/de\/wp-json\/wp\/v2\/product"}],"about":[{"href":"https:\/\/rightstuff.eu\/de\/wp-json\/wp\/v2\/types\/product"}],"replies":[{"embeddable":true,"href":"https:\/\/rightstuff.eu\/de\/wp-json\/wp\/v2\/comments?post=28819"}],"version-history":[{"count":0,"href":"https:\/\/rightstuff.eu\/de\/wp-json\/wp\/v2\/product\/28819\/revisions"}],"wp:featuredmedia":[{"embeddable":true,"href":"https:\/\/rightstuff.eu\/de\/wp-json\/wp\/v2\/media\/56915"}],"wp:attachment":[{"href":"https:\/\/rightstuff.eu\/de\/wp-json\/wp\/v2\/media?parent=28819"}],"wp:term":[{"taxonomy":"product_brand","embeddable":true,"href":"https:\/\/rightstuff.eu\/de\/wp-json\/wp\/v2\/product_brand?post=28819"},{"taxonomy":"product_cat","embeddable":true,"href":"https:\/\/rightstuff.eu\/de\/wp-json\/wp\/v2\/product_cat?post=28819"},{"taxonomy":"product_tag","embeddable":true,"href":"https:\/\/rightstuff.eu\/de\/wp-json\/wp\/v2\/product_tag?post=28819"}],"curies":[{"name":"wp","href":"https:\/\/api.w.org\/{rel}","templated":true}]}}