{"id":28818,"date":"2015-11-12T14:00:36","date_gmt":"2015-11-12T11:00:36","guid":{"rendered":"https:\/\/rightstuff.eu\/shop\/machines\/rotary\/keg-slide-rotary-tattoo-machine-blck\/"},"modified":"2026-01-27T18:02:03","modified_gmt":"2026-01-27T17:02:03","slug":"keg-slide-rotary-tattoo-machine-blck","status":"publish","type":"product","link":"https:\/\/rightstuff.eu\/de\/produkt\/keg-slide-rotary-tattoo-machine-blck\/","title":{"rendered":"KEG Slide Rotary Tattoo Maschine (Schwarz)"},"content":{"rendered":"<p>Die Menschheit hat schon vor Tausenden von Jahren damit begonnen, Rotationsmechanismen zu nutzen - noch vor der Zeit, als jeder sicher war, dass unsere Erde flach ist. Im fr\u00fchen Mittelalter und ein paar hundert Jahre fr\u00fcher drehten sich Windm\u00fchlen auf den Feldern - das waren die primitivsten Rotormechanismen.<\/p>\n<p>Heute ist der kleinste Kreiselmotor perfekt in der Welt der k\u00fcnstlerischen Tattoos angesiedelt. Zum Beispiel, KEG Slide <a href=\"https:\/\/rightstuff.eu\/blog\/different-types-rotary-tattoo-machines-explained\/\">Rotierende Tattoo-Maschine<\/a> (Schwarz) ist ein heller Vertreter dieser Ger\u00e4te.<\/p>\n<p>In dieser Einheit treibt das Lager ein kleines Element an, das als Schlitten oder Stift bezeichnet wird. Die R\u00fcckholfeder l\u00e4sst dieses Element sanft auf und ab gleiten und sorgt f\u00fcr einen stabilen Nadelhub von 3, 6 mm. Bei einer Geschwindigkeit von 8000 RM und einer Spannung von 6 - 13 V wiegt diese leichte Aluminiummaschine nur 120 Gramm.<\/p>\n<p>Rotationsmaschinen werden immer beliebter und ersetzen allm\u00e4hlich die klassischen Induktionsger\u00e4te zur Erstellung von Hautbildern - Tattoos. Das Geheimnis ihres Erfolgs ist ganz einfach: Sie bieten eine einzigartige Vielseitigkeit zu einem nachhaltigen Preis.<\/p>","protected":false},"excerpt":{"rendered":"<p>Rotierende Tattoo-Maschine<\/p>\n<p>4.2 mm stroke<br \/>\n8000 UMDREHUNGEN PRO MINUTE<br \/>\nBevorzugte Spannung 6-13 Volt<\/p>\n<p>Empfohlene Nadeln: Bis zu 9 Liner, bis zu 23 Mag<br \/>\nAluminium K\u00f6rper<br \/>\nGewicht 120 gr.<br \/>\nClip Cord und RCA<\/p>","protected":false},"featured_media":56893,"comment_status":"open","ping_status":"closed","template":"","meta":{"site-sidebar-layout":"default","site-content-layout":"","ast-site-content-layout":"default","site-content-style":"default","site-sidebar-style":"default","ast-global-header-display":"","ast-banner-title-visibility":"","ast-main-header-display":"","ast-hfb-above-header-display":"","ast-hfb-below-header-display":"","ast-hfb-mobile-header-display":"","site-post-title":"","ast-breadcrumbs-content":"","ast-featured-img":"","footer-sml-layout":"","ast-disable-related-posts":"","theme-transparent-header-meta":"default","adv-header-id-meta":"","stick-header-meta":"default","header-above-stick-meta":"","header-main-stick-meta":"","header-below-stick-meta":"","astra-migrate-meta-layouts":"set","ast-page-background-enabled":"default","ast-page-background-meta":{"desktop":{"background-color":"var(--ast-global-color-4)","background-image":"","background-repeat":"repeat","background-position":"center center","background-size":"auto","background-attachment":"scroll","background-type":"","background-media":"","overlay-type":"","overlay-color":"","overlay-opacity":"","overlay-gradient":""},"tablet":{"background-color":"","background-image":"","background-repeat":"repeat","background-position":"center center","background-size":"auto","background-attachment":"scroll","background-type":"","background-media":"","overlay-type":"","overlay-color":"","overlay-opacity":"","overlay-gradient":""},"mobile":{"background-color":"","background-image":"","background-repeat":"repeat","background-position":"center center","background-size":"auto","background-attachment":"scroll","background-type":"","background-media":"","overlay-type":"","overlay-color":"","overlay-opacity":"","overlay-gradient":""}},"ast-content-background-meta":{"desktop":{"background-color":"var(--ast-global-color-5)","background-image":"","background-repeat":"repeat","background-position":"center center","background-size":"auto","background-attachment":"scroll","background-type":"","background-media":"","overlay-type":"","overlay-color":"","overlay-opacity":"","overlay-gradient":""},"tablet":{"background-color":"var(--ast-global-color-5)","background-image":"","background-repeat":"repeat","background-position":"center center","background-size":"auto","background-attachment":"scroll","background-type":"","background-media":"","overlay-type":"","overlay-color":"","overlay-opacity":"","overlay-gradient":""},"mobile":{"background-color":"var(--ast-global-color-5)","background-image":"","background-repeat":"repeat","background-position":"center center","background-size":"auto","background-attachment":"scroll","background-type":"","background-media":"","overlay-type":"","overlay-color":"","overlay-opacity":"","overlay-gradient":""}}},"product_brand":[],"product_cat":[1996],"product_tag":[101,93,83,100,99,87,98,48,1806,97,1792,91,95,23,72],"class_list":{"0":"post-28818","1":"product","2":"type-product","3":"status-publish","4":"has-post-thumbnail","6":"product_cat-slide","7":"product_tag-custom-rotary-machines","8":"product_tag-custom-tattoo-guns","9":"product_tag-custom-tattoo-machines","10":"product_tag-handmade-rotary-tattoo-machines","11":"product_tag-handmade-tattoo-machines","12":"product_tag-professional-tattoo-machines","13":"product_tag-rotary-tattoo-guns","14":"product_tag-rotary-tattoo-machine","15":"product_tag-rotary-tattoo-machines","16":"product_tag-rotary-tattoo-pen","17":"product_tag-rotary-tattoomaschinen","18":"product_tag-tattoo-equipment","19":"product_tag-tattoo-guns","20":"product_tag-tattoo-machine","21":"product_tag-tattoo-machine-coils","22":"pa_brand-rightstuff","23":"desktop-align-center","24":"tablet-align-left","25":"mobile-align-left","26":"ast-product-gallery-layout-horizontal-slider","27":"ast-product-tabs-layout-horizontal","29":"first","30":"instock","31":"sale","32":"taxable","33":"shipping-taxable","34":"purchasable","35":"product-type-simple"},"_links":{"self":[{"href":"https:\/\/rightstuff.eu\/de\/wp-json\/wp\/v2\/product\/28818","targetHints":{"allow":["GET"]}}],"collection":[{"href":"https:\/\/rightstuff.eu\/de\/wp-json\/wp\/v2\/product"}],"about":[{"href":"https:\/\/rightstuff.eu\/de\/wp-json\/wp\/v2\/types\/product"}],"replies":[{"embeddable":true,"href":"https:\/\/rightstuff.eu\/de\/wp-json\/wp\/v2\/comments?post=28818"}],"version-history":[{"count":0,"href":"https:\/\/rightstuff.eu\/de\/wp-json\/wp\/v2\/product\/28818\/revisions"}],"wp:featuredmedia":[{"embeddable":true,"href":"https:\/\/rightstuff.eu\/de\/wp-json\/wp\/v2\/media\/56893"}],"wp:attachment":[{"href":"https:\/\/rightstuff.eu\/de\/wp-json\/wp\/v2\/media?parent=28818"}],"wp:term":[{"taxonomy":"product_brand","embeddable":true,"href":"https:\/\/rightstuff.eu\/de\/wp-json\/wp\/v2\/product_brand?post=28818"},{"taxonomy":"product_cat","embeddable":true,"href":"https:\/\/rightstuff.eu\/de\/wp-json\/wp\/v2\/product_cat?post=28818"},{"taxonomy":"product_tag","embeddable":true,"href":"https:\/\/rightstuff.eu\/de\/wp-json\/wp\/v2\/product_tag?post=28818"}],"curies":[{"name":"wp","href":"https:\/\/api.w.org\/{rel}","templated":true}]}}