{"id":28729,"date":"2015-09-29T11:23:07","date_gmt":"2015-09-29T11:23:07","guid":{"rendered":"https:\/\/rightstuff.eu\/shop\/machines\/bone\/bone-cpr-liner-p-m\/"},"modified":"2025-01-22T01:37:12","modified_gmt":"2025-01-22T00:37:12","slug":"bone-cpr-liner-p-m","status":"publish","type":"product","link":"https:\/\/rightstuff.eu\/de\/produkt\/bone-cpr-liner-p-m\/","title":{"rendered":"BONE Liner P.M Bronze Tattoo Maschine"},"content":{"rendered":"<p>Du suchst eine Tattoo-Maschine, mit der du tolle Ergebnisse erzielen kannst? Diese Maschine ist ein handgefertigtes Ger\u00e4t, das als Liner konfiguriert ist. Die hohe Qualit\u00e4t des Tattoos und die gute Arbeit werden durch 135 Hz bei 6,6 Volt und eine Vielzahl von Nadeln von 3 bis 9 RL mit extra langen Strichen garantiert.<\/p>\n<p>Die Form der Maschine ist ideal f\u00fcr komfortables Arbeiten, die Haltbarkeit wird durch gebl\u00e4ute Stahlteile und einen aus einem St\u00fcck gefertigten Bronzerahmen gew\u00e4hrleistet. Das Gesamtgewicht des Ger\u00e4ts betr\u00e4gt 180 g. 8 Wraps und 26-mm-Spulen von hoher Qualit\u00e4t sorgen f\u00fcr perfekte Ergebnisse sowohl bei Anf\u00e4ngern als auch bei Veteranen. Eine erstklassige Maschine, eine gute Wahl f\u00fcr ein gut aussehendes Tattoo. Das K\u00e4mpfen mit diesem Liner macht die Arbeit einfacher und angenehmer und gibt dir die M\u00f6glichkeit, dich auf deine Kunst zu konzentrieren. Insgesamt liefert das Ger\u00e4t perfekte Ergebnisse mit sauberen und pr\u00e4zisen T\u00e4towierungen. Du bekommst diesen Liner zu einem g\u00fcnstigen Preis, aber du bekommst die ideale Maschine, um Meisterwerke zu schaffen.<\/p>\n<p>&nbsp;<\/p>\n<p>Du kannst auch kaufen <a href=\"https:\/\/rightstuff.eu\/product-category\/needles\/\">Nadeln f\u00fcr BONE Liner P.M Bronze Tattoo Maschine<\/a> und <a href=\"https:\/\/rightstuff.eu\/product-tag\/tattoo-supplies\/\">Hochwertige Versorgung<\/a>:<\/p>\n<p><a href=\"https:\/\/rightstuff.eu\/product-category\/needles\/\"><img decoding=\"async\" src=\"https:\/\/rightstuff.eu\/wp-content\/uploads\/2013\/12\/11m2-300x225.jpg\" alt=\"\" title=\"\"><\/a><br \/>\n<a href=\"https:\/\/rightstuff.eu\/product-tag\/tattoo-supplies\/\"><img decoding=\"async\" src=\"https:\/\/rightstuff.eu\/wp-content\/uploads\/2016\/05\/IMG_1099-300x225.jpg\" alt=\"\" title=\"\"><\/a><\/p>","protected":false},"excerpt":{"rendered":"<p>Spulen-T\u00e4towiermaschine<\/p>\n<p>Der Rahmen ist aus einem einzigen St\u00fcck Bronze gefr\u00e4st<\/p>\n<p>Hochwertige Coils - 26 mm * 8 Wicklungen<\/p>\n<p>Beschl\u00e4ge aus gebl\u00e4utem Stahl<\/p>\n<p>Bevorzugte Nadeln 3-9RL<\/p>\n<p>Extra langer Hub<\/p>\n<p>L\u00e4uft 135hz bei 6,6 Volt - unbelastet<\/p>\n<p>Die Tattoo-Maschine wiegt 180 g.<\/p>","protected":false},"featured_media":49295,"comment_status":"open","ping_status":"closed","template":"","meta":{"site-sidebar-layout":"","site-content-layout":"","ast-site-content-layout":"default","site-content-style":"default","site-sidebar-style":"default","ast-global-header-display":"","ast-banner-title-visibility":"","ast-main-header-display":"","ast-hfb-above-header-display":"","ast-hfb-below-header-display":"","ast-hfb-mobile-header-display":"","site-post-title":"","ast-breadcrumbs-content":"","ast-featured-img":"","footer-sml-layout":"","ast-disable-related-posts":"","theme-transparent-header-meta":"","adv-header-id-meta":"","stick-header-meta":"","header-above-stick-meta":"","header-main-stick-meta":"","header-below-stick-meta":"","astra-migrate-meta-layouts":"default","ast-page-background-enabled":"default","ast-page-background-meta":{"desktop":{"background-color":"var(--ast-global-color-4)","background-image":"","background-repeat":"repeat","background-position":"center center","background-size":"auto","background-attachment":"scroll","background-type":"","background-media":"","overlay-type":"","overlay-color":"","overlay-opacity":"","overlay-gradient":""},"tablet":{"background-color":"","background-image":"","background-repeat":"repeat","background-position":"center center","background-size":"auto","background-attachment":"scroll","background-type":"","background-media":"","overlay-type":"","overlay-color":"","overlay-opacity":"","overlay-gradient":""},"mobile":{"background-color":"","background-image":"","background-repeat":"repeat","background-position":"center center","background-size":"auto","background-attachment":"scroll","background-type":"","background-media":"","overlay-type":"","overlay-color":"","overlay-opacity":"","overlay-gradient":""}},"ast-content-background-meta":{"desktop":{"background-color":"var(--ast-global-color-5)","background-image":"","background-repeat":"repeat","background-position":"center center","background-size":"auto","background-attachment":"scroll","background-type":"","background-media":"","overlay-type":"","overlay-color":"","overlay-opacity":"","overlay-gradient":""},"tablet":{"background-color":"var(--ast-global-color-5)","background-image":"","background-repeat":"repeat","background-position":"center center","background-size":"auto","background-attachment":"scroll","background-type":"","background-media":"","overlay-type":"","overlay-color":"","overlay-opacity":"","overlay-gradient":""},"mobile":{"background-color":"var(--ast-global-color-5)","background-image":"","background-repeat":"repeat","background-position":"center center","background-size":"auto","background-attachment":"scroll","background-type":"","background-media":"","overlay-type":"","overlay-color":"","overlay-opacity":"","overlay-gradient":""}}},"product_brand":[],"product_cat":[21],"product_tag":[1804,93,83,46,99,1800,87,1791,91,95,72,41],"class_list":{"0":"post-28729","1":"product","2":"type-product","3":"status-publish","4":"has-post-thumbnail","6":"product_cat-bone","7":"product_tag-beginner-tattoo-kits","8":"product_tag-custom-tattoo-guns","9":"product_tag-custom-tattoo-machines","10":"product_tag-fastliner","11":"product_tag-handmade-tattoo-machines","12":"product_tag-macchinetta-per-tatuaggio-a-bobina","13":"product_tag-professional-tattoo-machines","14":"product_tag-spulen-tattoomaschinen","15":"product_tag-tattoo-equipment","16":"product_tag-tattoo-guns","17":"product_tag-tattoo-machine-coils","18":"product_tag-tattoo-machines","19":"pa_brand-rightstuff","20":"desktop-align-center","21":"tablet-align-left","22":"mobile-align-left","23":"ast-product-gallery-layout-horizontal-slider","24":"ast-product-tabs-layout-horizontal","26":"first","27":"instock","28":"sale","29":"taxable","30":"shipping-taxable","31":"purchasable","32":"product-type-simple"},"_links":{"self":[{"href":"https:\/\/rightstuff.eu\/de\/wp-json\/wp\/v2\/product\/28729","targetHints":{"allow":["GET"]}}],"collection":[{"href":"https:\/\/rightstuff.eu\/de\/wp-json\/wp\/v2\/product"}],"about":[{"href":"https:\/\/rightstuff.eu\/de\/wp-json\/wp\/v2\/types\/product"}],"replies":[{"embeddable":true,"href":"https:\/\/rightstuff.eu\/de\/wp-json\/wp\/v2\/comments?post=28729"}],"version-history":[{"count":0,"href":"https:\/\/rightstuff.eu\/de\/wp-json\/wp\/v2\/product\/28729\/revisions"}],"wp:featuredmedia":[{"embeddable":true,"href":"https:\/\/rightstuff.eu\/de\/wp-json\/wp\/v2\/media\/49295"}],"wp:attachment":[{"href":"https:\/\/rightstuff.eu\/de\/wp-json\/wp\/v2\/media?parent=28729"}],"wp:term":[{"taxonomy":"product_brand","embeddable":true,"href":"https:\/\/rightstuff.eu\/de\/wp-json\/wp\/v2\/product_brand?post=28729"},{"taxonomy":"product_cat","embeddable":true,"href":"https:\/\/rightstuff.eu\/de\/wp-json\/wp\/v2\/product_cat?post=28729"},{"taxonomy":"product_tag","embeddable":true,"href":"https:\/\/rightstuff.eu\/de\/wp-json\/wp\/v2\/product_tag?post=28729"}],"curies":[{"name":"wp","href":"https:\/\/api.w.org\/{rel}","templated":true}]}}