{"id":28728,"date":"2015-09-29T11:23:04","date_gmt":"2015-09-29T11:23:04","guid":{"rendered":"https:\/\/rightstuff.eu\/shop\/machines\/bone\/bone-cpr-liner\/"},"modified":"2025-01-22T01:37:12","modified_gmt":"2025-01-22T00:37:12","slug":"bone-cpr-liner","status":"publish","type":"product","link":"https:\/\/rightstuff.eu\/de\/produkt\/bone-cpr-liner\/","title":{"rendered":"BONE Liner Tattoo Maschine Bronze"},"content":{"rendered":"<p>Du brauchst eine perfekte Tattoo-Maschine, um richtig coole Tattoos zu machen? Wenn du auf der Suche nach dem hochwertigsten Ger\u00e4t zu den niedrigsten Preisen bist, bist du hier richtig! Du wirst von deiner Auswahl nicht entt\u00e4uscht sein.<\/p>\n<p>Diese <a href=\"https:\/\/rightstuff.eu\/shop\/tattoo-machines\/lucky\/lucky-trueliner-alu-tattoo-machine\/\">Liner Tattoo Maschine<\/a> aus einem einzigen bronzenen Metallst\u00fcck mit gebl\u00e4uten Stahlbeschl\u00e4gen. Die Maschine hat ein klassisches Design. Sie hat einen mittleren Hub und bevorzugt 3-7RL Nadeln. Sie wiegt 180 g, so dass es leicht ist, lange mit ihr zu arbeiten. Und sie l\u00e4uft mit 160 Hz bei 6,6 Volt - unbelastet. Diese Tattoo-Maschine ist mit 8 Wrap-Spulen und hochwertigen 26-mm-Spulen ausgestattet und spielt in einer ganz eigenen Liga.<\/p>\n<p>Die so genannte Perfektionsmaschine wurde von Freddy Negrete, einem bekannten K\u00fcnstler, benutzt. Die Maschine wird von Big 5 und Rupert in Kalifornien handgefertigt. Eine dieser Maschinen ist in der ber\u00fchmten Fernsehsendung Tattoo Rescue zu sehen.<\/p>","protected":false},"excerpt":{"rendered":"<p>Liner Tattoo Maschine.<\/p>\n<p>Der Rahmen ist aus einem einzigen St\u00fcck Bronze gefr\u00e4st<\/p>\n<p>Hochwertige Coils - 26 mm * 8 Wicklungen<\/p>\n<p>Beschl\u00e4ge aus gebl\u00e4utem Stahl<\/p>\n<p>Bevorzugte Nadeln 3-7RL<\/p>\n<p>Mittlerer Hub<\/p>\n<p>L\u00e4uft 160hz bei 6,6 Volt - unbelastet<\/p>\n<p>Die Tattoo-Maschine wiegt 180 g.<\/p>","protected":false},"featured_media":49290,"comment_status":"open","ping_status":"closed","template":"","meta":{"site-sidebar-layout":"","site-content-layout":"","ast-site-content-layout":"default","site-content-style":"default","site-sidebar-style":"default","ast-global-header-display":"","ast-banner-title-visibility":"","ast-main-header-display":"","ast-hfb-above-header-display":"","ast-hfb-below-header-display":"","ast-hfb-mobile-header-display":"","site-post-title":"","ast-breadcrumbs-content":"","ast-featured-img":"","footer-sml-layout":"","ast-disable-related-posts":"","theme-transparent-header-meta":"","adv-header-id-meta":"","stick-header-meta":"","header-above-stick-meta":"","header-main-stick-meta":"","header-below-stick-meta":"","astra-migrate-meta-layouts":"default","ast-page-background-enabled":"default","ast-page-background-meta":{"desktop":{"background-color":"var(--ast-global-color-4)","background-image":"","background-repeat":"repeat","background-position":"center center","background-size":"auto","background-attachment":"scroll","background-type":"","background-media":"","overlay-type":"","overlay-color":"","overlay-opacity":"","overlay-gradient":""},"tablet":{"background-color":"","background-image":"","background-repeat":"repeat","background-position":"center center","background-size":"auto","background-attachment":"scroll","background-type":"","background-media":"","overlay-type":"","overlay-color":"","overlay-opacity":"","overlay-gradient":""},"mobile":{"background-color":"","background-image":"","background-repeat":"repeat","background-position":"center center","background-size":"auto","background-attachment":"scroll","background-type":"","background-media":"","overlay-type":"","overlay-color":"","overlay-opacity":"","overlay-gradient":""}},"ast-content-background-meta":{"desktop":{"background-color":"var(--ast-global-color-5)","background-image":"","background-repeat":"repeat","background-position":"center center","background-size":"auto","background-attachment":"scroll","background-type":"","background-media":"","overlay-type":"","overlay-color":"","overlay-opacity":"","overlay-gradient":""},"tablet":{"background-color":"var(--ast-global-color-5)","background-image":"","background-repeat":"repeat","background-position":"center center","background-size":"auto","background-attachment":"scroll","background-type":"","background-media":"","overlay-type":"","overlay-color":"","overlay-opacity":"","overlay-gradient":""},"mobile":{"background-color":"var(--ast-global-color-5)","background-image":"","background-repeat":"repeat","background-position":"center center","background-size":"auto","background-attachment":"scroll","background-type":"","background-media":"","overlay-type":"","overlay-color":"","overlay-opacity":"","overlay-gradient":""}}},"product_brand":[],"product_cat":[21],"product_tag":[82,93,83,46,99,43,1800,87,1791,91,95,72],"class_list":{"0":"post-28728","1":"product","2":"type-product","3":"status-publish","4":"has-post-thumbnail","6":"product_cat-bone","7":"product_tag-coil-tattoo-machines","8":"product_tag-custom-tattoo-guns","9":"product_tag-custom-tattoo-machines","10":"product_tag-fastliner","11":"product_tag-handmade-tattoo-machines","12":"product_tag-liner-tattoo-machine","13":"product_tag-macchinetta-per-tatuaggio-a-bobina","14":"product_tag-professional-tattoo-machines","15":"product_tag-spulen-tattoomaschinen","16":"product_tag-tattoo-equipment","17":"product_tag-tattoo-guns","18":"product_tag-tattoo-machine-coils","19":"pa_brand-rightstuff","20":"desktop-align-center","21":"tablet-align-left","22":"mobile-align-left","23":"ast-product-gallery-layout-horizontal-slider","24":"ast-product-tabs-layout-horizontal","26":"first","27":"instock","28":"sale","29":"taxable","30":"shipping-taxable","31":"purchasable","32":"product-type-simple"},"_links":{"self":[{"href":"https:\/\/rightstuff.eu\/de\/wp-json\/wp\/v2\/product\/28728","targetHints":{"allow":["GET"]}}],"collection":[{"href":"https:\/\/rightstuff.eu\/de\/wp-json\/wp\/v2\/product"}],"about":[{"href":"https:\/\/rightstuff.eu\/de\/wp-json\/wp\/v2\/types\/product"}],"replies":[{"embeddable":true,"href":"https:\/\/rightstuff.eu\/de\/wp-json\/wp\/v2\/comments?post=28728"}],"version-history":[{"count":0,"href":"https:\/\/rightstuff.eu\/de\/wp-json\/wp\/v2\/product\/28728\/revisions"}],"wp:featuredmedia":[{"embeddable":true,"href":"https:\/\/rightstuff.eu\/de\/wp-json\/wp\/v2\/media\/49290"}],"wp:attachment":[{"href":"https:\/\/rightstuff.eu\/de\/wp-json\/wp\/v2\/media?parent=28728"}],"wp:term":[{"taxonomy":"product_brand","embeddable":true,"href":"https:\/\/rightstuff.eu\/de\/wp-json\/wp\/v2\/product_brand?post=28728"},{"taxonomy":"product_cat","embeddable":true,"href":"https:\/\/rightstuff.eu\/de\/wp-json\/wp\/v2\/product_cat?post=28728"},{"taxonomy":"product_tag","embeddable":true,"href":"https:\/\/rightstuff.eu\/de\/wp-json\/wp\/v2\/product_tag?post=28728"}],"curies":[{"name":"wp","href":"https:\/\/api.w.org\/{rel}","templated":true}]}}