{"id":28727,"date":"2015-09-29T14:00:06","date_gmt":"2015-09-29T11:00:06","guid":{"rendered":"https:\/\/rightstuff.eu\/shop\/machines\/bone\/bone-cpr-shader\/"},"modified":"2025-01-22T01:37:12","modified_gmt":"2025-01-22T00:37:12","slug":"bone-cpr-shader","status":"publish","type":"product","link":"https:\/\/rightstuff.eu\/de\/produkt\/bone-cpr-shader\/","title":{"rendered":"BONE Shader Tattoo Maschine Bronze"},"content":{"rendered":"<p>Es gibt viele Arten von Tattoo-Maschinen mit unterschiedlichen Kapazit\u00e4ten und Funktionen: Induktionsmaschinen zum Malen, Konturmaschinen, Shader und <a href=\"https:\/\/rightstuff.eu\/product-category\/tattoo-machines\/rotary-tattoo-machines\/\">rotierende<\/a> . F\u00fcr jede Art von Arbeit brauchst du eine andere Ausr\u00fcstung und anderes Material, deshalb verwenden Tattoo-Meister verschiedene Modelle.<\/p>\n<p>Am Anfang musst du mehrere Handger\u00e4tehalter kaufen: W\u00e4hrend du mit einem arbeitest, wird das zweite sterilisiert. Die Werkzeuge sollten nur aus Metall oder Einwegmaterial sein, damit sie gut mit der Haut in Kontakt kommen. Du musst einen <a href=\"https:\/\/rightstuff.eu\/product-tag\/tattoo-power-supply\/\">Stromzufuhr<\/a> und Clipseil, Metallpedal, Konturnadeln und F\u00e4rbemittel, Pigmente, M\u00fctzen, Einwegnasen und -handschuhe, An\u00e4sthesie, Vaseline. Du solltest den Arbeitsplatz zweckm\u00e4\u00dfig einrichten, einen Tisch, einen h\u00f6henverstellbaren Stuhl und eine Liege f\u00fcr die Kunden haben.<\/p>\n<p>Es ist wichtig, auf die Leistung des Ger\u00e4ts zu achten. Du kannst zwischen 5 und 9 Volt kaufen, aber je h\u00f6her diese Zahl ist, desto sanfter arbeitet das Ger\u00e4t. Um ein st\u00e4rkeres Ger\u00e4t zu benutzen, solltest du viel Erfahrung haben, wenn du die Haut nicht verletzen willst.<\/p>\n<p>Induktionsger\u00e4te geh\u00f6ren zur traditionellen Ausr\u00fcstung eines professionellen T\u00e4towierers. Sie erm\u00f6glichen es, eine Vielzahl von Arbeiten auszuf\u00fchren (Striche zeichnen, schattierte Linien usw.) und das Bild auf verdickte Hautstellen aufzubringen. Das Zeichnen des Tattoos erfolgt mit einer Nadel, die an einem Stab befestigt ist, der unter der Wirkung eines Elektromagneten von der Platte angezogen und abgesto\u00dfen wird. Die Nadel bewegt sich bei der Arbeit des T\u00e4towiermeisters in einer geraden Linie, aber wegen der starken Vibration ist ihre Effizienz etwas eingeschr\u00e4nkt.<\/p>\n<p>Konturiermaschinen- Dieses Ger\u00e4t ist viel schneller und einfacher als sein Vorg\u00e4nger, au\u00dferdem sorgt es aufgrund seiner Konstruktionsmerkmale f\u00fcr einen scharfen Abprall und eine R\u00fcckkehr der Nadel. Da die Nadel schnell unter der Haut durchf\u00e4hrt und so schnell wie m\u00f6glich zur\u00fcckkehrt, ist es m\u00f6glich, eine hohe Bildsch\u00e4rfe w\u00e4hrend des Betriebs zu erreichen und zu verhindern, dass sich die Tinte unter der Haut ausbreitet. Die Kontur des Tattoos liegt mit einer gleichm\u00e4\u00dfigen, kontrastreichen Linie auf der Haut. Bei der Arbeit erzeugt die Konturenmaschine ein Ger\u00e4usch, das dem Summen einer Biene \u00e4hnelt. Es ist notwendig, die in der Betriebsanleitung angegebene Bezeichnung der Konturiermaschine zu beachten und sie nicht zum Bemalen der Hautstellen einzusetzen. Andernfalls ist die Chance gro\u00df, die Hautoberfl\u00e4che des Kunden dauerhaft zu besch\u00e4digen.<br \/>\nMalmaschinen - die Nadel, w\u00e4hrend sie in der Epidermis steckt, l\u00e4uft ein wenig nach vorne, damit sich die Farbe verteilen kann. Bei der Arbeit sollte es weniger Anstrengung geben.<br \/>\nDie Schattenmaschine oder die Shader sind dazu da, Schatten zu zeichnen.<\/p>","protected":false},"excerpt":{"rendered":"<p>Tattoo-Maschinen-Shader.<\/p>\n<p>Der Rahmen ist aus einem einzigen St\u00fcck Bronze gefr\u00e4st<\/p>\n<p>Hochwertige Coils - 26 mm * 8 Wicklungen<\/p>\n<p>Beschl\u00e4ge aus gebl\u00e4utem Stahl<\/p>\n<p>Bevorzugte Nadeln 7-15m<\/p>\n<p>Weicher Schlag, mittlerer Schlag<\/p>\n<p>L\u00e4uft 105hz bei 6,6 Volt - unbelastet<\/p>\n<p>Die Tattoo-Maschine wiegt 180 g.<\/p>","protected":false},"featured_media":49299,"comment_status":"open","ping_status":"closed","template":"","meta":{"site-sidebar-layout":"","site-content-layout":"","ast-site-content-layout":"default","site-content-style":"default","site-sidebar-style":"default","ast-global-header-display":"","ast-banner-title-visibility":"","ast-main-header-display":"","ast-hfb-above-header-display":"","ast-hfb-below-header-display":"","ast-hfb-mobile-header-display":"","site-post-title":"","ast-breadcrumbs-content":"","ast-featured-img":"","footer-sml-layout":"","ast-disable-related-posts":"","theme-transparent-header-meta":"","adv-header-id-meta":"","stick-header-meta":"","header-above-stick-meta":"","header-main-stick-meta":"","header-below-stick-meta":"","astra-migrate-meta-layouts":"default","ast-page-background-enabled":"default","ast-page-background-meta":{"desktop":{"background-color":"var(--ast-global-color-4)","background-image":"","background-repeat":"repeat","background-position":"center center","background-size":"auto","background-attachment":"scroll","background-type":"","background-media":"","overlay-type":"","overlay-color":"","overlay-opacity":"","overlay-gradient":""},"tablet":{"background-color":"","background-image":"","background-repeat":"repeat","background-position":"center center","background-size":"auto","background-attachment":"scroll","background-type":"","background-media":"","overlay-type":"","overlay-color":"","overlay-opacity":"","overlay-gradient":""},"mobile":{"background-color":"","background-image":"","background-repeat":"repeat","background-position":"center center","background-size":"auto","background-attachment":"scroll","background-type":"","background-media":"","overlay-type":"","overlay-color":"","overlay-opacity":"","overlay-gradient":""}},"ast-content-background-meta":{"desktop":{"background-color":"var(--ast-global-color-5)","background-image":"","background-repeat":"repeat","background-position":"center center","background-size":"auto","background-attachment":"scroll","background-type":"","background-media":"","overlay-type":"","overlay-color":"","overlay-opacity":"","overlay-gradient":""},"tablet":{"background-color":"var(--ast-global-color-5)","background-image":"","background-repeat":"repeat","background-position":"center center","background-size":"auto","background-attachment":"scroll","background-type":"","background-media":"","overlay-type":"","overlay-color":"","overlay-opacity":"","overlay-gradient":""},"mobile":{"background-color":"var(--ast-global-color-5)","background-image":"","background-repeat":"repeat","background-position":"center center","background-size":"auto","background-attachment":"scroll","background-type":"","background-media":"","overlay-type":"","overlay-color":"","overlay-opacity":"","overlay-gradient":""}}},"product_brand":[],"product_cat":[21],"product_tag":[82,93,83,99,1800,87,45,89,1791,91,95,23,72,96],"class_list":{"0":"post-28727","1":"product","2":"type-product","3":"status-publish","4":"has-post-thumbnail","6":"product_cat-bone","7":"product_tag-coil-tattoo-machines","8":"product_tag-custom-tattoo-guns","9":"product_tag-custom-tattoo-machines","10":"product_tag-handmade-tattoo-machines","11":"product_tag-macchinetta-per-tatuaggio-a-bobina","12":"product_tag-professional-tattoo-machines","13":"product_tag-shader-tattoo-machine","14":"product_tag-shader-tattoo-machines","15":"product_tag-spulen-tattoomaschinen","16":"product_tag-tattoo-equipment","17":"product_tag-tattoo-guns","18":"product_tag-tattoo-machine","19":"product_tag-tattoo-machine-coils","20":"product_tag-tattoo-shading-guns","21":"pa_brand-rightstuff","22":"desktop-align-center","23":"tablet-align-left","24":"mobile-align-left","25":"ast-product-gallery-layout-horizontal-slider","26":"ast-product-tabs-layout-horizontal","28":"first","29":"outofstock","30":"sale","31":"taxable","32":"shipping-taxable","33":"purchasable","34":"product-type-simple"},"_links":{"self":[{"href":"https:\/\/rightstuff.eu\/de\/wp-json\/wp\/v2\/product\/28727","targetHints":{"allow":["GET"]}}],"collection":[{"href":"https:\/\/rightstuff.eu\/de\/wp-json\/wp\/v2\/product"}],"about":[{"href":"https:\/\/rightstuff.eu\/de\/wp-json\/wp\/v2\/types\/product"}],"replies":[{"embeddable":true,"href":"https:\/\/rightstuff.eu\/de\/wp-json\/wp\/v2\/comments?post=28727"}],"version-history":[{"count":0,"href":"https:\/\/rightstuff.eu\/de\/wp-json\/wp\/v2\/product\/28727\/revisions"}],"wp:featuredmedia":[{"embeddable":true,"href":"https:\/\/rightstuff.eu\/de\/wp-json\/wp\/v2\/media\/49299"}],"wp:attachment":[{"href":"https:\/\/rightstuff.eu\/de\/wp-json\/wp\/v2\/media?parent=28727"}],"wp:term":[{"taxonomy":"product_brand","embeddable":true,"href":"https:\/\/rightstuff.eu\/de\/wp-json\/wp\/v2\/product_brand?post=28727"},{"taxonomy":"product_cat","embeddable":true,"href":"https:\/\/rightstuff.eu\/de\/wp-json\/wp\/v2\/product_cat?post=28727"},{"taxonomy":"product_tag","embeddable":true,"href":"https:\/\/rightstuff.eu\/de\/wp-json\/wp\/v2\/product_tag?post=28727"}],"curies":[{"name":"wp","href":"https:\/\/api.w.org\/{rel}","templated":true}]}}