{"id":28697,"date":"2015-09-12T14:18:50","date_gmt":"2015-09-12T14:18:50","guid":{"rendered":"https:\/\/rightstuff.eu\/shop\/machines\/lucky\/lucky-cpr-shader\/"},"modified":"2025-01-22T01:37:13","modified_gmt":"2025-01-22T00:37:13","slug":"lucky-cpr-shader","status":"publish","type":"product","link":"https:\/\/rightstuff.eu\/de\/produkt\/lucky-cpr-shader\/","title":{"rendered":"LUCKY Shader Tattoo Maschine Bronze"},"content":{"rendered":"<p>Heutzutage, wo Tattoos immer beliebter werden und sich ein hohes Einkommen erzielen l\u00e4sst, haben immer mehr Menschen Lust, T\u00e4towierer zu werden. Anf\u00e4nger machen jedoch den Fehler, die ersten Arbeiten auf dem K\u00f6rper mit einer Amateurausr\u00fcstung auszuf\u00fchren. Viele von ihnen werden nie zu echten T\u00e4towierern. <a href=\"https:\/\/rightstuff.eu\/blog\/success-story-the-birth-of-the-rightstuf\/\">erfolgreich beim T\u00e4towieren<\/a> und wirst nie das n\u00f6tige Geschick in diesem Gesch\u00e4ft erwerben. Wenn du dieses Handwerk ernst nimmst, bestelle die LUCKY Shader Bronze Tattoo Maschine. Mit diesem professionellen Ger\u00e4t kann ein Meister nicht nur ein paar Konturen ziehen oder bestimmte Mottos auf den K\u00f6rper t\u00e4towieren, sondern wahre Meisterwerke schaffen - gro\u00dfe quadratische Farbbilder.<\/p>\n<p>Nat\u00fcrlich muss ein K\u00fcnstler talentiert sein. Wenn du nicht gut zeichnen kannst, wirst du nie ein echter Tattoo-Meister werden. Ein geschickter T\u00e4towierer, der mit diesem langlebigen Ger\u00e4t aus Bronze und Stahl arbeitet, das 200 Gramm wiegt, wird in seinem Beruf erfolgreich sein. Das Profiger\u00e4t mit 26 mm gro\u00dfen 10-fach gewickelten Spulen, das mit 6,6 V Spannung arbeitet, verwendet 7 -15 M Nadeln. Es wird mit einer Frequenz von 105 Hz betrieben.<\/p>","protected":false},"excerpt":{"rendered":"<p>Shader Tattoo Maschine<\/p>\n<p>Der Rahmen ist aus einem einzigen St\u00fcck Bronze gefr\u00e4st<br \/>\nHochwertige Coils - 26 mm * 10 Wicklungen<br \/>\nBeschl\u00e4ge aus gebl\u00e4utem Stahl<br \/>\nBevorzugte Nadeln 7-15m<br \/>\nLanger Hub<br \/>\nL\u00e4uft 105hz bei 6,6 Volt - unbelastet<\/p>\n<p>Die Tattoo-Maschine wiegt 200 g.<\/p>\n<p>&nbsp;<\/p>","protected":false},"featured_media":49314,"comment_status":"open","ping_status":"closed","template":"","meta":{"site-sidebar-layout":"","site-content-layout":"","ast-site-content-layout":"default","site-content-style":"default","site-sidebar-style":"default","ast-global-header-display":"","ast-banner-title-visibility":"","ast-main-header-display":"","ast-hfb-above-header-display":"","ast-hfb-below-header-display":"","ast-hfb-mobile-header-display":"","site-post-title":"","ast-breadcrumbs-content":"","ast-featured-img":"","footer-sml-layout":"","ast-disable-related-posts":"","theme-transparent-header-meta":"","adv-header-id-meta":"","stick-header-meta":"","header-above-stick-meta":"","header-main-stick-meta":"","header-below-stick-meta":"","astra-migrate-meta-layouts":"default","ast-page-background-enabled":"default","ast-page-background-meta":{"desktop":{"background-color":"var(--ast-global-color-4)","background-image":"","background-repeat":"repeat","background-position":"center center","background-size":"auto","background-attachment":"scroll","background-type":"","background-media":"","overlay-type":"","overlay-color":"","overlay-opacity":"","overlay-gradient":""},"tablet":{"background-color":"","background-image":"","background-repeat":"repeat","background-position":"center center","background-size":"auto","background-attachment":"scroll","background-type":"","background-media":"","overlay-type":"","overlay-color":"","overlay-opacity":"","overlay-gradient":""},"mobile":{"background-color":"","background-image":"","background-repeat":"repeat","background-position":"center center","background-size":"auto","background-attachment":"scroll","background-type":"","background-media":"","overlay-type":"","overlay-color":"","overlay-opacity":"","overlay-gradient":""}},"ast-content-background-meta":{"desktop":{"background-color":"var(--ast-global-color-5)","background-image":"","background-repeat":"repeat","background-position":"center center","background-size":"auto","background-attachment":"scroll","background-type":"","background-media":"","overlay-type":"","overlay-color":"","overlay-opacity":"","overlay-gradient":""},"tablet":{"background-color":"var(--ast-global-color-5)","background-image":"","background-repeat":"repeat","background-position":"center center","background-size":"auto","background-attachment":"scroll","background-type":"","background-media":"","overlay-type":"","overlay-color":"","overlay-opacity":"","overlay-gradient":""},"mobile":{"background-color":"var(--ast-global-color-5)","background-image":"","background-repeat":"repeat","background-position":"center center","background-size":"auto","background-attachment":"scroll","background-type":"","background-media":"","overlay-type":"","overlay-color":"","overlay-opacity":"","overlay-gradient":""}}},"product_brand":[],"product_cat":[8],"product_tag":[82,93,83,99,1802,87,45,89,91,95,72,96],"class_list":{"0":"post-28697","1":"product","2":"type-product","3":"status-publish","4":"has-post-thumbnail","6":"product_cat-lucky","7":"product_tag-coil-tattoo-machines","8":"product_tag-custom-tattoo-guns","9":"product_tag-custom-tattoo-machines","10":"product_tag-handmade-tattoo-machines","11":"product_tag-maquinas-de-tatuaje-de-bobina","12":"product_tag-professional-tattoo-machines","13":"product_tag-shader-tattoo-machine","14":"product_tag-shader-tattoo-machines","15":"product_tag-tattoo-equipment","16":"product_tag-tattoo-guns","17":"product_tag-tattoo-machine-coils","18":"product_tag-tattoo-shading-guns","19":"pa_brand-rightstuff","20":"desktop-align-center","21":"tablet-align-left","22":"mobile-align-left","23":"ast-product-gallery-layout-horizontal-slider","24":"ast-product-tabs-layout-horizontal","26":"first","27":"instock","28":"sale","29":"taxable","30":"shipping-taxable","31":"purchasable","32":"product-type-simple"},"_links":{"self":[{"href":"https:\/\/rightstuff.eu\/de\/wp-json\/wp\/v2\/product\/28697","targetHints":{"allow":["GET"]}}],"collection":[{"href":"https:\/\/rightstuff.eu\/de\/wp-json\/wp\/v2\/product"}],"about":[{"href":"https:\/\/rightstuff.eu\/de\/wp-json\/wp\/v2\/types\/product"}],"replies":[{"embeddable":true,"href":"https:\/\/rightstuff.eu\/de\/wp-json\/wp\/v2\/comments?post=28697"}],"version-history":[{"count":0,"href":"https:\/\/rightstuff.eu\/de\/wp-json\/wp\/v2\/product\/28697\/revisions"}],"wp:featuredmedia":[{"embeddable":true,"href":"https:\/\/rightstuff.eu\/de\/wp-json\/wp\/v2\/media\/49314"}],"wp:attachment":[{"href":"https:\/\/rightstuff.eu\/de\/wp-json\/wp\/v2\/media?parent=28697"}],"wp:term":[{"taxonomy":"product_brand","embeddable":true,"href":"https:\/\/rightstuff.eu\/de\/wp-json\/wp\/v2\/product_brand?post=28697"},{"taxonomy":"product_cat","embeddable":true,"href":"https:\/\/rightstuff.eu\/de\/wp-json\/wp\/v2\/product_cat?post=28697"},{"taxonomy":"product_tag","embeddable":true,"href":"https:\/\/rightstuff.eu\/de\/wp-json\/wp\/v2\/product_tag?post=28697"}],"curies":[{"name":"wp","href":"https:\/\/api.w.org\/{rel}","templated":true}]}}