{"id":1148,"date":"2015-09-05T07:51:08","date_gmt":"2015-09-05T05:51:08","guid":{"rendered":"https:\/\/rightstuff.eu\/shop\/machines\/lucky-blk-trueliner\/"},"modified":"2026-03-14T17:48:04","modified_gmt":"2026-03-14T16:48:04","slug":"lucky-blk-trueliner","status":"publish","type":"product","link":"https:\/\/rightstuff.eu\/de\/produkt\/lucky-blk-trueliner\/","title":{"rendered":"LUCKY BLK TrueLiner Tattoo Maschine"},"content":{"rendered":"<p>Professionelle T\u00e4towierer, die im traditionellen Stil arbeiten, brauchen immer eine wirklich gute und effektive Ausr\u00fcstung - hervorragende Ger\u00e4te f\u00fcr gro\u00dfe Nadelgruppen. Sie sollte nicht zu leicht oder zu schwer sein. Das Material muss einen starken Schlag machen. Er sollte im klassischen Stil gehalten werden und er muss in einem Durchgang pr\u00e4zise, perfekte, absolut ideale Linien erzeugen. LUCKY BLK TrueLiner <a href=\"https:\/\/rightstuff.eu\/blog\/success-story-the-birth-of-the-rightstuf\/\">Tattoo Maschine<\/a> erf\u00fcllt all diese Anforderungen der Meister. Es ist ein leistungsstarkes Ger\u00e4t f\u00fcr die Erstellung von Bildkonturen und Details eines Tattoos. Das Ger\u00e4t besteht aus geschw\u00e4rztem Stahl und wiegt 200 Gramm. Dank seiner kompakten Gr\u00f6\u00dfe kann eine Person, die am T\u00e4towierprozess beteiligt ist, ohne Spannung und Stress arbeiten, ohne die H\u00e4nde zu sehr zu belasten.<\/p>\n<p>Dieser schwarze True Liner mit langem Hub ist leicht zu handhaben, l\u00e4uft mit einer Frequenz von 135 Hz und einer Spannung von 6,6 V. Seine hervorragend gefertigten Spulen von 26 mm haben 8 Windungen. Ein Profi kann ihn jeden Tag in seinem Betrieb einsetzen. Das Ger\u00e4t ist f\u00fcr die Arbeit mit 9 -18 Rl Nadeln ausgelegt.<\/p>","protected":false},"excerpt":{"rendered":"<p>Tattoo Maschine Power Liner<\/p>\n<p>Der Rahmen ist aus einem einzigen St\u00fcck Stahl gefr\u00e4st<br \/>\nHochwertige Coils - 26 mm * 9 Wicklungen<br \/>\nGeschw\u00e4rzter Stahlbeschlag<br \/>\nBevorzugte Nadeln 9-18rl<br \/>\nLanger Hub<br \/>\nL\u00e4uft 135hz bei 6,6 Volt - unbelastet<\/p>\n<p>Die Tattoo-Maschine wiegt 200 g.<\/p>","protected":false},"featured_media":58739,"comment_status":"open","ping_status":"closed","template":"","meta":{"site-sidebar-layout":"default","site-content-layout":"","ast-site-content-layout":"default","site-content-style":"default","site-sidebar-style":"default","ast-global-header-display":"","ast-banner-title-visibility":"","ast-main-header-display":"","ast-hfb-above-header-display":"","ast-hfb-below-header-display":"","ast-hfb-mobile-header-display":"","site-post-title":"","ast-breadcrumbs-content":"","ast-featured-img":"","footer-sml-layout":"","ast-disable-related-posts":"","theme-transparent-header-meta":"default","adv-header-id-meta":"","stick-header-meta":"default","header-above-stick-meta":"","header-main-stick-meta":"","header-below-stick-meta":"","astra-migrate-meta-layouts":"set","ast-page-background-enabled":"default","ast-page-background-meta":{"desktop":{"background-color":"var(--ast-global-color-4)","background-image":"","background-repeat":"repeat","background-position":"center center","background-size":"auto","background-attachment":"scroll","background-type":"","background-media":"","overlay-type":"","overlay-color":"","overlay-opacity":"","overlay-gradient":""},"tablet":{"background-color":"","background-image":"","background-repeat":"repeat","background-position":"center center","background-size":"auto","background-attachment":"scroll","background-type":"","background-media":"","overlay-type":"","overlay-color":"","overlay-opacity":"","overlay-gradient":""},"mobile":{"background-color":"","background-image":"","background-repeat":"repeat","background-position":"center center","background-size":"auto","background-attachment":"scroll","background-type":"","background-media":"","overlay-type":"","overlay-color":"","overlay-opacity":"","overlay-gradient":""}},"ast-content-background-meta":{"desktop":{"background-color":"var(--ast-global-color-5)","background-image":"","background-repeat":"repeat","background-position":"center center","background-size":"auto","background-attachment":"scroll","background-type":"","background-media":"","overlay-type":"","overlay-color":"","overlay-opacity":"","overlay-gradient":""},"tablet":{"background-color":"var(--ast-global-color-5)","background-image":"","background-repeat":"repeat","background-position":"center center","background-size":"auto","background-attachment":"scroll","background-type":"","background-media":"","overlay-type":"","overlay-color":"","overlay-opacity":"","overlay-gradient":""},"mobile":{"background-color":"var(--ast-global-color-5)","background-image":"","background-repeat":"repeat","background-position":"center center","background-size":"auto","background-attachment":"scroll","background-type":"","background-media":"","overlay-type":"","overlay-color":"","overlay-opacity":"","overlay-gradient":""}}},"product_brand":[],"product_cat":[8],"product_tag":[82,93,83,99,1802,87,91,95,72],"class_list":{"0":"post-1148","1":"product","2":"type-product","3":"status-publish","4":"has-post-thumbnail","6":"product_cat-lucky","7":"product_tag-coil-tattoo-machines","8":"product_tag-custom-tattoo-guns","9":"product_tag-custom-tattoo-machines","10":"product_tag-handmade-tattoo-machines","11":"product_tag-maquinas-de-tatuaje-de-bobina","12":"product_tag-professional-tattoo-machines","13":"product_tag-tattoo-equipment","14":"product_tag-tattoo-guns","15":"product_tag-tattoo-machine-coils","16":"pa_brand-rightstuff","17":"desktop-align-center","18":"tablet-align-left","19":"mobile-align-left","20":"ast-product-gallery-layout-horizontal-slider","21":"ast-product-tabs-layout-horizontal","23":"first","24":"instock","25":"sale","26":"taxable","27":"shipping-taxable","28":"purchasable","29":"product-type-simple"},"_links":{"self":[{"href":"https:\/\/rightstuff.eu\/de\/wp-json\/wp\/v2\/product\/1148","targetHints":{"allow":["GET"]}}],"collection":[{"href":"https:\/\/rightstuff.eu\/de\/wp-json\/wp\/v2\/product"}],"about":[{"href":"https:\/\/rightstuff.eu\/de\/wp-json\/wp\/v2\/types\/product"}],"replies":[{"embeddable":true,"href":"https:\/\/rightstuff.eu\/de\/wp-json\/wp\/v2\/comments?post=1148"}],"version-history":[{"count":0,"href":"https:\/\/rightstuff.eu\/de\/wp-json\/wp\/v2\/product\/1148\/revisions"}],"wp:featuredmedia":[{"embeddable":true,"href":"https:\/\/rightstuff.eu\/de\/wp-json\/wp\/v2\/media\/58739"}],"wp:attachment":[{"href":"https:\/\/rightstuff.eu\/de\/wp-json\/wp\/v2\/media?parent=1148"}],"wp:term":[{"taxonomy":"product_brand","embeddable":true,"href":"https:\/\/rightstuff.eu\/de\/wp-json\/wp\/v2\/product_brand?post=1148"},{"taxonomy":"product_cat","embeddable":true,"href":"https:\/\/rightstuff.eu\/de\/wp-json\/wp\/v2\/product_cat?post=1148"},{"taxonomy":"product_tag","embeddable":true,"href":"https:\/\/rightstuff.eu\/de\/wp-json\/wp\/v2\/product_tag?post=1148"}],"curies":[{"name":"wp","href":"https:\/\/api.w.org\/{rel}","templated":true}]}}