{"id":1144,"date":"2015-09-05T07:49:18","date_gmt":"2015-09-05T04:49:18","guid":{"rendered":"https:\/\/rightstuff.eu\/shop\/machines\/lucky-blk-shader\/"},"modified":"2023-11-21T20:23:56","modified_gmt":"2023-11-21T19:23:56","slug":"lucky-blk-shader","status":"publish","type":"product","link":"https:\/\/rightstuff.eu\/de\/produkt\/lucky-blk-shader\/","title":{"rendered":"LUCKY BLK Shader Tattoo Maschine"},"content":{"rendered":"<p>Seit <a href=\"https:\/\/rightstuff.eu\/blog\/getting-a-permanent-tattoo\/\">alte Zeiten Tattoos<\/a> wurden mit scharfen Gegenst\u00e4nden wie Topfscherben, Fischknochen, spitzen St\u00f6cken und Tierz\u00e4hnen angebracht. Die Prozedur war sehr schmerzhaft und erforderte Ausdauer und Willenskraft. Deshalb galten die Besitzer von Tattoos als mutig und extrem stark. Die spezielle Maschine zum Erzeugen dauerhafter Bilder auf der Haut erschien 1891 in Amerika. Die ersten Meister verwendeten Henna, Ocker, Kohle und sogar Ru\u00df - das war die \"Tinte\" der ersten amerikanischen Tattoosalons. Sp\u00e4ter arbeiteten sie sogar mit Schie\u00dfpulver!<\/p>\n<p>Moderne Ger\u00e4te zum T\u00e4towieren verwenden harmlose Spezialtinte und Malereien. Wenn du zum Beispiel mit der LUCKY BLK Shader Tattoo-Maschine aus Stahl mit langen Strichen arbeitest, kann ein K\u00fcnstler ein gro\u00dffl\u00e4chiges Hautbild erstellen. Der Kunde kann mehrmals zum Meister kommen, aber das Ergebnis wird hervorragend sein. Die T\u00e4towierung wird realistisch aussehen! Das Ger\u00e4t, das mit 7-15 Nadeln arbeitet, l\u00e4uft mit 105 Hz und 6,6 V, wenn es nicht geladen ist. Es hat 26 mm gro\u00dfe Spulen mit 10 Windungen und wiegt 200 g.<\/p>","protected":false},"excerpt":{"rendered":"<h1 class=\"product_title entry-title\">Shader Tattoo Maschine<\/h1>\n<p>Der Rahmen ist aus einem einzigen St\u00fcck Stahl gefr\u00e4st<br \/>\nHochwertige Coils - 26 mm * 10 Wicklungen<br \/>\nGeschw\u00e4rzter Stahlbeschlag<br \/>\nBevorzugte Nadeln 7-15m<br \/>\nLanger Hub<br \/>\nL\u00e4uft 105hz bei 6,6 Volt - unbelastet<\/p>\n<p>Die Tattoo-Maschine wiegt 200 g.<\/p>","protected":false},"featured_media":49315,"comment_status":"open","ping_status":"closed","template":"","meta":{"site-sidebar-layout":"default","site-content-layout":"","ast-site-content-layout":"default","site-content-style":"default","site-sidebar-style":"default","ast-global-header-display":"","ast-banner-title-visibility":"","ast-main-header-display":"","ast-hfb-above-header-display":"","ast-hfb-below-header-display":"","ast-hfb-mobile-header-display":"","site-post-title":"","ast-breadcrumbs-content":"","ast-featured-img":"","footer-sml-layout":"","ast-disable-related-posts":"","theme-transparent-header-meta":"default","adv-header-id-meta":"","stick-header-meta":"default","header-above-stick-meta":"","header-main-stick-meta":"","header-below-stick-meta":"","astra-migrate-meta-layouts":"set","ast-page-background-enabled":"default","ast-page-background-meta":{"desktop":{"background-color":"var(--ast-global-color-4)","background-image":"","background-repeat":"repeat","background-position":"center center","background-size":"auto","background-attachment":"scroll","background-type":"","background-media":"","overlay-type":"","overlay-color":"","overlay-opacity":"","overlay-gradient":""},"tablet":{"background-color":"","background-image":"","background-repeat":"repeat","background-position":"center center","background-size":"auto","background-attachment":"scroll","background-type":"","background-media":"","overlay-type":"","overlay-color":"","overlay-opacity":"","overlay-gradient":""},"mobile":{"background-color":"","background-image":"","background-repeat":"repeat","background-position":"center center","background-size":"auto","background-attachment":"scroll","background-type":"","background-media":"","overlay-type":"","overlay-color":"","overlay-opacity":"","overlay-gradient":""}},"ast-content-background-meta":{"desktop":{"background-color":"var(--ast-global-color-5)","background-image":"","background-repeat":"repeat","background-position":"center center","background-size":"auto","background-attachment":"scroll","background-type":"","background-media":"","overlay-type":"","overlay-color":"","overlay-opacity":"","overlay-gradient":""},"tablet":{"background-color":"var(--ast-global-color-5)","background-image":"","background-repeat":"repeat","background-position":"center center","background-size":"auto","background-attachment":"scroll","background-type":"","background-media":"","overlay-type":"","overlay-color":"","overlay-opacity":"","overlay-gradient":""},"mobile":{"background-color":"var(--ast-global-color-5)","background-image":"","background-repeat":"repeat","background-position":"center center","background-size":"auto","background-attachment":"scroll","background-type":"","background-media":"","overlay-type":"","overlay-color":"","overlay-opacity":"","overlay-gradient":""}}},"product_brand":[],"product_cat":[8],"product_tag":[82,93,83,99,1802,87,89,91,95,72,96],"class_list":{"0":"post-1144","1":"product","2":"type-product","3":"status-publish","4":"has-post-thumbnail","6":"product_cat-lucky","7":"product_tag-coil-tattoo-machines","8":"product_tag-custom-tattoo-guns","9":"product_tag-custom-tattoo-machines","10":"product_tag-handmade-tattoo-machines","11":"product_tag-maquinas-de-tatuaje-de-bobina","12":"product_tag-professional-tattoo-machines","13":"product_tag-shader-tattoo-machines","14":"product_tag-tattoo-equipment","15":"product_tag-tattoo-guns","16":"product_tag-tattoo-machine-coils","17":"product_tag-tattoo-shading-guns","18":"pa_brand-rightstuff","19":"desktop-align-center","20":"tablet-align-left","21":"mobile-align-left","22":"ast-product-gallery-layout-horizontal-slider","23":"ast-product-tabs-layout-horizontal","25":"first","26":"outofstock","27":"sale","28":"taxable","29":"shipping-taxable","30":"purchasable","31":"product-type-simple"},"_links":{"self":[{"href":"https:\/\/rightstuff.eu\/de\/wp-json\/wp\/v2\/product\/1144","targetHints":{"allow":["GET"]}}],"collection":[{"href":"https:\/\/rightstuff.eu\/de\/wp-json\/wp\/v2\/product"}],"about":[{"href":"https:\/\/rightstuff.eu\/de\/wp-json\/wp\/v2\/types\/product"}],"replies":[{"embeddable":true,"href":"https:\/\/rightstuff.eu\/de\/wp-json\/wp\/v2\/comments?post=1144"}],"version-history":[{"count":0,"href":"https:\/\/rightstuff.eu\/de\/wp-json\/wp\/v2\/product\/1144\/revisions"}],"wp:featuredmedia":[{"embeddable":true,"href":"https:\/\/rightstuff.eu\/de\/wp-json\/wp\/v2\/media\/49315"}],"wp:attachment":[{"href":"https:\/\/rightstuff.eu\/de\/wp-json\/wp\/v2\/media?parent=1144"}],"wp:term":[{"taxonomy":"product_brand","embeddable":true,"href":"https:\/\/rightstuff.eu\/de\/wp-json\/wp\/v2\/product_brand?post=1144"},{"taxonomy":"product_cat","embeddable":true,"href":"https:\/\/rightstuff.eu\/de\/wp-json\/wp\/v2\/product_cat?post=1144"},{"taxonomy":"product_tag","embeddable":true,"href":"https:\/\/rightstuff.eu\/de\/wp-json\/wp\/v2\/product_tag?post=1144"}],"curies":[{"name":"wp","href":"https:\/\/api.w.org\/{rel}","templated":true}]}}