{"id":1126,"date":"2015-09-04T23:00:04","date_gmt":"2015-09-04T20:00:04","guid":{"rendered":"https:\/\/rightstuff.eu\/?post_type=product&#038;p=1126"},"modified":"2025-01-22T01:37:13","modified_gmt":"2025-01-22T00:37:13","slug":"minidozzer-fastliner","status":"publish","type":"product","link":"https:\/\/rightstuff.eu\/de\/produkt\/minidozzer-fastliner\/","title":{"rendered":"miniDOZZER FastLiner Bronze Tattoo Maschine"},"content":{"rendered":"<p>Ein t\u00fcchtiger Meister eines zeitgen\u00f6ssischen Tattoos muss professionell mit allen Arten von Tattoos arbeiten. <a href=\"https:\/\/rightstuff.eu\/product-tag\/tattoo-supplies\/\">hergestellte Ausr\u00fcstung<\/a> f\u00fcr T\u00e4towierer. Die drei wichtigsten Ger\u00e4te, die ein T\u00e4towierer benutzt, um Bilder auf die Haut zu bringen, sind ein Liner, ein Shader und ein Painter.<\/p>\n<p>Wenn ein K\u00fcnstler schnell ein kleines Tattoo erstellen m\u00f6chte, kann er mit der miniDOZZER FastLiner Custom Tattoo Machine arbeiten. Dieses Ger\u00e4t, das mittlere Striche macht, hilft dem Meister, klare Linien von hoher Qualit\u00e4t zu schaffen. Mit diesem Ger\u00e4t kann ein K\u00fcnstler in weniger als einer Stunde ein h\u00fcbsches, kleines K\u00f6rperbild erstellen.<\/p>\n<p>Dieser moderne Right Stuff Liner mit einem Rahmen aus Bronze, der f\u00fcr das schnelle Erstellen perfekter Konturen konzipiert ist, wird zusammen mit 3 - 9 Rl-Nadeln verwendet. Die Maschine wird mit einer Frequenz von 160 Hz und einer Spannung von 6,6 V betrieben. Seine 26 Millimeter langen Spulen haben acht Windungen.<\/p>","protected":false},"excerpt":{"rendered":"<p>Der Rahmen ist aus einem einzigen St\u00fcck Bronze gefr\u00e4st<br \/>\nHochwertige Coils - 26 mm<br \/>\nGeschw\u00e4rzter Stahlbeschlag<br \/>\nBevorzugte Nadeln 3-9RL<br \/>\nMittlerer Hub<br \/>\nL\u00e4uft 160hz bei 6,6 Volt - unbelastet<\/p>\n<p>Die Tattoo-Maschine wiegt 210 g.<\/p>","protected":false},"featured_media":49306,"comment_status":"open","ping_status":"closed","template":"","meta":{"site-sidebar-layout":"","site-content-layout":"","ast-site-content-layout":"default","site-content-style":"default","site-sidebar-style":"default","ast-global-header-display":"","ast-banner-title-visibility":"","ast-main-header-display":"","ast-hfb-above-header-display":"","ast-hfb-below-header-display":"","ast-hfb-mobile-header-display":"","site-post-title":"","ast-breadcrumbs-content":"","ast-featured-img":"","footer-sml-layout":"","ast-disable-related-posts":"","theme-transparent-header-meta":"","adv-header-id-meta":"","stick-header-meta":"","header-above-stick-meta":"","header-main-stick-meta":"","header-below-stick-meta":"","astra-migrate-meta-layouts":"default","ast-page-background-enabled":"default","ast-page-background-meta":{"desktop":{"background-color":"var(--ast-global-color-4)","background-image":"","background-repeat":"repeat","background-position":"center center","background-size":"auto","background-attachment":"scroll","background-type":"","background-media":"","overlay-type":"","overlay-color":"","overlay-opacity":"","overlay-gradient":""},"tablet":{"background-color":"","background-image":"","background-repeat":"repeat","background-position":"center center","background-size":"auto","background-attachment":"scroll","background-type":"","background-media":"","overlay-type":"","overlay-color":"","overlay-opacity":"","overlay-gradient":""},"mobile":{"background-color":"","background-image":"","background-repeat":"repeat","background-position":"center center","background-size":"auto","background-attachment":"scroll","background-type":"","background-media":"","overlay-type":"","overlay-color":"","overlay-opacity":"","overlay-gradient":""}},"ast-content-background-meta":{"desktop":{"background-color":"var(--ast-global-color-5)","background-image":"","background-repeat":"repeat","background-position":"center center","background-size":"auto","background-attachment":"scroll","background-type":"","background-media":"","overlay-type":"","overlay-color":"","overlay-opacity":"","overlay-gradient":""},"tablet":{"background-color":"var(--ast-global-color-5)","background-image":"","background-repeat":"repeat","background-position":"center center","background-size":"auto","background-attachment":"scroll","background-type":"","background-media":"","overlay-type":"","overlay-color":"","overlay-opacity":"","overlay-gradient":""},"mobile":{"background-color":"var(--ast-global-color-5)","background-image":"","background-repeat":"repeat","background-position":"center center","background-size":"auto","background-attachment":"scroll","background-type":"","background-media":"","overlay-type":"","overlay-color":"","overlay-opacity":"","overlay-gradient":""}}},"product_brand":[],"product_cat":[32],"product_tag":[82,93,83,99,1801,87,91,95,72],"class_list":{"0":"post-1126","1":"product","2":"type-product","3":"status-publish","4":"has-post-thumbnail","6":"product_cat-dozzer","7":"product_tag-coil-tattoo-machines","8":"product_tag-custom-tattoo-guns","9":"product_tag-custom-tattoo-machines","10":"product_tag-handmade-tattoo-machines","11":"product_tag-machines-a-tatouer-les-bobines","12":"product_tag-professional-tattoo-machines","13":"product_tag-tattoo-equipment","14":"product_tag-tattoo-guns","15":"product_tag-tattoo-machine-coils","16":"pa_brand-rightstuff","17":"desktop-align-center","18":"tablet-align-left","19":"mobile-align-left","20":"ast-product-gallery-layout-horizontal-slider","21":"ast-product-tabs-layout-horizontal","23":"first","24":"instock","25":"sale","26":"taxable","27":"shipping-taxable","28":"purchasable","29":"product-type-simple"},"_links":{"self":[{"href":"https:\/\/rightstuff.eu\/de\/wp-json\/wp\/v2\/product\/1126","targetHints":{"allow":["GET"]}}],"collection":[{"href":"https:\/\/rightstuff.eu\/de\/wp-json\/wp\/v2\/product"}],"about":[{"href":"https:\/\/rightstuff.eu\/de\/wp-json\/wp\/v2\/types\/product"}],"replies":[{"embeddable":true,"href":"https:\/\/rightstuff.eu\/de\/wp-json\/wp\/v2\/comments?post=1126"}],"version-history":[{"count":0,"href":"https:\/\/rightstuff.eu\/de\/wp-json\/wp\/v2\/product\/1126\/revisions"}],"wp:featuredmedia":[{"embeddable":true,"href":"https:\/\/rightstuff.eu\/de\/wp-json\/wp\/v2\/media\/49306"}],"wp:attachment":[{"href":"https:\/\/rightstuff.eu\/de\/wp-json\/wp\/v2\/media?parent=1126"}],"wp:term":[{"taxonomy":"product_brand","embeddable":true,"href":"https:\/\/rightstuff.eu\/de\/wp-json\/wp\/v2\/product_brand?post=1126"},{"taxonomy":"product_cat","embeddable":true,"href":"https:\/\/rightstuff.eu\/de\/wp-json\/wp\/v2\/product_cat?post=1126"},{"taxonomy":"product_tag","embeddable":true,"href":"https:\/\/rightstuff.eu\/de\/wp-json\/wp\/v2\/product_tag?post=1126"}],"curies":[{"name":"wp","href":"https:\/\/api.w.org\/{rel}","templated":true}]}}