{"id":1124,"date":"2015-09-04T23:00:43","date_gmt":"2015-09-04T20:00:43","guid":{"rendered":"https:\/\/rightstuff.eu\/?post_type=product&#038;p=1124"},"modified":"2025-01-22T01:37:13","modified_gmt":"2025-01-22T00:37:13","slug":"dozzer-colorpacker","status":"publish","type":"product","link":"https:\/\/rightstuff.eu\/de\/produkt\/dozzer-colorpacker\/","title":{"rendered":"DOZZER ColorPacker Tattoo Maschine"},"content":{"rendered":"<p>Die Menschheit hat die T\u00e4towierung schon vor Jahrhunderten erfunden - die ersten Meister dieser alten, aber einzigartigen Kunst verwendeten f\u00fcr ihre Arbeit nur nat\u00fcrliche Farben und begrenzte Farbt\u00f6ne. Heute ist diese Kunst, die auch ein gro\u00dfes Gesch\u00e4ft und ein Hobby f\u00fcr viele K\u00fcnstler ist, \u00e4u\u00dferst beliebt. Dank der modernen bequemen in <a href=\"https:\/\/rightstuff.eu\/product-tag\/tattoo-supplies\/\">Einsatzmittel<\/a> und Spezialtinte in allen Schattierungen hat sich das T\u00e4towieren in das attraktivste Kunstwerk verwandelt. Wenn du einen Mann siehst, dessen K\u00f6rper mit fantastischen, dauerhaften Bildern bedeckt ist, solltest du wissen, dass der Meister, der dieses Meisterwerk geschaffen hat, die DOZZER ColorPacker Tattoo-Maschine oder ein \u00e4hnliches Ger\u00e4t benutzen konnte.<\/p>\n<p>Mit diesem Ger\u00e4t kann ein K\u00fcnstler ganz einfach ein Bild schattieren, indem er die Farben in den gew\u00fcnschten Farben ausw\u00e4hlt. Wenn du dich darin \u00fcbst, farbige Tattoos zu machen und Nadeln von 7 M und mehr zu verwenden, wirst du dieses Ger\u00e4t, das 210 Gramm wiegt und 26 mm lange Spulen hat, lieben.<\/p>","protected":false},"excerpt":{"rendered":"<p>Der Rahmen ist aus einem einzigen St\u00fcck Bronze gefr\u00e4st<br \/>\nHochwertige Coils - 25 mm * 10 Wicklungen<br \/>\nGeschw\u00e4rzter Stahlbeschlag<br \/>\nBevorzugte Nadeln 7m und h\u00f6her<br \/>\nLanger Hub<br \/>\nL\u00e4uft 95hz bei 4,0 Volt - unbelastet<\/p>\n<p>Die Tattoo-Maschine wiegt 210 g.<\/p>","protected":false},"featured_media":49303,"comment_status":"open","ping_status":"closed","template":"","meta":{"site-sidebar-layout":"","site-content-layout":"","ast-site-content-layout":"default","site-content-style":"default","site-sidebar-style":"default","ast-global-header-display":"","ast-banner-title-visibility":"","ast-main-header-display":"","ast-hfb-above-header-display":"","ast-hfb-below-header-display":"","ast-hfb-mobile-header-display":"","site-post-title":"","ast-breadcrumbs-content":"","ast-featured-img":"","footer-sml-layout":"","ast-disable-related-posts":"","theme-transparent-header-meta":"","adv-header-id-meta":"","stick-header-meta":"","header-above-stick-meta":"","header-main-stick-meta":"","header-below-stick-meta":"","astra-migrate-meta-layouts":"default","ast-page-background-enabled":"default","ast-page-background-meta":{"desktop":{"background-color":"var(--ast-global-color-4)","background-image":"","background-repeat":"repeat","background-position":"center center","background-size":"auto","background-attachment":"scroll","background-type":"","background-media":"","overlay-type":"","overlay-color":"","overlay-opacity":"","overlay-gradient":""},"tablet":{"background-color":"","background-image":"","background-repeat":"repeat","background-position":"center center","background-size":"auto","background-attachment":"scroll","background-type":"","background-media":"","overlay-type":"","overlay-color":"","overlay-opacity":"","overlay-gradient":""},"mobile":{"background-color":"","background-image":"","background-repeat":"repeat","background-position":"center center","background-size":"auto","background-attachment":"scroll","background-type":"","background-media":"","overlay-type":"","overlay-color":"","overlay-opacity":"","overlay-gradient":""}},"ast-content-background-meta":{"desktop":{"background-color":"var(--ast-global-color-5)","background-image":"","background-repeat":"repeat","background-position":"center center","background-size":"auto","background-attachment":"scroll","background-type":"","background-media":"","overlay-type":"","overlay-color":"","overlay-opacity":"","overlay-gradient":""},"tablet":{"background-color":"var(--ast-global-color-5)","background-image":"","background-repeat":"repeat","background-position":"center center","background-size":"auto","background-attachment":"scroll","background-type":"","background-media":"","overlay-type":"","overlay-color":"","overlay-opacity":"","overlay-gradient":""},"mobile":{"background-color":"var(--ast-global-color-5)","background-image":"","background-repeat":"repeat","background-position":"center center","background-size":"auto","background-attachment":"scroll","background-type":"","background-media":"","overlay-type":"","overlay-color":"","overlay-opacity":"","overlay-gradient":""}}},"product_brand":[],"product_cat":[32],"product_tag":[82,93,83,99,1801,87,91,95,72],"class_list":{"0":"post-1124","1":"product","2":"type-product","3":"status-publish","4":"has-post-thumbnail","6":"product_cat-dozzer","7":"product_tag-coil-tattoo-machines","8":"product_tag-custom-tattoo-guns","9":"product_tag-custom-tattoo-machines","10":"product_tag-handmade-tattoo-machines","11":"product_tag-machines-a-tatouer-les-bobines","12":"product_tag-professional-tattoo-machines","13":"product_tag-tattoo-equipment","14":"product_tag-tattoo-guns","15":"product_tag-tattoo-machine-coils","16":"pa_brand-rightstuff","17":"desktop-align-center","18":"tablet-align-left","19":"mobile-align-left","20":"ast-product-gallery-layout-horizontal-slider","21":"ast-product-tabs-layout-horizontal","23":"first","24":"instock","25":"sale","26":"taxable","27":"shipping-taxable","28":"purchasable","29":"product-type-simple"},"_links":{"self":[{"href":"https:\/\/rightstuff.eu\/de\/wp-json\/wp\/v2\/product\/1124","targetHints":{"allow":["GET"]}}],"collection":[{"href":"https:\/\/rightstuff.eu\/de\/wp-json\/wp\/v2\/product"}],"about":[{"href":"https:\/\/rightstuff.eu\/de\/wp-json\/wp\/v2\/types\/product"}],"replies":[{"embeddable":true,"href":"https:\/\/rightstuff.eu\/de\/wp-json\/wp\/v2\/comments?post=1124"}],"version-history":[{"count":0,"href":"https:\/\/rightstuff.eu\/de\/wp-json\/wp\/v2\/product\/1124\/revisions"}],"wp:featuredmedia":[{"embeddable":true,"href":"https:\/\/rightstuff.eu\/de\/wp-json\/wp\/v2\/media\/49303"}],"wp:attachment":[{"href":"https:\/\/rightstuff.eu\/de\/wp-json\/wp\/v2\/media?parent=1124"}],"wp:term":[{"taxonomy":"product_brand","embeddable":true,"href":"https:\/\/rightstuff.eu\/de\/wp-json\/wp\/v2\/product_brand?post=1124"},{"taxonomy":"product_cat","embeddable":true,"href":"https:\/\/rightstuff.eu\/de\/wp-json\/wp\/v2\/product_cat?post=1124"},{"taxonomy":"product_tag","embeddable":true,"href":"https:\/\/rightstuff.eu\/de\/wp-json\/wp\/v2\/product_tag?post=1124"}],"curies":[{"name":"wp","href":"https:\/\/api.w.org\/{rel}","templated":true}]}}