{"id":55,"date":"2015-08-26T16:52:43","date_gmt":"2015-08-26T16:52:43","guid":{"rendered":"https:\/\/rightstuff.eu\/?page_id=55"},"modified":"2025-09-17T17:17:04","modified_gmt":"2025-09-17T15:17:04","slug":"terms-and-conditions","status":"publish","type":"page","link":"https:\/\/rightstuff.eu\/de\/terms-and-conditions\/","title":{"rendered":"AGB"},"content":{"rendered":"<p>Allgemeine Gesch\u00e4ftsbedingungen des Online-Shops&nbsp;<strong>rightstuff.eu<\/strong><br>(in Kraft ab 09.01.2023)<\/p>\n\n\n\n<hr class=\"wp-block-separator has-alpha-channel-opacity\"\/>\n\n\n\n<h2 class=\"wp-block-heading\">\u00a71 Allgemeine Bestimmungen<\/h2>\n\n\n\n<ol class=\"wp-block-list\">\n<li>Definitionen:<\/li>\n<\/ol>\n\n\n\n<p>a)&nbsp;<strong>Gesch\u00e4ftstage<\/strong>&nbsp;- an allen Wochentagen von Montag bis Freitag, au\u00dfer an Feiertagen.<\/p>\n\n\n\n<p>b)&nbsp;<strong>Lieferung<\/strong>&nbsp;- die Lieferung der in der Bestellung angegebenen Waren durch den Lieferanten im Namen des Verk\u00e4ufers an den Kunden.<\/p>\n\n\n\n<p>c)&nbsp;<strong>Anbieter<\/strong>&nbsp;- das Unternehmen, das mit dem Verk\u00e4ufer zum Zweck der Warenlieferung zusammenarbeitet, z. B. ein Kurierunternehmen.<\/p>\n\n\n\n<p>d)&nbsp;<strong>Passwort<\/strong>&nbsp;- eine Folge von Buchstaben, Zahlen oder anderen Zeichen, die der Kunde bei der Registrierung im Online-Shop ausw\u00e4hlt und die dazu dient, den Zugang zum Kundenkonto zu sichern.<\/p>\n\n\n\n<p>e)&nbsp;<strong>Hotline<\/strong>&nbsp;- die Telefonnummer +48 579297461, die dem Kunden zur Verf\u00fcgung steht, um sich mit dem Verk\u00e4ufer in Verbindung zu setzen und Informationen zu den abgeschlossenen Kaufvertr\u00e4gen zu erhalten.<\/p>\n\n\n\n<p>f)&nbsp;<strong>Kunde<\/strong>&nbsp;- jede Person, die den Online-Shop nutzt oder einen Kauf beim Verk\u00e4ufer t\u00e4tigt.<\/p>\n\n\n\n<p>g)&nbsp;<strong>Verbraucher<\/strong>&nbsp;- eine nat\u00fcrliche Person, die mit dem Verk\u00e4ufer ein Rechtsgesch\u00e4ft abschlie\u00dft, das nicht unmittelbar mit ihrer gewerblichen oder beruflichen T\u00e4tigkeit zusammenh\u00e4ngt.<\/p>\n\n\n\n<p>h)&nbsp;<strong>Kundenkonto<\/strong>&nbsp;- ein individuelles Panel f\u00fcr jeden Kunden, das der Verk\u00e4ufer nach der Registrierung erstellt und das dem Kunden die Nutzung bestimmter Funktionen des Online-Shops erm\u00f6glicht.<\/p>\n\n\n\n<p>i)&nbsp;<strong>K\u00e4ufer<\/strong>&nbsp;- jede juristische Person, die einen Kauf beim Verk\u00e4ufer t\u00e4tigt.<\/p>\n\n\n\n<p>j)&nbsp;<strong>Unternehmer<\/strong>&nbsp;- eine nat\u00fcrliche Person, eine juristische Person oder eine Organisationseinheit ohne Rechtspers\u00f6nlichkeit, die von Gesetzes wegen rechtsf\u00e4hig ist, die in eigenem Namen eine gesch\u00e4ftliche oder berufliche T\u00e4tigkeit aus\u00fcbt und mit dem Verk\u00e4ufer ein Rechtsgesch\u00e4ft abschlie\u00dft, das unmittelbar mit dieser T\u00e4tigkeit zusammenh\u00e4ngt.<\/p>\n\n\n\n<p>k)&nbsp;<strong>AGB<\/strong>&nbsp;- dieses Dokument.<\/p>\n\n\n\n<p>l)&nbsp;<strong>Anmeldung<\/strong>&nbsp;- die Erstellung eines Kundenkontos im Online-Shop durch den Kunden in der in diesen Allgemeinen Gesch\u00e4ftsbedingungen festgelegten Weise.<\/p>\n\n\n\n<p>m)&nbsp;<strong>Online-Gesch\u00e4ft<\/strong>&nbsp;- die Website&nbsp;<a href=\"http:\/\/www.rightstuff.eu\/\">www.rightstuff.eu<\/a>.<\/p>\n\n\n\n<p>n)&nbsp;<strong>Verk\u00e4ufer<\/strong>&nbsp;-&nbsp;<strong>OLEG MOZHEY<\/strong>, ul. B. Prusa 6\/75, 50-319 Wroc\u0142aw, REGON: 522398369, NIP: PL8982279308, der auch der Inhaber des Online-Shops ist.<\/p>\n\n\n\n<p>o)&nbsp;<strong>Website speichern<\/strong>&nbsp;- die Websites, \u00fcber die der Verk\u00e4ufer den Online-Shop betreibt, unter der Domain&nbsp;<a href=\"http:\/\/www.rightstuff.eu\/\">www.rightstuff.eu<\/a>.<\/p>\n\n\n\n<p>p)&nbsp;<strong>Waren<\/strong>&nbsp;- jedes vom Verk\u00e4ufer \u00fcber die Shop-Website angebotene Produkt, das Gegenstand eines Kaufvertrags sein kann.<\/p>\n\n\n\n<p>q)&nbsp;<strong>Kaufvertrag<\/strong>&nbsp;- ein Fernabsatzvertrag, der unter diesen Bedingungen zwischen dem K\u00e4ufer und dem Verk\u00e4ufer geschlossen wurde.<\/p>\n\n\n\n<ol start=\"2\" class=\"wp-block-list\">\n<li>Diese Allgemeinen Gesch\u00e4ftsbedingungen definieren die Regeln f\u00fcr den Einkauf in dem vom Verk\u00e4ufer betriebenen Online-Shop rightstuff.eu.<\/li>\n\n\n\n<li>Bei Problemen oder Fragen im Zusammenhang mit der Nutzung des Online-Shops kann sich der Kunde an den Verk\u00e4ufer wenden.<\/li>\n\n\n\n<li>Der K\u00e4ufer kann sich an den Verk\u00e4ufer wenden:<br>a) per E-Mail:\u00a0<a href=\"mailto:orders@rightstuff.eu\">orders@rightstuff.eu<\/a><br>b) per Telefon: +48 579297461<br>c) per Post: ul. B. Prusa 6\/75, 50-319 Wroc\u0142aw<\/li>\n\n\n\n<li>Ein K\u00e4ufer kann nur eine voll gesch\u00e4ftsf\u00e4hige juristische oder nat\u00fcrliche Person oder eine nat\u00fcrliche Person mit beschr\u00e4nkter Gesch\u00e4ftsf\u00e4higkeit sein, die ordnungsgem\u00e4\u00df durch einen Bevollm\u00e4chtigten vertreten wird.<\/li>\n\n\n\n<li>Die Lieferungen erfolgen auf dem Gebiet der Republik Polen und in die L\u00e4nder der Europ\u00e4ischen Union.<\/li>\n\n\n\n<li>Voraussetzung f\u00fcr die Erteilung eines Auftrags ist die Kenntnisnahme dieser Bedingungen und die Annahme ihrer Bestimmungen vor Abschluss eines Kaufvertrags oder eines Vertrags \u00fcber elektronische Dienstleistungen.<\/li>\n<\/ol>\n\n\n\n<hr class=\"wp-block-separator has-alpha-channel-opacity\"\/>\n\n\n\n<h2 class=\"wp-block-heading\">\u00a72 Technische Anforderungen<\/h2>\n\n\n\n<ol class=\"wp-block-list\">\n<li>Um die unter diesen Bedingungen angebotenen Dienste nutzen zu k\u00f6nnen, muss der Kunde \u00fcber folgende Voraussetzungen verf\u00fcgen:\n<ul class=\"wp-block-list\">\n<li>Internet Explorer Version nicht \u00e4lter als 7.0,<\/li>\n\n\n\n<li>Mozilla Firefox nicht \u00e4lter als Version 3.0,<\/li>\n\n\n\n<li>Chrome (jede Version), oder<\/li>\n\n\n\n<li>Opera nicht \u00e4lter als Version 2,<br>mit aktiviertem JavaScript.<\/li>\n<\/ul>\n<\/li>\n\n\n\n<li>Der Kunde kann der Verwendung von Cookies zustimmen. Einzelheiten zum Zweck der Speicherung von und des Zugriffs auf Informationen \u00fcber Cookies sowie Optionen f\u00fcr die Speicher- und Zugriffseinstellungen sind in der Datenschutzrichtlinie enthalten.<\/li>\n<\/ol>\n\n\n\n<hr class=\"wp-block-separator has-alpha-channel-opacity\"\/>\n\n\n\n<h2 class=\"wp-block-heading\">\u00a73 Elektronische Dienstleistungen<\/h2>\n\n\n\n<ol class=\"wp-block-list\">\n<li>\u00dcber die Shop-Website stellt der Verk\u00e4ufer die folgenden elektronischen Dienstleistungen kostenlos zur Verf\u00fcgung:<br>a) den Kunden zu erm\u00f6glichen, das Sortiment des Online-Shops zu durchst\u00f6bern,<br>b) Kundenkonto,<br>c) Newsletter-Abonnement.<\/li>\n\n\n\n<li>Der Vertrag \u00fcber den Besuch des Shopsortiments wird f\u00fcr einen bestimmten Zeitraum geschlossen und endet, wenn der Kunde die Shop-Website schlie\u00dft.<\/li>\n\n\n\n<li>Der Kundenkontovertrag wird auf unbestimmte Zeit geschlossen.<\/li>\n\n\n\n<li>Der Newsletter-Servicevertrag wird auf unbestimmte Zeit geschlossen.<\/li>\n\n\n\n<li>Der Kunde ist verpflichtet, den Online-Shop in einer Weise zu nutzen, die mit dem Gesetz und den guten Gepflogenheiten \u00fcbereinstimmt, und die Pers\u00f6nlichkeitsrechte und die Rechte am geistigen Eigentum Dritter zu respektieren.<\/li>\n\n\n\n<li>Dem Kunden ist es untersagt, rechtswidrige Inhalte bereitzustellen.<\/li>\n<\/ol>\n\n\n\n<hr class=\"wp-block-separator has-alpha-channel-opacity\"\/>\n\n\n\n<h2 class=\"wp-block-heading\">\u00a74 Kaufvertrag<\/h2>\n\n\n\n<ol class=\"wp-block-list\">\n<li>Die auf der Shop-Website bereitgestellten Informationen \u00fcber die Waren, insbesondere ihre Beschreibungen, technischen und Leistungsparameter sowie die Preise, stellen eine Aufforderung zum Abschluss eines Vertrags im Sinne von Artikel 71 des B\u00fcrgerlichen Gesetzbuchs dar.<\/li>\n\n\n\n<li>Um eine Bestellung aufzugeben, muss der Kunde das Bestellformular auf der Shop-Website ausf\u00fcllen, die Waren ausw\u00e4hlen und die erforderlichen pers\u00f6nlichen und Lieferdaten angeben.<\/li>\n\n\n\n<li>Bestellungen k\u00f6nnen 24 Stunden am Tag, 7 Tage die Woche aufgegeben werden.<\/li>\n\n\n\n<li>Der Kaufvertrag zwischen dem Kunden und dem Verk\u00e4ufer kommt mit der Best\u00e4tigung der Auftragsannahme durch den Verk\u00e4ufer zustande, die an die E-Mail-Adresse des Kunden gesendet wird.<\/li>\n\n\n\n<li>Der Kaufvertrag wird in englischer Sprache abgeschlossen.<\/li>\n<\/ol>\n\n\n\n<hr class=\"wp-block-separator has-alpha-channel-opacity\"\/>\n\n\n\n<h2 class=\"wp-block-heading\">\u00a75 Preise und Zahlungsmodalit\u00e4ten<\/h2>\n\n\n\n<ol class=\"wp-block-list\">\n<li>Die auf der Shop-Website angegebenen Preise f\u00fcr Waren sind Bruttopreise (einschlie\u00dflich Mehrwertsteuer) und werden je nach Auswahl in Euro (EUR) oder polnischen Z\u0142oty (PLN) angegeben.<\/li>\n\n\n\n<li>Der Gesamtpreis der Waren, einschlie\u00dflich Steuern, Lieferkosten und sonstiger Kosten, wird dem Kunden vor der Bestellung mitgeteilt.<\/li>\n\n\n\n<li>Der Kunde kann zwischen den folgenden Zahlungsarten w\u00e4hlen:<br>a) elektronische Zahlungen \u00fcber verf\u00fcgbare Online-Zahlungssysteme,<br>b) Bank\u00fcberweisung,<br>c) Zahlung mit Karte.<\/li>\n\n\n\n<li>Bei Nichtzahlung durch den Kunden innerhalb von 7 Tagen nach Auftragserteilung wird der Auftrag storniert.<\/li>\n<\/ol>\n\n\n\n<hr class=\"wp-block-separator has-alpha-channel-opacity\"\/>\n\n\n\n<h2 class=\"wp-block-heading\">\u00a76 Lieferung<\/h2>\n\n\n\n<ol class=\"wp-block-list\">\n<li>Die Lieferung von Waren ist auf Polen und andere EU-L\u00e4nder beschr\u00e4nkt.<\/li>\n\n\n\n<li>Die Versandkosten werden jedes Mal auf der Website des Shops und w\u00e4hrend des Bestellvorgangs angegeben.<\/li>\n\n\n\n<li>Die Lieferung erfolgt durch Kurierdienste.<\/li>\n\n\n\n<li>Die Lieferzeit betr\u00e4gt bis zu 14 Werktage, sofern in der Produktbeschreibung nicht anders angegeben.<\/li>\n<\/ol>\n\n\n\n<hr class=\"wp-block-separator has-alpha-channel-opacity\"\/>\n\n\n\n<h2 class=\"wp-block-heading\">\u00a77 Reklamationen<\/h2>\n\n\n\n<ol class=\"wp-block-list\">\n<li>Der Verk\u00e4ufer ist verpflichtet, die Waren frei von M\u00e4ngeln zu liefern.<\/li>\n\n\n\n<li>Der Verk\u00e4ufer haftet gegen\u00fcber dem Kunden, wenn die Ware einen Sach- oder Rechtsmangel aufweist (Gew\u00e4hrleistung).<\/li>\n\n\n\n<li>Eine Beschwerde kann per E-Mail eingereicht werden:\u00a0<a href=\"mailto:orders@rightstuff.eu\">orders@rightstuff.eu<\/a>\u00a0oder schriftlich an die Adresse des Verk\u00e4ufers.<\/li>\n\n\n\n<li>Die Beschwerde sollte Folgendes enthalten:<br>a) die Kontaktangaben des Kunden,<br>b) Informationen \u00fcber die Waren und die Bestellung,<br>c) Beschreibung des Mangels,<br>d) die Forderung des Kunden.<\/li>\n\n\n\n<li>Der Verk\u00e4ufer wird die Beschwerde innerhalb von 14 Tagen nach Erhalt beantworten.<\/li>\n<\/ol>\n\n\n\n<hr class=\"wp-block-separator has-alpha-channel-opacity\"\/>\n\n\n\n<h2 class=\"wp-block-heading\">\u00a78 Gew\u00e4hrleistung<\/h2>\n\n\n\n<ol class=\"wp-block-list\">\n<li>Wenn die Waren von einer Hersteller- oder H\u00e4ndler-Garantie abgedeckt sind, werden die Informationen in der Beschreibung der Waren angegeben.<\/li>\n\n\n\n<li>Die Garantiebedingungen sind in der vom Garantiegeber ausgestellten Garantiekarte aufgef\u00fchrt.<\/li>\n<\/ol>\n\n\n\n<hr class=\"wp-block-separator has-alpha-channel-opacity\"\/>\n\n\n\n<h2 class=\"wp-block-heading\">\u00a79 Haftung<\/h2>\n\n\n\n<ol class=\"wp-block-list\">\n<li>Der Verk\u00e4ufer haftet nicht f\u00fcr Unterbrechungen des Betriebs des Online-Shops, die durch h\u00f6here Gewalt, unbefugte Handlungen Dritter oder Inkompatibilit\u00e4t des Online-Shops mit der technischen Infrastruktur des Kunden verursacht werden.<\/li>\n\n\n\n<li>Der Verk\u00e4ufer haftet nicht f\u00fcr Lieferverz\u00f6gerungen, die durch den Kurier oder die Zollbeh\u00f6rden verursacht werden.<\/li>\n<\/ol>\n\n\n\n<hr class=\"wp-block-separator has-alpha-channel-opacity\"\/>\n\n\n\n<h2 class=\"wp-block-heading\">\u00a710 R\u00fccktritt vom Abkommen<\/h2>\n\n\n\n<ol class=\"wp-block-list\">\n<li>Gem\u00e4\u00df dem Gesetz vom 30. Mai 2014 \u00fcber die Rechte der Verbraucher hat der K\u00e4ufer, der ein Verbraucher ist, das Recht, den Kaufvertrag innerhalb von 14 Tagen ohne Angabe von Gr\u00fcnden zu widerrufen.<\/li>\n\n\n\n<li>Um dieses Recht auszu\u00fcben, muss der Verbraucher eine R\u00fccktrittserkl\u00e4rung per E-Mail oder schriftlich einreichen, wie in \u00a7 1.4 angegeben.<\/li>\n\n\n\n<li>Der Verbraucher ist verpflichtet, die Waren innerhalb von 14 Tagen ab dem Datum des Widerrufs auf eigene Kosten zur\u00fcckzusenden.<\/li>\n\n\n\n<li>Der Verk\u00e4ufer erstattet dem Verbraucher den Kaufpreis einschlie\u00dflich der Versandkosten (soweit gesetzlich vorgeschrieben) innerhalb von 14 Tagen nach Erhalt der zur\u00fcckgesandten Waren oder des Versandnachweises.<\/li>\n\n\n\n<li>Ausnahmen: Das Widerrufsrecht gilt nicht f\u00fcr Waren, die nach der Spezifikation des Verbrauchers angefertigt wurden, f\u00fcr Waren, die nach der Lieferung entsiegelt wurden und aus gesundheitlichen oder hygienischen Gr\u00fcnden nicht zur R\u00fcckgabe geeignet sind, sowie f\u00fcr andere gesetzlich festgelegte Ausnahmen.<\/li>\n<\/ol>\n\n\n\n<hr class=\"wp-block-separator has-alpha-channel-opacity\"\/>\n\n\n\n<h2 class=\"wp-block-heading\">\u00a710a R\u00fcckgabe und Erstattung<\/h2>\n\n\n\n<ol class=\"wp-block-list\">\n<li>Der Verk\u00e4ufer unternimmt alle Anstrengungen, um sicherzustellen, dass alle Waren wie beschrieben und frei von M\u00e4ngeln sind. Wenn die Waren nicht den Erwartungen des K\u00e4ufers entsprechen, k\u00f6nnen sie in \u00dcbereinstimmung mit diesem Abschnitt und dem geltenden Recht zur\u00fcckgegeben werden.<\/li>\n\n\n\n<li>R\u00fccksendungen werden innerhalb von 14 Tagen ab dem Tag, an dem der Verbraucher die Ware erhalten hat, gem\u00e4\u00df \u00a7 10 dieser Allgemeinen Gesch\u00e4ftsbedingungen angenommen.<\/li>\n\n\n\n<li>Zur\u00fcckgegebene Waren m\u00fcssen intakt, vollst\u00e4ndig, in der Originalverpackung (falls zutreffend) und frei von Gebrauchsspuren sein, die \u00fcber das hinausgehen, was zur Feststellung ihrer Beschaffenheit, ihrer Eigenschaften und ihrer Funktionsweise erforderlich ist.<\/li>\n\n\n\n<li>Die R\u00fcckerstattung erfolgt innerhalb von 14 Kalendertagen ab dem Datum, an dem der Verk\u00e4ufer die zur\u00fcckgesandten Waren erhalten hat, oder ab dem Datum, an dem er den Nachweis f\u00fcr den Versand der Waren erhalten hat, je nachdem, welches der fr\u00fchere Zeitpunkt ist.<\/li>\n\n\n\n<li>Die R\u00fcckerstattung erfolgt \u00fcber die gleiche Zahlungsmethode wie die des K\u00e4ufers, es sei denn, der K\u00e4ufer stimmt ausdr\u00fccklich einer anderen Methode zu, die keine zus\u00e4tzlichen Kosten verursacht.<\/li>\n\n\n\n<li>Die Kosten f\u00fcr die R\u00fccksendung gehen zu Lasten des Verbrauchers, es sei denn, die R\u00fccksendung ist auf ein Verschulden des Verk\u00e4ufers zur\u00fcckzuf\u00fchren (z. B. falsche oder mangelhafte Ware).<\/li>\n\n\n\n<li>Der Verk\u00e4ufer akzeptiert keine R\u00fccksendungen per Nachnahme.<\/li>\n\n\n\n<li>Sonderanfertigungen, Hygieneartikel und unverschlossene gesundheitsbezogene Artikel (z. B. ge\u00f6ffnete Kosmetika) k\u00f6nnen nicht zur\u00fcckgegeben werden.<\/li>\n\n\n\n<li>Bei Teilr\u00fccksendungen werden nur die Produktkosten zur\u00fcckerstattet; die Lieferkosten werden nicht zur\u00fcckerstattet, wenn der K\u00e4ufer mindestens ein Produkt aus der Bestellung beh\u00e4lt.<\/li>\n\n\n\n<li><strong>Z\u00f6lle und Steuern:<\/strong>\u00a0Der Verk\u00e4ufer \u00fcbernimmt keine Z\u00f6lle, Einfuhrsteuern oder andere zus\u00e4tzliche Geb\u00fchren, die vom Bestimmungsland erhoben werden. Diese Kosten liegen in der alleinigen Verantwortung des Kunden.<\/li>\n\n\n\n<li><strong>Ablehnung von Parzellen:<\/strong>\u00a0Wenn der Kunde die Annahme des Pakets verweigert oder die Z\u00f6lle\/Steuern nicht begleicht, was zur R\u00fccksendung der Waren an den Verk\u00e4ufer f\u00fchrt, wird der Erstattungsbetrag um folgende Betr\u00e4ge gek\u00fcrzt:<\/li>\n<\/ol>\n\n\n\n<ul class=\"wp-block-list\">\n<li>die tats\u00e4chlichen Transportkosten des Verk\u00e4ufers,<\/li>\n\n\n\n<li>etwaige vom Kurierdienst erhobene R\u00fccksendegeb\u00fchren und<\/li>\n\n\n\n<li>etwaige Z\u00f6lle, Steuern oder Bearbeitungsgeb\u00fchren, die dem Verk\u00e4ufer nach EU- oder lokalem Recht auferlegt werden.<\/li>\n<\/ul>\n\n\n\n<ol start=\"12\" class=\"wp-block-list\">\n<li>Alle Fragen zu R\u00fccksendungen und R\u00fcckerstattungen sollten an folgende Adresse gerichtet werden:\u00a0<a href=\"mailto:orders@rightstuff.eu\">orders@rightstuff.eu<\/a>.<\/li>\n<\/ol>\n\n\n\n<hr class=\"wp-block-separator has-alpha-channel-opacity\"\/>\n\n\n\n<h2 class=\"wp-block-heading\">\u00a711 Schutz personenbezogener Daten<\/h2>\n\n\n\n<p>Die Regeln f\u00fcr den Schutz personenbezogener Daten sind in der Datenschutz- und Cookie-Richtlinie enthalten, die unter folgender Adresse verf\u00fcgbar ist:&nbsp;<a href=\"https:\/\/rightstuff.eu\/privacy-refund-policy\/\">https:\/\/rightstuff.eu\/privacy-refund-policy\/<\/a>.<\/p>\n\n\n\n<hr class=\"wp-block-separator has-alpha-channel-opacity\"\/>\n\n\n\n<h2 class=\"wp-block-heading\">\u00a712 Schlussbestimmungen<\/h2>\n\n\n\n<ol class=\"wp-block-list\">\n<li>Die Kaufvertr\u00e4ge und die Nutzung des Online-Shops, einschlie\u00dflich der Gesch\u00e4fte mit ausl\u00e4ndischen Unternehmern, unterliegen insbesondere dem polnischen Recht:\n<ul class=\"wp-block-list\">\n<li>das Zivilgesetzbuch vom 23. April 1964,<\/li>\n\n\n\n<li>das Gesetz vom 30. Mai 2014 \u00fcber Verbraucherrechte,<\/li>\n\n\n\n<li>und andere geltende EU-Verbraucherschutzvorschriften.<\/li>\n<\/ul>\n<\/li>\n\n\n\n<li>Alle zwischen dem Verk\u00e4ufer und dem Kunden entstehenden Streitigkeiten werden von dem nach geltendem Recht zust\u00e4ndigen Gericht entschieden.<\/li>\n\n\n\n<li>Der Verk\u00e4ufer beh\u00e4lt sich das Recht vor, diese Allgemeinen Gesch\u00e4ftsbedingungen aus triftigen Gr\u00fcnden zu \u00e4ndern, z. B. aufgrund von Gesetzes\u00e4nderungen, \u00c4nderungen der Zahlungs- oder Liefermethoden oder technologischen Aktualisierungen. Die Kunden werden \u00fcber alle \u00c4nderungen auf der Website des Shops informiert.<\/li>\n<\/ol>\n\n\n\n<hr class=\"wp-block-separator has-alpha-channel-opacity\"\/>\n\n\n\n<p><\/p>","protected":false},"excerpt":{"rendered":"<p>Terms and Conditions of the online store&nbsp;rightstuff.eu(in force from 09.01.2023) \u00a71 General Provisions a)&nbsp;Business Days&nbsp;\u2013 days of the week from Monday to Friday, excluding public holidays. b)&nbsp;Delivery&nbsp;\u2013 the act of delivering the Goods specified in the order to the Customer by the Supplier on behalf of the Seller. c)&nbsp;Supplier&nbsp;\u2013 the entity cooperating with the Seller [&hellip;]<\/p>\n","protected":false},"author":1,"featured_media":0,"parent":0,"menu_order":0,"comment_status":"closed","ping_status":"closed","template":"","meta":{"site-sidebar-layout":"default","site-content-layout":"","ast-site-content-layout":"default","site-content-style":"default","site-sidebar-style":"default","ast-global-header-display":"","ast-banner-title-visibility":"","ast-main-header-display":"","ast-hfb-above-header-display":"","ast-hfb-below-header-display":"","ast-hfb-mobile-header-display":"","site-post-title":"","ast-breadcrumbs-content":"","ast-featured-img":"","footer-sml-layout":"","ast-disable-related-posts":"","theme-transparent-header-meta":"","adv-header-id-meta":"","stick-header-meta":"","header-above-stick-meta":"","header-main-stick-meta":"","header-below-stick-meta":"","astra-migrate-meta-layouts":"set","ast-page-background-enabled":"default","ast-page-background-meta":{"desktop":{"background-color":"var(--ast-global-color-4)","background-image":"","background-repeat":"repeat","background-position":"center center","background-size":"auto","background-attachment":"scroll","background-type":"","background-media":"","overlay-type":"","overlay-color":"","overlay-opacity":"","overlay-gradient":""},"tablet":{"background-color":"","background-image":"","background-repeat":"repeat","background-position":"center center","background-size":"auto","background-attachment":"scroll","background-type":"","background-media":"","overlay-type":"","overlay-color":"","overlay-opacity":"","overlay-gradient":""},"mobile":{"background-color":"","background-image":"","background-repeat":"repeat","background-position":"center center","background-size":"auto","background-attachment":"scroll","background-type":"","background-media":"","overlay-type":"","overlay-color":"","overlay-opacity":"","overlay-gradient":""}},"ast-content-background-meta":{"desktop":{"background-color":"var(--ast-global-color-5)","background-image":"","background-repeat":"repeat","background-position":"center center","background-size":"auto","background-attachment":"scroll","background-type":"","background-media":"","overlay-type":"","overlay-color":"","overlay-opacity":"","overlay-gradient":""},"tablet":{"background-color":"var(--ast-global-color-5)","background-image":"","background-repeat":"repeat","background-position":"center center","background-size":"auto","background-attachment":"scroll","background-type":"","background-media":"","overlay-type":"","overlay-color":"","overlay-opacity":"","overlay-gradient":""},"mobile":{"background-color":"var(--ast-global-color-5)","background-image":"","background-repeat":"repeat","background-position":"center center","background-size":"auto","background-attachment":"scroll","background-type":"","background-media":"","overlay-type":"","overlay-color":"","overlay-opacity":"","overlay-gradient":""}},"footnotes":""},"class_list":["post-55","page","type-page","status-publish","hentry"],"_links":{"self":[{"href":"https:\/\/rightstuff.eu\/de\/wp-json\/wp\/v2\/pages\/55","targetHints":{"allow":["GET"]}}],"collection":[{"href":"https:\/\/rightstuff.eu\/de\/wp-json\/wp\/v2\/pages"}],"about":[{"href":"https:\/\/rightstuff.eu\/de\/wp-json\/wp\/v2\/types\/page"}],"author":[{"embeddable":true,"href":"https:\/\/rightstuff.eu\/de\/wp-json\/wp\/v2\/users\/1"}],"replies":[{"embeddable":true,"href":"https:\/\/rightstuff.eu\/de\/wp-json\/wp\/v2\/comments?post=55"}],"version-history":[{"count":0,"href":"https:\/\/rightstuff.eu\/de\/wp-json\/wp\/v2\/pages\/55\/revisions"}],"wp:attachment":[{"href":"https:\/\/rightstuff.eu\/de\/wp-json\/wp\/v2\/media?parent=55"}],"curies":[{"name":"wp","href":"https:\/\/api.w.org\/{rel}","templated":true}]}}