{"id":51,"date":"2015-08-26T16:47:26","date_gmt":"2015-08-26T16:47:26","guid":{"rendered":"https:\/\/rightstuff.eu\/?page_id=51"},"modified":"2023-09-25T20:38:11","modified_gmt":"2023-09-25T18:38:11","slug":"privacy-refund-policy","status":"publish","type":"page","link":"https:\/\/rightstuff.eu\/de\/privacy-refund-policy\/","title":{"rendered":"Datenschutzrichtlinie"},"content":{"rendered":"<div class=\"row\">\n<div class=\"col-xs-12 col-md-6\">\n<p style=\"font-weight: 400;\"><strong>Polityka prywatno\u015bci<\/strong><\/p>\n<p style=\"font-weight: 400;\">W zwi\u0105zku z wej\u015bciem w \u017cycie Rozporz\u0105dzenia Parlamentu Europejskiego i Rady (UE) 2016\/679 z dnia 27 kwietnia 2016 roku w sprawie ochrony os\u00f3b fizycznych w zwi\u0105zku z przetwarzaniem danych osobowych i w sprawie swobodnego przep\u0142ywu takich danych oraz uchylenia dyrektywy 95\/46\/WE (og\u00f3lne rozporz\u0105dzenie o ochronie danych), Dz. Urz. UE L Nr 119, zwanego dalej \"RODO\" - w trosce o komfort i bezpiecze\u0144stwo os\u00f3b, kt\u00f3re powierzaj\u0105 nam swoje dane osobowe, przygotowali\u015bmy dla Pa\u0144stwa informacje dotycz\u0105ce przetwarzanych przez nas Pa\u0144stwa danych osobowych.<\/p>\n<p style=\"font-weight: 400;\">Jako, \u017ce pragniemy zachowa\u0107 przejrzysto\u015b\u0107 w zakresie przekazywanych Pa\u0144stwu informacji, poni\u017cej zamieszczamy informacje dotycz\u0105ce przetwarzania danych osobowych os\u00f3b fizycznych. Prosimy o zapoznanie si\u0119 z ich tre\u015bci\u0105. Przywi\u0105zujemy du\u017c\u0105 wag\u0119 do ochrony Twojej prywatno\u015bci i Twoich danych osobowych.<\/p>\n<p style=\"font-weight: 400;\">W polityce prywatno\u015bci wyja\u015bniamy, w jaki spos\u00f3b wykorzystujemy Pa\u0144stwa dane osobowe. Znajdziecie tu Pa\u0144stwo tak\u017ce informacje o tym, jakie prawa Wam przys\u0142uguj\u0105 w zwi\u0105zku z tym, \u017ce przetwarzamy Wasze dane osobowe, a tak\u017ce o tym w jaki spos\u00f3b mo\u017cecie z tych praw skorzysta\u0107.<\/p>\n<p style=\"font-weight: 400;\">Kto jest kim w polityce prywatno\u015bci?<\/p>\n<p style=\"font-weight: 400;\">My, czyli OLEG MOZHEY, z siedzib\u0105 we Wroclawiu, 50-319 B.Prusa 6\/75.<\/p>\n<p style=\"font-weight: 400;\">Pa\u0144stwo, czyli osoby fizyczne, kt\u00f3rych dane osobowe przetwarzamy.<\/p>\n<p style=\"font-weight: 400;\">Administratorem Pa\u0144stwa danych osobowych jest OLEG MOZHEY, z siedzib\u0105 we Wroclawiu, 50-319 B.Prusa 6\/75, REGON: 522398369, NIP: PL8982279308, (dalej: Administrator lub OLEG MOZHEY).<\/p>\n<p style=\"font-weight: 400;\">W sprawach zwi\u0105zanych z danymi osobowymi, mo\u017cecie Pa\u0144stwo kontaktowa\u0107 si\u0119 z OLEG MOZHEY:<\/p>\n<ul>\n<li style=\"font-weight: 400;\">poczt\u0105 pod adresem B.Prusa 6\/75, 50-319 Wroclaw<\/li>\n<li style=\"font-weight: 400;\">e-mailem pod adresem: orders@rightstuff.eu.<\/li>\n<\/ul>\n<p style=\"font-weight: 400;\">OLEG MOZHEY realizuj\u0105c swoje funkcje biznesowe przetwarza dane osobowe m.in. w nast\u0119puj\u0105cych celach:<\/p>\n<table style=\"font-weight: 400;\">\n<tbody>\n<tr>\n<td>Verfahren (cel) przetwarzania<\/td>\n<td>Podstawa prawna i okres przetwarzania danych<\/td>\n<td>Prawnie uzasadniony interes (je\u015bli wyst\u0119puje)<\/td>\n<\/tr>\n<tr>\n<td>Prowadzenie dzia\u0142a\u0144 marketingowych<\/td>\n<td>Art. 6 ust 1 lit. f) RODODane przetwarza\u0107 b\u0119dziemy w zakresie realizacji prawnie uzasadnionego interesu Administratora - do dnia wniesienia sprzeciwu<\/td>\n<td>Prowadzenie dzia\u0142a\u0144 marketingowych promuj\u0105cych dzia\u0142alno\u015b\u0107 i produkty OLEG MOZHEY, zgodnie z ostatnim zakupem i interesem Klienta<\/td>\n<\/tr>\n<tr>\n<td>Zawarcie i wykonanie umowy z klientem, w zakresie us\u0142ug i produkt\u00f3w oferowanych przez OLEG MOZHEY<\/td>\n<td>Art. 6 ust 1 lit. b) lub Art. 6 ust. 1 lit. c) lub Art. 6 ust. 1 lit. f) RODODane przetwarza\u0107 b\u0119dziemy w celu:<\/p>\n<p>a) w zakresie realizacji umowy - przez okres niezb\u0119dny do wykonania tej umowy,<\/p>\n<p>b) w zakresie wype\u0142niania obowi\u0105zk\u00f3w prawnych ci\u0105\u017c\u0105cych na Administratorze - przez okres niezb\u0119dny do wype\u0142niania tych obowi\u0105zk\u00f3w przez Administratora,<\/p>\n<p>c) w zakresie ustalenia, dochodzenia lub obrony przed roszczeniami - przez okres przedawnienia takich roszcze\u0144 przewidziany przepisami prawa<\/td>\n<td>Ewentualne ustalenie, dochodzenie lub obrona przed roszczeniami<\/td>\n<\/tr>\n<tr>\n<td>Zawarcie i wykonanie umowy z kontrahentem<\/td>\n<td>Art. 6 ust 1 lit. b) lub Art. 6 ust. 1 lit. c) lub Art. 6 ust. 1 lit. f) RODODane przetwarza\u0107 b\u0119dziemy w celu:<\/p>\n<p>a) w zakresie realizacji umowy - przez okres niezb\u0119dny do wykonania tej umowy,<\/p>\n<p>b) w zakresie wype\u0142niania obowi\u0105zk\u00f3w prawnych ci\u0105\u017c\u0105cych na Administratorze - przez okres niezb\u0119dny do wype\u0142niania tych obowi\u0105zk\u00f3w przez Administratora,<\/p>\n<p>c) w zakresie ustalenia, dochodzenia lub obrony przed roszczeniami - przez okres przedawnienia takich roszcze\u0144 przewidziany przepisami prawa<\/td>\n<td>Ewentualne ustalenie, dochodzenie lub obrona przed roszczeniami<\/td>\n<\/tr>\n<tr>\n<td>Dochodzenie roszcze\u0144 lub obrona przed roszczeniami<\/td>\n<td>Art. 6 ust. 1 lit. f) RODODane przetwarza\u0107 b\u0119dziemy do czasu up\u0142ywu termin\u00f3w przedawnienia ewentualnych roszcze\u0144<\/td>\n<td>Ewentualne ustalenie, dochodzenie lub obrona przed roszczeniami<\/td>\n<\/tr>\n<tr>\n<td>Archiwizowanie dokument\u00f3w<\/td>\n<td>Art. 6 ust. 1 lit. c) lub Art. 6 ust. 1 lit. f) RODODane przetwarza\u0107 b\u0119dziemy przez okresy wymagane przepisami prawa dla poszczeg\u00f3lnego rodzaju dokumentacji, np. Dokumenty rozliczeniowe dla cel\u00f3w podatkowych, b\u0119dziemy przetwarza\u0107 przez 5 lat od czasu zako\u0144czenia roku, w kt\u00f3rym zaistnia\u0142 obowi\u0105zek podatkowy oraz dla zabezpieczenia informacji na wypadek prawnej potrzeby wykazania fakt\u00f3w do czasu up\u0142ywu termin\u00f3w przedawnienia ewentualnych roszcze\u0144<\/td>\n<td>Ewentualne ustalenie, dochodzenie lub obrona przed roszczeniami<\/td>\n<\/tr>\n<tr>\n<td>Prowadzenie rekrutacji<\/td>\n<td>Art. 6 ust 1 lit. a) lub Art. 6 ust 1 lit. b) lub Art. 6 ust. 1 lit. c) lub Art. 6 ust. 1 lit. f) RODODane przetwarza\u0107 b\u0119dziemy w celu:<\/p>\n<p>a) do zako\u0144czenia procesu rekrutacji, chyba \u017ce kandydat wyrazi\u0142 zgod\u0119 na przetwarzanie jego danych w przysz\u0142ych procesach rekrutacyjnych - czas ten zwi\u0119kszy si\u0119 do 12 miesi\u0119cy,<\/p>\n<p>b) w zakresie wype\u0142niania obowi\u0105zk\u00f3w prawnych ci\u0105\u017c\u0105cych na Administratorze - przez okres niezb\u0119dny do wype\u0142niania tych obowi\u0105zk\u00f3w przez Administratora,<\/p>\n<p>c) w zakresie ustalenia, dochodzenia lub obrony przed roszczeniami - przez okres przedawnienia takich roszcze\u0144 przewidziany przepisami prawa<\/td>\n<td>Ewentualne ustalenie, dochodzenie lub obrona przed roszczeniami<\/td>\n<\/tr>\n<tr>\n<td>Komunikacja z pe\u0142nomocnikami<\/td>\n<td>Art. 6 ust. 1 lit. f) RODODane przetwarza\u0107 b\u0119dziemy do czasu up\u0142ywu termin\u00f3w przedawnienia ewentualnych roszcze\u0144<\/td>\n<td>Realizacja czynno\u015bci obj\u0119tych zakresem pe\u0142nomocnictwa oraz dochodzenie lub obrona przed roszczeniami<\/td>\n<\/tr>\n<tr>\n<td>Realizacja przychodz\u0105cych zg\u0142osze\u0144<\/td>\n<td>Art. 6 ust. 1 lit. f) RODODane przetwarza\u0107 b\u0119dziemy do czasu up\u0142ywu termin\u00f3w przedawnienia ewentualnych roszcze\u0144<\/td>\n<td>Realizacja zg\u0142oszenia oraz dochodzenie lub obrona przed roszczeniami<\/td>\n<\/tr>\n<tr>\n<td>Prowadzenie profili w ramach medi\u00f3w spo\u0142eczno\u015bciowych - przetwarzanie danych udost\u0119pnionych przez u\u017cytkownika portalu w ramach tego portalu zw. z aktywno\u015bci i obserwowaniem profilu<\/td>\n<td>Art. 6 ust. 1 lit. f) RODO<\/td>\n<td>1) Promowanie marki, produkt\u00f3w i us\u0142ug, budowanie i utrzymanie spo\u0142eczno\u015bci zwi\u0105zanej z OLEG MOZHEY oraz w celu komunikacji2) badanie satysfakcji klient\u00f3w i okre\u015blanie jako\u015bci naszych produkt\u00f3w i us\u0142ug<\/p>\n<p>3) w celach analitycznych<\/td>\n<\/tr>\n<tr>\n<td>Dostarczanie newslettera<\/td>\n<td>Art. 6 ust. 1 lit. f) RODODane przetwarzane do dnia zg\u0142oszenia sprzeciwu lub cofni\u0119cia zgody na otrzymywanie newslettera<\/td>\n<td>Promowanie marki, produkt\u00f3w i us\u0142ug oraz w celu komunikacji. osobom, kt\u00f3re dobrowolnie poda\u0142y dane i zapisa\u0142y si\u0119 do newslettera. OLEG MOZHEY przesy\u0142a takie informacje wy\u0142\u0105cznie w przypadku, gdy U\u017cytkownik wyrazi\u0142 na to zgod\u0119, kt\u00f3r\u0105 mo\u017ce wycofa\u0107 w ka\u017cdym momencie - bez wp\u0142ywu na zgodno\u015b\u0107 z prawem przetwarzania dokonanego przed jej wycofaniem. Podstaw\u0105 prawn\u0105 przetwarzania danych osobowych w zw. z wysy\u0142ka newslettera jest uzasadniony interes OLEG MOZHEY<\/td>\n<\/tr>\n<tr>\n<td>\u015awiadczenie us\u0142ug drog\u0105 elektroniczn\u0105, w tym w zakresie udost\u0119pniania U\u017cytkownikom tre\u015bci gromadzonych w Serwisie, w zw. z zawart\u0105 umow\u0105 oraz za\u0142o\u017cenia i obs\u0142ugi konta internetowego u\u017cytkownika<\/td>\n<td>Art. 6 ust. 1 lit. b) RODODane przetwarza\u0107 b\u0119dziemy w zakresie realizacji umowy - przez okres niezb\u0119dny do wykonania tej umowy<\/td>\n<td><\/td>\n<\/tr>\n<tr>\n<td>Wykonanie badania satysfakcji klienta<\/td>\n<td>Art. 6 ust. 1 lit. f) RODODane odbiorcy przetwarza\u0107 b\u0119dziemy w zakresie realizacji prawnie uzasadnionego interesu OLEG MOZHEY - do dnia wniesienia sprzeciwu<\/td>\n<td>Badanie satysfakcji klient\u00f3w i okre\u015blenie jako\u015bci obs\u0142ugi i produktu<\/td>\n<\/tr>\n<tr>\n<td>Wype\u0142nienie obowi\u0105zk\u00f3w prawnych ci\u0105\u017c\u0105cych na Administratorze, w szczeg\u00f3lno\u015bci przetwarzania w celu wystawienia rachunku lub prowadzenia sprawozdawczo\u015bci finansowej<\/td>\n<td>Art. 6 ust. 1 lit. c) RODODane przetwarza\u0107 b\u0119dziemy przez okres niezb\u0119dny do wype\u0142niania obowi\u0105zk\u00f3w prawnych ci\u0105\u017c\u0105cych na Administratorze<\/td>\n<td><\/td>\n<\/tr>\n<tr>\n<td>Pliki cookies oraz podobna technologia<\/td>\n<td>Art. 6 ust. 1 lit. b) lub Art. 6 ust. 1 lit. f) RODODane przetwarzane s\u0105 przez czas \u015bwiadczenia us\u0142ugi wykonania umowy lub zg\u0142oszenia skutecznego sprzeciwu wzgl\u0119dem przetwarzania danych w przypadkach, gdy podstaw\u0105 prawn\u0105 przetwarzania danych jest prawnie uzasadniony interes Administratora<\/td>\n<td>Podstaw\u0105 prawn\u0105 przetwarzania danych w zwi\u0105zku ze stosowaniem niezb\u0119dnych plik\u00f3w cookies jest niezb\u0119dno\u015b\u0107 przetwarzania do wykonania umowy. Podstaw\u0105 prawn\u0105 przetwarzania danych osobowych w zw. ze stosowaniem pozosta\u0142ych rodzaj\u00f3w plik\u00f3w cookies jest uzasadniony interes OLEG MOZHEY, polegaj\u0105cy na zapewnieniu najwy\u017cszej jako\u015bci us\u0142ug \u015bwiadczonych w Serwisie<\/td>\n<\/tr>\n<tr>\n<td>Kontakt w sprawie niedoko\u0144czonych zakup\u00f3w<\/td>\n<td>Art. 6 ust. 1 lit. f) RODODane odbiorcy przetwarza\u0107 b\u0119dziemy w zakresie realizacji prawnie uzasadnionego interesu OLEG MOZHEY - do dnia wniesienia sprzeciwu<\/td>\n<td>Odpowied\u017a na dzia\u0142ania podj\u0119te przez klienta w celu dokonania zakup\u00f3w<\/td>\n<\/tr>\n<\/tbody>\n<\/table>\n<p style=\"font-weight: 400;\"><strong>Informacje Handlowe - Newsletter i Newsletter SMS<\/strong><\/p>\n<p style=\"font-weight: 400;\">U\u017cytkownik po zaznaczeniu checkbox\u00f3w dotycz\u0105cych odpowiednich zg\u00f3d, ma mo\u017cliwo\u015b\u0107 subskrybowania naszego Newslettera poprzez podanie adresu e-mail lub numeru telefonu, co stanowi o wyra\u017ceniu zgody na otrzymywanie korespondencji zawieraj\u0105cej informacje handlowe pochodz\u0105cej wy\u0142\u0105cznie od OLEG MOZHEY, z siedzib\u0105 we Wroclawiu, 50-319 B.Prusa 6\/75 - drog\u0105 mailow\u0105 lub za pomoc\u0105 wiadomo\u015bci SMS. W ten spos\u00f3b informujemy U\u017cytkownika o naszych najnowszych ofertach (np. nowo\u015bciach, promocjach czy wyprzeda\u017cach). W celu przygotowania informacji dopasowanej do U\u017cytkownika korzystamy z plik\u00f3w cookies (szerzej o plikach cookies w \"Polityce Cookies\"). Je\u017celi U\u017cytkownik poda\u0142 nam swoj\u0105 dat\u0119 urodzenia, mo\u017cemy przygotowa\u0107 dla niego np. ofert\u0119 urodzinow\u0105.<\/p>\n<p style=\"font-weight: 400;\">Wenn du dich f\u00fcr den Newsletter entscheidest, kannst du den Link zu den Newslettern nutzen.<\/p>\n<p style=\"font-weight: 400;\">OLEG MOZHEY ka\u017cdorazowo w swoich klauzulach informacyjnych przekazywanych Pa\u0144stwu, informuje szczeg\u00f3\u0142owo o odbiorcach Pa\u0144stwa danych. W przypadku portali i stron pozwalaj\u0105cych na wyra\u017cenie opinii o OLEG MOZHEY prowadzonych w portalach spo\u0142eczno\u015bciowych i innych og\u00f3lnodost\u0119pnych serwisach, odbiorcami danych mog\u0105 by\u0107 inni u\u017cytkownicy tych serwis\u00f3w.<\/p>\n<p style=\"font-weight: 400;\">Podanie danych jest niezb\u0119dne np. do zawierania um\u00f3w i wype\u0142niania obowi\u0105zk\u00f3w prawnych. Pa\u0144stwa dane osobowe mog\u0105 by\u0107 udost\u0119pniane OLEG MOZHEY przez podmiot, z kt\u00f3rym OLEG MOZHEY zawar\u0142o umow\u0119. W pozosta\u0142ym zakresie podanie danych jest dobrowolne, ale mo\u017ce by\u0107 niezb\u0119dne do realizacji oferowanych us\u0142ug.<\/p>\n<p style=\"font-weight: 400;\">Nie przetwarzamy danych osobowych w spos\u00f3b ca\u0142kowicie zautomatyzowany (w tym w formie profilowania). Decyzj\u0119 o dostarczeniu konkretnej informacji podejmuje ostatecznie pracownik Administratora.<\/p>\n<p style=\"font-weight: 400;\">Odbiorcami danych osobowych mog\u0105 by\u0107 pracownicy i wsp\u00f3\u0142pracownicy OLEG MOZHEY i podmioty \u015bwiadcz\u0105ce na rzecz OLEG MOZHEY r\u00f3\u017cnego rodzaju us\u0142ugi oraz m.in.: Firmy Windykacyjne, Firmy Marketingowe, Banki, Platformy P\u0142atnicze, Operatorzy Pocztowi, Przewo\u017anicy, Firmy drukuj\u0105ce korespondencj\u0119 lub obs\u0142uguj\u0105ce korespondencj\u0119 otrzymywan\u0105 od Klient\u00f3w, biura informacji gospodarczej, firmy archiwizuj\u0105ce dokumenty, partnerzy \u015bwiadcz\u0105cy us\u0142ugi informatyczne, techniczne, prawne i doradcze.<\/p>\n<p style=\"font-weight: 400;\">OLEG MOZHEY zastrzega sobie prawo do prowadzenia konkurs\u00f3w oraz organizowania wydarze\u0144 i podejmowania innych inicjatyw. In diesem Fall werden die Informationen in den entsprechenden Dokumenten und in den entsprechenden Regelwerken festgehalten.<\/p>\n<p style=\"font-weight: 400;\">Ka\u017cdej osobie fizycznej, kt\u00f3rej dane s\u0105 przetwarzane przys\u0142uguj\u0105 prawa wynikaj\u0105ce z obowi\u0105zuj\u0105cych przepis\u00f3w tj. mo\u017cliwo\u015b\u0107 zg\u0142oszenia wniosku o:<\/p>\n<ul style=\"font-weight: 400;\">\n<li>dost\u0119p do swoich danych osobowych,<\/li>\n<li>usuni\u0119cie swoich danych osobowych,<\/li>\n<li>sprostowanie swoich danych osobowych,<\/li>\n<li>wniesienie sprzeciwu wobec przetwarzania swoich danych osobowych,<\/li>\n<li>ograniczenie przetwarzania swoich danych osobowych,<\/li>\n<li>przeniesienie swoich danych osobowych,<\/li>\n<li>cofni\u0119cie zgody na przetwarzania danych osobowych w dowolnym momencie, bez wp\u0142ywu na zgodno\u015b\u0107 z prawem przetwarzania, kt\u00f3rego dokonano na podstawie zgody przed jej cofni\u0119ciem, je\u017celi przetwarzanie danych osobowych odbywa si\u0119 na podstawie zgody na przetwarzanie danych osobowych - Art. 6 ust. 1 lit. a RODO.<\/li>\n<\/ul>\n<p style=\"font-weight: 400;\">Osobom fizycznym przys\u0142uguje prawo wniesienia skargi do organu nadzorczego zajmuj\u0105cego si\u0119 ochron\u0105 danych osobowych (Prezesa Urz\u0119du Ochrony Danych Osobowych). Szczeg\u00f3\u0142owe informacje w tym zakresie mo\u017cecie Pa\u0144stwo uzyska\u0107 na stronie internetowej: www.uodo.gov.pl.<\/p>\n<p style=\"font-weight: 400;\">Pana\/Pani dane osobowe uzyskujemy przede wszystkim od Pana\/Pani. Podaje je nam Pan\/Pani podczas rejestracji w naszym serwisie rightstuff.eu oraz zapisuj\u0105c si\u0119 na newsletter w naszym serwisie. Dodatkowe dane osobowe, dotycz\u0105ce np. adresu zamieszkania lub numeru NIP, otrzymujemy od Pana\/Pani w zwi\u0105zku z realizacj\u0105 transakcji sprzeda\u017cy przedmiot\u00f3w i\/lub us\u0142ug za po\u015brednictwem naszego serwisu. Pana\/Pani dane uzyskujemy r\u00f3wnie\u017c w zwi\u0105zku z rezerwacj\u0105 towar\u00f3w, sk\u0142adanymi przez Pana\/Pani\u0105 reklamacjami oraz w ramach Pana\/Pani kontaktu z naszymi konsultantami.<\/p>\n<p style=\"font-weight: 400;\">Pana\/Pani dane osobowe mog\u0105 nam r\u00f3wnie\u017c zosta\u0107 przekazane przez podmioty trzecie, w tym na Pana\/Pani pro\u015bb\u0119. Dotyczy to np. sytuacji, w kt\u00f3rej Pan\/Pani chce si\u0119 zarejestrowa\u0107 w naszym serwisie z wykorzystaniem funkcjonalno\u015bci medi\u00f3w spo\u0142eczno\u015bciowych i naszych partner\u00f3w:<\/p>\n<p style=\"font-weight: 400;\">1) Facebook<\/p>\n<p style=\"font-weight: 400;\">2) Google Analytics und Google Ads<\/p>\n<p style=\"font-weight: 400;\">3) Instagram<\/p>\n<p style=\"font-weight: 400;\">W przypadku korzystania z mo\u017cliwo\u015bci zalogowania si\u0119 z wykorzystaniem funkcjonalno\u015bci kt\u00f3regokolwiek z powy\u017cszych partner\u00f3w, najpierw zostanie Pan\/Pani przez niego poproszony\/a o potwierdzenie, \u017ce mo\u017ce on przekaza\u0107 nam Pana\/Pani dane w zakresie niezb\u0119dnym do rejestracji w serwisie. Za Pana\/Pani zgod\u0105 partner przeka\u017ce nam cz\u0119\u015b\u0107 Pana\/Pani danych dla potrzeb rejestracji w naszym serwisie. Dla doko\u0144czenia procesu rejestracji konieczne mo\u017ce by\u0107 uzupe\u0142nienie Pana\/Pani profilu o dodatkowe dane osobowe. Po za\u0142o\u017ceniu konta w naszym serwisie b\u0119dzie Pan\/Pani m\u00f3g\u0142 logowa\u0107 si\u0119 do naszego sklepu z wykorzystaniem funkcjonalno\u015bci oferowanych przez naszych partner\u00f3w.<\/p>\n<p style=\"font-weight: 400;\">\n<\/div>\n<\/div>","protected":false},"excerpt":{"rendered":"<p>Polityka prywatno\u015bci W zwi\u0105zku z wej\u015bciem w \u017cycie Rozporz\u0105dzenia Parlamentu Europejskiego i Rady (UE) 2016\/679 z dnia 27 kwietnia 2016 roku w sprawie ochrony os\u00f3b fizycznych w zwi\u0105zku z przetwarzaniem danych osobowych i w sprawie swobodnego przep\u0142ywu takich danych oraz uchylenia dyrektywy 95\/46\/WE (og\u00f3lne rozporz\u0105dzenie o ochronie danych), Dz. Urz. UE L Nr 119, zwanego [&hellip;]<\/p>\n","protected":false},"author":1,"featured_media":0,"parent":0,"menu_order":0,"comment_status":"closed","ping_status":"closed","template":"","meta":{"site-sidebar-layout":"default","site-content-layout":"","ast-site-content-layout":"default","site-content-style":"default","site-sidebar-style":"default","ast-global-header-display":"","ast-banner-title-visibility":"","ast-main-header-display":"","ast-hfb-above-header-display":"","ast-hfb-below-header-display":"","ast-hfb-mobile-header-display":"","site-post-title":"","ast-breadcrumbs-content":"","ast-featured-img":"","footer-sml-layout":"","ast-disable-related-posts":"","theme-transparent-header-meta":"","adv-header-id-meta":"","stick-header-meta":"","header-above-stick-meta":"","header-main-stick-meta":"","header-below-stick-meta":"","astra-migrate-meta-layouts":"set","ast-page-background-enabled":"default","ast-page-background-meta":{"desktop":{"background-color":"var(--ast-global-color-4)","background-image":"","background-repeat":"repeat","background-position":"center center","background-size":"auto","background-attachment":"scroll","background-type":"","background-media":"","overlay-type":"","overlay-color":"","overlay-opacity":"","overlay-gradient":""},"tablet":{"background-color":"","background-image":"","background-repeat":"repeat","background-position":"center center","background-size":"auto","background-attachment":"scroll","background-type":"","background-media":"","overlay-type":"","overlay-color":"","overlay-opacity":"","overlay-gradient":""},"mobile":{"background-color":"","background-image":"","background-repeat":"repeat","background-position":"center center","background-size":"auto","background-attachment":"scroll","background-type":"","background-media":"","overlay-type":"","overlay-color":"","overlay-opacity":"","overlay-gradient":""}},"ast-content-background-meta":{"desktop":{"background-color":"var(--ast-global-color-5)","background-image":"","background-repeat":"repeat","background-position":"center center","background-size":"auto","background-attachment":"scroll","background-type":"","background-media":"","overlay-type":"","overlay-color":"","overlay-opacity":"","overlay-gradient":""},"tablet":{"background-color":"var(--ast-global-color-5)","background-image":"","background-repeat":"repeat","background-position":"center center","background-size":"auto","background-attachment":"scroll","background-type":"","background-media":"","overlay-type":"","overlay-color":"","overlay-opacity":"","overlay-gradient":""},"mobile":{"background-color":"var(--ast-global-color-5)","background-image":"","background-repeat":"repeat","background-position":"center center","background-size":"auto","background-attachment":"scroll","background-type":"","background-media":"","overlay-type":"","overlay-color":"","overlay-opacity":"","overlay-gradient":""}},"footnotes":""},"class_list":["post-51","page","type-page","status-publish","hentry"],"_links":{"self":[{"href":"https:\/\/rightstuff.eu\/de\/wp-json\/wp\/v2\/pages\/51","targetHints":{"allow":["GET"]}}],"collection":[{"href":"https:\/\/rightstuff.eu\/de\/wp-json\/wp\/v2\/pages"}],"about":[{"href":"https:\/\/rightstuff.eu\/de\/wp-json\/wp\/v2\/types\/page"}],"author":[{"embeddable":true,"href":"https:\/\/rightstuff.eu\/de\/wp-json\/wp\/v2\/users\/1"}],"replies":[{"embeddable":true,"href":"https:\/\/rightstuff.eu\/de\/wp-json\/wp\/v2\/comments?post=51"}],"version-history":[{"count":0,"href":"https:\/\/rightstuff.eu\/de\/wp-json\/wp\/v2\/pages\/51\/revisions"}],"wp:attachment":[{"href":"https:\/\/rightstuff.eu\/de\/wp-json\/wp\/v2\/media?parent=51"}],"curies":[{"name":"wp","href":"https:\/\/api.w.org\/{rel}","templated":true}]}}