{"id":31051,"date":"2018-04-12T12:27:09","date_gmt":"2018-04-12T09:27:09","guid":{"rendered":"https:\/\/rightstuff.eu\/?page_id=31051"},"modified":"2018-06-26T10:09:58","modified_gmt":"2018-06-26T07:09:58","slug":"discounts","status":"publish","type":"page","link":"https:\/\/rightstuff.eu\/de\/discounts\/","title":{"rendered":"Erm\u00e4\u00dfigungen"},"content":{"rendered":"<p>Irgendwann kommt der Zeitpunkt, an dem jeder dar\u00fcber nachdenkt, wie er sein Budget schonen kann, und wir alle wissen, dass dieses Thema bei st\u00e4ndig steigenden Preisen besonders wichtig ist. Dann fangen wir an, uns die Preislisten in Online-Shops anzuschauen und nach allen m\u00f6glichen Verk\u00e4ufen und Sonderangeboten f\u00fcr die Waren zu suchen, an denen wir interessiert sind.<\/p>\n<p>Auf unserer Seite findest du viele n\u00fctzliche Informationen \u00fcber die Aktionen und Verk\u00e4ufe auf der Tattoo-Maschine aus eigener Produktion und Tattoo-Zubeh\u00f6r! Wir sind dankbar, dass du unser Kunde geworden bist und wir werden alles M\u00f6gliche und Unm\u00f6gliche versuchen, um deine Eink\u00e4ufe profitabel zu machen.<\/p>\n<p>Au\u00dferdem haben wir eine Menge hilfreicher und erkenntnisreicher Artikel \u00fcber das Produkt und verschiedene Artikel zum Thema Tattoo ver\u00f6ffentlicht.<\/p>\n<p>Alle Rabatte und Aktionen werden st\u00e4ndig aktualisiert, schau auf der Seite Rightstuff.eu vorbei und verpasse deine Vorteile nicht!<\/p>\n<p>Du kannst dir absolut sicher sein, dass du mit der Anschaffung professioneller Ausr\u00fcstung f\u00fcr das T\u00e4towieren f\u00fcr maximalen Komfort bei der Arbeit sorgst und deinen Kunden hervorragende Ergebnisse nach ihren W\u00fcnschen lieferst.<\/p>","protected":false},"excerpt":{"rendered":"<p>There comes a time when everyone starts to think about saving the budget, and we all understand that at constantly rising prices this issue is especially relevant. Then we start looking at price lists in online stores, looking for all sorts of sales and promotions for the goods we are interested in. On our site [&hellip;]<\/p>\n","protected":false},"author":1,"featured_media":0,"parent":0,"menu_order":0,"comment_status":"closed","ping_status":"closed","template":"","meta":{"site-sidebar-layout":"default","site-content-layout":"","ast-site-content-layout":"default","site-content-style":"default","site-sidebar-style":"default","ast-global-header-display":"","ast-banner-title-visibility":"","ast-main-header-display":"","ast-hfb-above-header-display":"","ast-hfb-below-header-display":"","ast-hfb-mobile-header-display":"","site-post-title":"","ast-breadcrumbs-content":"","ast-featured-img":"","footer-sml-layout":"","ast-disable-related-posts":"","theme-transparent-header-meta":"","adv-header-id-meta":"","stick-header-meta":"","header-above-stick-meta":"","header-main-stick-meta":"","header-below-stick-meta":"","astra-migrate-meta-layouts":"default","ast-page-background-enabled":"default","ast-page-background-meta":{"desktop":{"background-color":"var(--ast-global-color-4)","background-image":"","background-repeat":"repeat","background-position":"center center","background-size":"auto","background-attachment":"scroll","background-type":"","background-media":"","overlay-type":"","overlay-color":"","overlay-opacity":"","overlay-gradient":""},"tablet":{"background-color":"","background-image":"","background-repeat":"repeat","background-position":"center center","background-size":"auto","background-attachment":"scroll","background-type":"","background-media":"","overlay-type":"","overlay-color":"","overlay-opacity":"","overlay-gradient":""},"mobile":{"background-color":"","background-image":"","background-repeat":"repeat","background-position":"center center","background-size":"auto","background-attachment":"scroll","background-type":"","background-media":"","overlay-type":"","overlay-color":"","overlay-opacity":"","overlay-gradient":""}},"ast-content-background-meta":{"desktop":{"background-color":"var(--ast-global-color-5)","background-image":"","background-repeat":"repeat","background-position":"center center","background-size":"auto","background-attachment":"scroll","background-type":"","background-media":"","overlay-type":"","overlay-color":"","overlay-opacity":"","overlay-gradient":""},"tablet":{"background-color":"var(--ast-global-color-5)","background-image":"","background-repeat":"repeat","background-position":"center center","background-size":"auto","background-attachment":"scroll","background-type":"","background-media":"","overlay-type":"","overlay-color":"","overlay-opacity":"","overlay-gradient":""},"mobile":{"background-color":"var(--ast-global-color-5)","background-image":"","background-repeat":"repeat","background-position":"center center","background-size":"auto","background-attachment":"scroll","background-type":"","background-media":"","overlay-type":"","overlay-color":"","overlay-opacity":"","overlay-gradient":""}},"footnotes":""},"class_list":["post-31051","page","type-page","status-publish","hentry"],"_links":{"self":[{"href":"https:\/\/rightstuff.eu\/de\/wp-json\/wp\/v2\/pages\/31051","targetHints":{"allow":["GET"]}}],"collection":[{"href":"https:\/\/rightstuff.eu\/de\/wp-json\/wp\/v2\/pages"}],"about":[{"href":"https:\/\/rightstuff.eu\/de\/wp-json\/wp\/v2\/types\/page"}],"author":[{"embeddable":true,"href":"https:\/\/rightstuff.eu\/de\/wp-json\/wp\/v2\/users\/1"}],"replies":[{"embeddable":true,"href":"https:\/\/rightstuff.eu\/de\/wp-json\/wp\/v2\/comments?post=31051"}],"version-history":[{"count":0,"href":"https:\/\/rightstuff.eu\/de\/wp-json\/wp\/v2\/pages\/31051\/revisions"}],"wp:attachment":[{"href":"https:\/\/rightstuff.eu\/de\/wp-json\/wp\/v2\/media?parent=31051"}],"curies":[{"name":"wp","href":"https:\/\/api.w.org\/{rel}","templated":true}]}}